{"id":2044,"date":"2025-10-10T12:36:13","date_gmt":"2025-10-10T12:36:13","guid":{"rendered":"https:\/\/uhmwpemanufacture.com\/?post_type=product&#038;p=2044"},"modified":"2025-10-10T12:36:13","modified_gmt":"2025-10-10T12:36:13","slug":"customized-polyethylene-floor-ball-dasher-boards-wholesale","status":"publish","type":"product","link":"https:\/\/uhmwpemanufacture.com\/pt\/customized-polyethylene-floor-ball-dasher-boards-wholesale\/","title":{"rendered":"Placas de polietileno personalizadas para ch\u00e3o com bola por atacado"},"content":{"rendered":"<h2>Pranchas de polietileno personalizadas para bolas de ch\u00e3o por atacado<\/h2>\n<p>Placas redondas de polietileno de primeira qualidade para pavimentos, desenvolvidas para durabilidade, versatilidade e seguran\u00e7a em campos de actividades desportivas e centros de treino. Fabricadas a partir de materiais HDPE ou UHMWPE, estas placas oferecem uma superf\u00edcie lisa e resistente ao impacto que garante uma recupera\u00e7\u00e3o regular da esfera e a prote\u00e7\u00e3o do jogador. Leves mas s\u00f3lidas, s\u00e3o simples de montar, resistentes \u00e0s intemp\u00e9ries e adequadas tanto para uso interior como exterior. Dispon\u00edveis em dimens\u00f5es, tonalidades e designs personalizados para se adaptarem a determinados designs de rinque ou campo, estas placas s\u00e3o ideais para o floorball especializado, treino de h\u00f3quei e aplica\u00e7\u00f5es desportivas polivalentes.<\/p>","protected":false},"excerpt":{"rendered":"<p>Placas de polietileno dur\u00e1veis para bolas no ch\u00e3o, concebidas para recintos desportivos e centros de treino. Fabricadas em HDPE ou UHMWPE, oferecem resist\u00eancia ao impacto, ressalto suave e f\u00e1cil instala\u00e7\u00e3o para utiliza\u00e7\u00e3o no interior e no exterior. Tamanhos e designs personalizados dispon\u00edveis para aplica\u00e7\u00f5es profissionais.<\/p>","protected":false},"featured_media":2052,"template":"","meta":{"_gspb_post_css":""},"product_brand":[],"product_cat":[29,33],"product_tag":[248,82,385],"class_list":{"0":"post-2044","1":"product","2":"type-product","3":"status-publish","4":"has-post-thumbnail","6":"product_cat-ice-rink-products","7":"product_cat-floor-ball-dasher-boards","8":"product_tag-floorball-dasher-boards","9":"product_tag-polyethylene-boards","10":"product_tag-sports-equipment","12":"first","13":"instock","14":"shipping-taxable","15":"product-type-simple"},"_links":{"self":[{"href":"https:\/\/uhmwpemanufacture.com\/pt\/wp-json\/wp\/v2\/product\/2044","targetHints":{"allow":["GET"]}}],"collection":[{"href":"https:\/\/uhmwpemanufacture.com\/pt\/wp-json\/wp\/v2\/product"}],"about":[{"href":"https:\/\/uhmwpemanufacture.com\/pt\/wp-json\/wp\/v2\/types\/product"}],"wp:featuredmedia":[{"embeddable":true,"href":"https:\/\/uhmwpemanufacture.com\/pt\/wp-json\/wp\/v2\/media\/2052"}],"wp:attachment":[{"href":"https:\/\/uhmwpemanufacture.com\/pt\/wp-json\/wp\/v2\/media?parent=2044"}],"wp:term":[{"taxonomy":"product_brand","embeddable":true,"href":"https:\/\/uhmwpemanufacture.com\/pt\/wp-json\/wp\/v2\/product_brand?post=2044"},{"taxonomy":"product_cat","embeddable":true,"href":"https:\/\/uhmwpemanufacture.com\/pt\/wp-json\/wp\/v2\/product_cat?post=2044"},{"taxonomy":"product_tag","embeddable":true,"href":"https:\/\/uhmwpemanufacture.com\/pt\/wp-json\/wp\/v2\/product_tag?post=2044"}],"curies":[{"name":"wp","href":"https:\/\/api.w.org\/{rel}","templated":true}]}}