{"id":2073,"date":"2025-10-11T01:46:23","date_gmt":"2025-10-11T01:46:23","guid":{"rendered":"https:\/\/uhmwpemanufacture.com\/?post_type=product&#038;p=2073"},"modified":"2025-10-11T01:46:23","modified_gmt":"2025-10-11T01:46:23","slug":"truck-jack-leg-stabilizer-pad-bigfoot-crane-outrigger-pads","status":"publish","type":"product","link":"https:\/\/uhmwpemanufacture.com\/pt\/truck-jack-leg-stabilizer-pad-bigfoot-crane-outrigger-pads\/","title":{"rendered":"Almofada estabilizadora de perna de macaco de cami\u00e3o Almofadas de estabilizador de guindaste Bigfoot Crane"},"content":{"rendered":"<h2 id=\"vehicle-jack-leg-stabilizer-pad-bigfoot-crane-outrigger-pads\">Almofada estabilizadora da perna do macaco para ve\u00edculos Almofadas para guindaste Bigfoot Crane Outrigger<\/h2>\n<p>Estas almofadas estabilizadoras dur\u00e1veis e pretas oferecem uma base s\u00f3lida para macacos de cami\u00e3o e estabilizadores de grua. Dispon\u00edveis em formas redondas e rectangulares, incluem uma gest\u00e3o de cabos sem complica\u00e7\u00f5es com pegas amigas do ambiente para uma f\u00e1cil portabilidade e coloca\u00e7\u00e3o. Fabricados para uma utiliza\u00e7\u00e3o robusta, ajudam a dispersar o peso de forma igual, aumentando a estabilidade e a seguran\u00e7a durante as opera\u00e7\u00f5es de eleva\u00e7\u00e3o. A constru\u00e7\u00e3o robusta garante um desempenho duradouro em v\u00e1rios ambientes dif\u00edceis.<\/p>","protected":false},"excerpt":{"rendered":"<p>Estas almofadas estabilizadoras pretas e duradouras proporcionam uma base s\u00f3lida para macacos de cami\u00e3o e almofadas de guindaste. Dispon\u00edveis em formas redondas e rectangulares, possuem pegas de corda pr\u00e1ticas com pegas verdes para uma f\u00e1cil portabilidade. Concebidas para utiliza\u00e7\u00e3o em trabalhos pesados, aumentam a estabilidade e a seguran\u00e7a durante as opera\u00e7\u00f5es de eleva\u00e7\u00e3o gra\u00e7as \u00e0 sua constru\u00e7\u00e3o robusta.<\/p>","protected":false},"featured_media":2086,"template":"","meta":{"_gspb_post_css":""},"product_brand":[],"product_cat":[15,20],"product_tag":[388,256,387],"class_list":{"0":"post-2073","1":"product","2":"type-product","3":"status-publish","4":"has-post-thumbnail","6":"product_cat-uhmwpe-hdpe-sheets-plates","7":"product_cat-crane-outrigger-pads","8":"product_tag-crane-accessories","9":"product_tag-outrigger-pads","10":"product_tag-stabilizer-pads","12":"first","13":"instock","14":"shipping-taxable","15":"product-type-simple"},"_links":{"self":[{"href":"https:\/\/uhmwpemanufacture.com\/pt\/wp-json\/wp\/v2\/product\/2073","targetHints":{"allow":["GET"]}}],"collection":[{"href":"https:\/\/uhmwpemanufacture.com\/pt\/wp-json\/wp\/v2\/product"}],"about":[{"href":"https:\/\/uhmwpemanufacture.com\/pt\/wp-json\/wp\/v2\/types\/product"}],"wp:featuredmedia":[{"embeddable":true,"href":"https:\/\/uhmwpemanufacture.com\/pt\/wp-json\/wp\/v2\/media\/2086"}],"wp:attachment":[{"href":"https:\/\/uhmwpemanufacture.com\/pt\/wp-json\/wp\/v2\/media?parent=2073"}],"wp:term":[{"taxonomy":"product_brand","embeddable":true,"href":"https:\/\/uhmwpemanufacture.com\/pt\/wp-json\/wp\/v2\/product_brand?post=2073"},{"taxonomy":"product_cat","embeddable":true,"href":"https:\/\/uhmwpemanufacture.com\/pt\/wp-json\/wp\/v2\/product_cat?post=2073"},{"taxonomy":"product_tag","embeddable":true,"href":"https:\/\/uhmwpemanufacture.com\/pt\/wp-json\/wp\/v2\/product_tag?post=2073"}],"curies":[{"name":"wp","href":"https:\/\/api.w.org\/{rel}","templated":true}]}}