{"id":2074,"date":"2025-10-11T01:40:25","date_gmt":"2025-10-11T01:40:25","guid":{"rendered":"https:\/\/uhmwpemanufacture.com\/?post_type=product&#038;p=2074"},"modified":"2025-10-11T01:40:25","modified_gmt":"2025-10-11T01:40:25","slug":"dura-base-ground-protection-mat-composite-road-plates-dealer","status":"publish","type":"product","link":"https:\/\/uhmwpemanufacture.com\/pt\/dura-base-ground-protection-mat-composite-road-plates-dealer\/","title":{"rendered":"Dura Base Tapete de prote\u00e7\u00e3o do solo Placas de estrada compostas Revendedor"},"content":{"rendered":"<h2>Dura Base Prote\u00e7\u00e3o do solo Composto de revestimento de pavimentos Fornecedor de placas de estrada<\/h2>\n<p>Tapetes de seguran\u00e7a Dura Base dur\u00e1veis e fi\u00e1veis, criados para uma utiliza\u00e7\u00e3o robusta na constru\u00e7\u00e3o, campos petrol\u00edferos, eventos e estradas de acesso moment\u00e2neo. Estas placas de estrada compostas proporcionam uma superf\u00edcie est\u00e1vel e antiderrapante com um padr\u00e3o de ader\u00eancia hexagonal, garantindo seguran\u00e7a e efici\u00eancia em superf\u00edcies desiguais ou macias. Leves mas s\u00f3lidas, s\u00e3o f\u00e1ceis de instalar, ligar e transportar, oferecendo uma defesa duradoura e reutiliz\u00e1vel do solo para ve\u00edculos e m\u00e1quinas em todas as condi\u00e7\u00f5es climat\u00e9ricas.<\/p>","protected":false},"excerpt":{"rendered":"<p>Os tapetes de prote\u00e7\u00e3o do solo comp\u00f3sitos Dura Base dur\u00e1veis proporcionam superf\u00edcies est\u00e1veis e antiderrapantes para equipamento e ve\u00edculos pesados. Ideal para constru\u00e7\u00e3o, eventos e estradas de acesso tempor\u00e1rio. Leves, reutiliz\u00e1veis e f\u00e1ceis de instalar para um desempenho em todas as condi\u00e7\u00f5es climat\u00e9ricas.<\/p>","protected":false},"featured_media":2075,"template":"","meta":{"_gspb_post_css":""},"product_brand":[],"product_cat":[24,26,27],"product_tag":[386,160,72],"class_list":{"0":"post-2074","1":"product","2":"type-product","3":"status-publish","4":"has-post-thumbnail","6":"product_cat-ground-protection-road-mats","7":"product_cat-base-mats","8":"product_cat-dura-mats","9":"product_tag-composite-road-plates","10":"product_tag-construction-access-mats","11":"product_tag-ground-protection-mats","13":"first","14":"instock","15":"shipping-taxable","16":"product-type-simple"},"_links":{"self":[{"href":"https:\/\/uhmwpemanufacture.com\/pt\/wp-json\/wp\/v2\/product\/2074","targetHints":{"allow":["GET"]}}],"collection":[{"href":"https:\/\/uhmwpemanufacture.com\/pt\/wp-json\/wp\/v2\/product"}],"about":[{"href":"https:\/\/uhmwpemanufacture.com\/pt\/wp-json\/wp\/v2\/types\/product"}],"wp:featuredmedia":[{"embeddable":true,"href":"https:\/\/uhmwpemanufacture.com\/pt\/wp-json\/wp\/v2\/media\/2075"}],"wp:attachment":[{"href":"https:\/\/uhmwpemanufacture.com\/pt\/wp-json\/wp\/v2\/media?parent=2074"}],"wp:term":[{"taxonomy":"product_brand","embeddable":true,"href":"https:\/\/uhmwpemanufacture.com\/pt\/wp-json\/wp\/v2\/product_brand?post=2074"},{"taxonomy":"product_cat","embeddable":true,"href":"https:\/\/uhmwpemanufacture.com\/pt\/wp-json\/wp\/v2\/product_cat?post=2074"},{"taxonomy":"product_tag","embeddable":true,"href":"https:\/\/uhmwpemanufacture.com\/pt\/wp-json\/wp\/v2\/product_tag?post=2074"}],"curies":[{"name":"wp","href":"https:\/\/api.w.org\/{rel}","templated":true}]}}