{"id":2087,"date":"2025-10-11T01:52:12","date_gmt":"2025-10-11T01:52:12","guid":{"rendered":"https:\/\/uhmwpemanufacture.com\/?post_type=product&#038;p=2087"},"modified":"2025-10-11T01:52:12","modified_gmt":"2025-10-11T01:52:12","slug":"customizable-coal-bunker-limit-plate-sheet-manufacturer","status":"publish","type":"product","link":"https:\/\/uhmwpemanufacture.com\/pt\/customizable-coal-bunker-limit-plate-sheet-manufacturer\/","title":{"rendered":"Fabricante de chapa de limite de bunker de carv\u00e3o personaliz\u00e1vel"},"content":{"rendered":"<h2 id=\"personalized-coal-bunker-limit-plate-sheet-producer\">Placa de limite de bunker de carv\u00e3o personalizada Produtor<\/h2>\n<p>Estas imagens apresentam pilhas de chapas robustas e resistentes, adequadas a diferentes aplica\u00e7\u00f5es industriais, incluindo chapas de limita\u00e7\u00e3o de bunker de carv\u00e3o. As chapas podem ser encontradas em diferentes acabamentos, desde um objetivo de metal em bruto at\u00e9 um aspeto mais escuro, potencialmente revestido ou oxidado, indicando versatilidade no material e na terapia. S\u00e3o apresentadas em paletes de madeira simples, o que recomenda que aguardem transporte ou espa\u00e7o de armazenamento a granel. A espessura e a natureza forte destas folhas sugerem uma elevada resili\u00eancia e resist\u00eancia, essenciais para ambientes exigentes, como os dep\u00f3sitos de carv\u00e3o, onde certamente serviriam para manusear e consistir em materiais a granel com sucesso. A sua natureza personaliz\u00e1vel permite determinadas dimens\u00f5es e constru\u00e7\u00f5es de produtos para satisfazer necessidades comerciais variadas.<\/p>","protected":false},"excerpt":{"rendered":"<p>Chapas dur\u00e1veis e resistentes, ideais para placas de limite de bunker de carv\u00e3o personaliz\u00e1veis. Dispon\u00edveis em v\u00e1rios acabamentos, estas chapas robustas foram concebidas para aplica\u00e7\u00f5es industriais. A sua resist\u00eancia e espessura garantem uma gest\u00e3o e conten\u00e7\u00e3o eficazes dos materiais, proporcionando um desempenho fi\u00e1vel em ambientes exigentes.<\/p>","protected":false},"featured_media":2089,"template":"","meta":{"_gspb_post_css":""},"product_brand":[],"product_cat":[15,22],"product_tag":[389,391,390],"class_list":{"0":"post-2087","1":"product","2":"type-product","3":"status-publish","4":"has-post-thumbnail","6":"product_cat-uhmwpe-hdpe-sheets-plates","7":"product_cat-coal-bunker-limit-plates","8":"product_tag-coal-bunker","9":"product_tag-industrial-sheets","10":"product_tag-limit-plate","12":"first","13":"instock","14":"shipping-taxable","15":"product-type-simple"},"_links":{"self":[{"href":"https:\/\/uhmwpemanufacture.com\/pt\/wp-json\/wp\/v2\/product\/2087","targetHints":{"allow":["GET"]}}],"collection":[{"href":"https:\/\/uhmwpemanufacture.com\/pt\/wp-json\/wp\/v2\/product"}],"about":[{"href":"https:\/\/uhmwpemanufacture.com\/pt\/wp-json\/wp\/v2\/types\/product"}],"wp:featuredmedia":[{"embeddable":true,"href":"https:\/\/uhmwpemanufacture.com\/pt\/wp-json\/wp\/v2\/media\/2089"}],"wp:attachment":[{"href":"https:\/\/uhmwpemanufacture.com\/pt\/wp-json\/wp\/v2\/media?parent=2087"}],"wp:term":[{"taxonomy":"product_brand","embeddable":true,"href":"https:\/\/uhmwpemanufacture.com\/pt\/wp-json\/wp\/v2\/product_brand?post=2087"},{"taxonomy":"product_cat","embeddable":true,"href":"https:\/\/uhmwpemanufacture.com\/pt\/wp-json\/wp\/v2\/product_cat?post=2087"},{"taxonomy":"product_tag","embeddable":true,"href":"https:\/\/uhmwpemanufacture.com\/pt\/wp-json\/wp\/v2\/product_tag?post=2087"}],"curies":[{"name":"wp","href":"https:\/\/api.w.org\/{rel}","templated":true}]}}