{"id":2090,"date":"2025-10-11T01:55:51","date_gmt":"2025-10-11T01:55:51","guid":{"rendered":"https:\/\/uhmwpemanufacture.com\/?post_type=product&#038;p=2090"},"modified":"2025-10-11T01:55:51","modified_gmt":"2025-10-11T01:55:51","slug":"ground-protection-mats-interlock-hdpe-composite-dura-base","status":"publish","type":"product","link":"https:\/\/uhmwpemanufacture.com\/pt\/ground-protection-mats-interlock-hdpe-composite-dura-base\/","title":{"rendered":"Esteiras de prote\u00e7\u00e3o do solo Interlock HDPE Composite Dura Base"},"content":{"rendered":"<h2 id=\"ground-defense-mats-interlock-hdpe-compound-dura-base\">Tapetes de defesa do solo Interlock HDPE Composto Dura Base<\/h2>\n<p>As imagens mostram tapetes de prote\u00e7\u00e3o do solo robustos, perfeitos para criar estradas moment\u00e2neas ou superf\u00edcies de trabalho est\u00e1veis em terrenos dif\u00edceis. Uma das imagens mostra uma s\u00e9rie de tapetes dispostos de modo a formar um percurso robusto para equipamento pesado, como um ve\u00edculo low-loader, ao longo de um s\u00edtio de constru\u00e7\u00e3o desleixado. Isto demonstra o seu desempenho na prote\u00e7\u00e3o contra o atolamento de ferramentas e na salvaguarda do solo subjacente. A segunda imagem fornece uma vis\u00e3o clara e isolada de um \u00fanico revestimento de pavimento, destacando a sua superf\u00edcie distintiva e antiderrapante de padr\u00e3o rubi. Estes tapetes s\u00e3o constru\u00eddos a partir de material comp\u00f3sito HDPE entrela\u00e7ado, o que os torna s\u00f3lidos e leves. O seu estilo de interbloqueio garante uma superf\u00edcie segura e constante, enquanto a qualidade Dura Base garante uma efici\u00eancia resiliente procurada em ambientes.<\/p>","protected":false},"excerpt":{"rendered":"<p>Estas esteiras de prote\u00e7\u00e3o do solo compostas de PEAD entrela\u00e7adas criam estradas e superf\u00edcies de trabalho tempor\u00e1rias duradouras. O seu padr\u00e3o de diamante texturado e antiderrapante garante a estabilidade de maquinaria pesada em terrenos dif\u00edceis, evitando que o equipamento fique preso. Leves e resistentes, estes tapetes Dura Base oferecem um desempenho duradouro e prote\u00e7\u00e3o do solo.<\/p>","protected":false},"featured_media":2093,"template":"","meta":{"_gspb_post_css":""},"product_brand":[],"product_cat":[24,26,27],"product_tag":[394,392,393],"class_list":{"0":"post-2090","1":"product","2":"type-product","3":"status-publish","4":"has-post-thumbnail","6":"product_cat-ground-protection-road-mats","7":"product_cat-base-mats","8":"product_cat-dura-mats","9":"product_tag-dura-base","10":"product_tag-ground-mats","11":"product_tag-hdpe-mats","13":"first","14":"instock","15":"shipping-taxable","16":"product-type-simple"},"_links":{"self":[{"href":"https:\/\/uhmwpemanufacture.com\/pt\/wp-json\/wp\/v2\/product\/2090","targetHints":{"allow":["GET"]}}],"collection":[{"href":"https:\/\/uhmwpemanufacture.com\/pt\/wp-json\/wp\/v2\/product"}],"about":[{"href":"https:\/\/uhmwpemanufacture.com\/pt\/wp-json\/wp\/v2\/types\/product"}],"wp:featuredmedia":[{"embeddable":true,"href":"https:\/\/uhmwpemanufacture.com\/pt\/wp-json\/wp\/v2\/media\/2093"}],"wp:attachment":[{"href":"https:\/\/uhmwpemanufacture.com\/pt\/wp-json\/wp\/v2\/media?parent=2090"}],"wp:term":[{"taxonomy":"product_brand","embeddable":true,"href":"https:\/\/uhmwpemanufacture.com\/pt\/wp-json\/wp\/v2\/product_brand?post=2090"},{"taxonomy":"product_cat","embeddable":true,"href":"https:\/\/uhmwpemanufacture.com\/pt\/wp-json\/wp\/v2\/product_cat?post=2090"},{"taxonomy":"product_tag","embeddable":true,"href":"https:\/\/uhmwpemanufacture.com\/pt\/wp-json\/wp\/v2\/product_tag?post=2090"}],"curies":[{"name":"wp","href":"https:\/\/api.w.org\/{rel}","templated":true}]}}