{"id":2095,"date":"2025-10-11T02:02:59","date_gmt":"2025-10-11T02:02:59","guid":{"rendered":"https:\/\/uhmwpemanufacture.com\/?post_type=product&#038;p=2095"},"modified":"2025-10-11T02:02:59","modified_gmt":"2025-10-11T02:02:59","slug":"pure-virgin-plastic-uhmwpe-hdpe-pp-plastic-sheet-supplier","status":"publish","type":"product","link":"https:\/\/uhmwpemanufacture.com\/pt\/pure-virgin-plastic-uhmwpe-hdpe-pp-plastic-sheet-supplier\/","title":{"rendered":"Pl\u00e1stico virgem puro UHMWPE HDPE PP Folha de pl\u00e1stico Fornecedor"},"content":{"rendered":"<h2 id=\"pure-virgin-plastic-uhmwpe-hdpe-pp-plastic-sheet-supplier\">Pl\u00e1stico virgem puro UHMWPE HDPE PP Folha de pl\u00e1stico Fornecedor<\/h2>\n<p>As imagens apresentam uma variedade vibrante de folhas e postes de pl\u00e1stico feitos de UHMWPE, HDPE e PP virgem puro. Estes artigos de pl\u00e1stico de primeira qualidade est\u00e3o dispon\u00edveis numa variedade de cores, nomeadamente azul, ecol\u00f3gico, vermelho, preto e branco, demonstrando a sua adaptabilidade e adequa\u00e7\u00e3o a diversas aplica\u00e7\u00f5es. As folhas s\u00e3o consistentemente cortadas em formas rectangulares, empilhadas ordenadamente para real\u00e7ar a sua espessura regular e superf\u00edcie lisa. Juntamente com as folhas, s\u00e3o igualmente oferecidas varetas cil\u00edndricas em tons compar\u00e1veis, demonstrando a gama de formas oferecidas. Estes pl\u00e1sticos s\u00e3o reconhecidos pela sua not\u00e1vel durabilidade, resist\u00eancia qu\u00edmica e propriedades residenciais de fric\u00e7\u00e3o reduzida, tornando-os excelentes para uma grande variedade de utiliza\u00e7\u00f5es industriais e comerciais.<\/p>","protected":false},"excerpt":{"rendered":"<p>Descubra as nossas folhas e barras de pl\u00e1stico UHMWPE, HDPE e PP virgem puro. Dispon\u00edveis em cores vibrantes, estes pl\u00e1sticos de alta qualidade oferecem uma durabilidade excecional, resist\u00eancia qu\u00edmica e baixa fric\u00e7\u00e3o. Ideais para diversas aplica\u00e7\u00f5es industriais e comerciais que requerem solu\u00e7\u00f5es de materiais fi\u00e1veis e vers\u00e1teis.<\/p>","protected":false},"featured_media":2096,"template":"","meta":{"_gspb_post_css":""},"product_brand":[],"product_cat":[15,17],"product_tag":[397,395,396],"class_list":{"0":"post-2095","1":"product","2":"type-product","3":"status-publish","4":"has-post-thumbnail","6":"product_cat-uhmwpe-hdpe-sheets-plates","7":"product_cat-uhmwpe-sheets","8":"product_tag-hdpe","9":"product_tag-plastic-sheets","10":"product_tag-uhmwpe","12":"first","13":"instock","14":"shipping-taxable","15":"product-type-simple"},"_links":{"self":[{"href":"https:\/\/uhmwpemanufacture.com\/pt\/wp-json\/wp\/v2\/product\/2095","targetHints":{"allow":["GET"]}}],"collection":[{"href":"https:\/\/uhmwpemanufacture.com\/pt\/wp-json\/wp\/v2\/product"}],"about":[{"href":"https:\/\/uhmwpemanufacture.com\/pt\/wp-json\/wp\/v2\/types\/product"}],"wp:featuredmedia":[{"embeddable":true,"href":"https:\/\/uhmwpemanufacture.com\/pt\/wp-json\/wp\/v2\/media\/2096"}],"wp:attachment":[{"href":"https:\/\/uhmwpemanufacture.com\/pt\/wp-json\/wp\/v2\/media?parent=2095"}],"wp:term":[{"taxonomy":"product_brand","embeddable":true,"href":"https:\/\/uhmwpemanufacture.com\/pt\/wp-json\/wp\/v2\/product_brand?post=2095"},{"taxonomy":"product_cat","embeddable":true,"href":"https:\/\/uhmwpemanufacture.com\/pt\/wp-json\/wp\/v2\/product_cat?post=2095"},{"taxonomy":"product_tag","embeddable":true,"href":"https:\/\/uhmwpemanufacture.com\/pt\/wp-json\/wp\/v2\/product_tag?post=2095"}],"curies":[{"name":"wp","href":"https:\/\/api.w.org\/{rel}","templated":true}]}}