{"id":2102,"date":"2025-10-11T02:07:03","date_gmt":"2025-10-11T02:07:03","guid":{"rendered":"https:\/\/uhmwpemanufacture.com\/?post_type=product&#038;p=2102"},"modified":"2025-10-11T02:07:03","modified_gmt":"2025-10-11T02:07:03","slug":"heavy-duty-uhmwpe-cribbing-blocks-crane-outrigger-pads","status":"publish","type":"product","link":"https:\/\/uhmwpemanufacture.com\/pt\/heavy-duty-uhmwpe-cribbing-blocks-crane-outrigger-pads\/","title":{"rendered":"Blocos de suporte de UHMWPE para servi\u00e7o pesado Almofadas para guindaste"},"content":{"rendered":"<h2 id=\"heavy-duty-uhmwpe-cribbing-blocks-crane-outrigger-pads\">Blocos de suporte de UHMWPE para servi\u00e7o pesado Almofadas para guindaste<\/h2>\n<p>As imagens mostram blocos de cribbing pretos e duradouros, concebidos para aplica\u00e7\u00f5es robustas. Estes blocos incluem uma superf\u00edcie superior distinta e antiderrapante, garantindo a m\u00e1xima ader\u00eancia e seguran\u00e7a ao suportar lotes pesados. Cada bloco est\u00e1 equipado com uma corda cor de laranja resistente em ambas as extremidades, o que facilita o transporte, a coloca\u00e7\u00e3o e a recupera\u00e7\u00e3o. A sua forma retangular e alongada e a sua constru\u00e7\u00e3o robusta tornam-nos adequados para utiliza\u00e7\u00e3o como almofadas de guindaste, oferecendo um apoio de confian\u00e7a e distribui\u00e7\u00e3o de lotes em v\u00e1rias superf\u00edcies. Fabricados em UHMWPE, estes blocos de cribbing s\u00e3o extremamente duradouros, imunes a efeitos, produtos qu\u00edmicos e humidade, garantindo uma efici\u00eancia duradoura em ambientes industriais e de constru\u00e7\u00e3o populares.<\/p>","protected":false},"excerpt":{"rendered":"<p>Estes blocos de cribbing em UHMWPE para trabalhos pesados apresentam um topo texturado antiderrapante e pegas de corda robustas para um manuseamento f\u00e1cil. Ideais como almofadas para guindastes, proporcionam um apoio fi\u00e1vel e uma distribui\u00e7\u00e3o uniforme da carga. Excecionalmente dur\u00e1veis, estes blocos resistem ao impacto, aos produtos qu\u00edmicos e \u00e0 humidade para um desempenho duradouro em ambientes exigentes.<\/p>","protected":false},"featured_media":2107,"template":"","meta":{"_gspb_post_css":""},"product_brand":[],"product_cat":[15,21],"product_tag":[65,256,396],"class_list":{"0":"post-2102","1":"product","2":"type-product","3":"status-publish","4":"has-post-thumbnail","6":"product_cat-uhmwpe-hdpe-sheets-plates","7":"product_cat-uhmwpe-fender-pads","8":"product_tag-cribbing-blocks","9":"product_tag-outrigger-pads","10":"product_tag-uhmwpe","12":"first","13":"instock","14":"shipping-taxable","15":"product-type-simple"},"_links":{"self":[{"href":"https:\/\/uhmwpemanufacture.com\/pt\/wp-json\/wp\/v2\/product\/2102","targetHints":{"allow":["GET"]}}],"collection":[{"href":"https:\/\/uhmwpemanufacture.com\/pt\/wp-json\/wp\/v2\/product"}],"about":[{"href":"https:\/\/uhmwpemanufacture.com\/pt\/wp-json\/wp\/v2\/types\/product"}],"wp:featuredmedia":[{"embeddable":true,"href":"https:\/\/uhmwpemanufacture.com\/pt\/wp-json\/wp\/v2\/media\/2107"}],"wp:attachment":[{"href":"https:\/\/uhmwpemanufacture.com\/pt\/wp-json\/wp\/v2\/media?parent=2102"}],"wp:term":[{"taxonomy":"product_brand","embeddable":true,"href":"https:\/\/uhmwpemanufacture.com\/pt\/wp-json\/wp\/v2\/product_brand?post=2102"},{"taxonomy":"product_cat","embeddable":true,"href":"https:\/\/uhmwpemanufacture.com\/pt\/wp-json\/wp\/v2\/product_cat?post=2102"},{"taxonomy":"product_tag","embeddable":true,"href":"https:\/\/uhmwpemanufacture.com\/pt\/wp-json\/wp\/v2\/product_tag?post=2102"}],"curies":[{"name":"wp","href":"https:\/\/api.w.org\/{rel}","templated":true}]}}