{"id":2108,"date":"2025-10-11T02:10:09","date_gmt":"2025-10-11T02:10:09","guid":{"rendered":"https:\/\/uhmwpemanufacture.com\/?post_type=product&#038;p=2108"},"modified":"2025-10-11T02:10:09","modified_gmt":"2025-10-11T02:10:09","slug":"pp-pe-ring-gear-left-rotated-helical-gear-reducer-vendor","status":"publish","type":"product","link":"https:\/\/uhmwpemanufacture.com\/pt\/pp-pe-ring-gear-left-rotated-helical-gear-reducer-vendor\/","title":{"rendered":"Fornecedor de redutor de engrenagem helicoidal girat\u00f3ria esquerda PP PE"},"content":{"rendered":"<h2 id=\"pp-pe-ring-equipment-left-revolved-helical-gear-reducer-vendor\">Fornecedor de redutor de engrenagem helicoidal girat\u00f3ria esquerda para equipamento de anel PP PE<\/h2>\n<p>As imagens mostram uma engrenagem helicoidal azul vibrante, especificamente trabalhada, fabricada em pl\u00e1stico PP ou PE de longa dura\u00e7\u00e3o. Este equipamento helicoidal de rota\u00e7\u00e3o \u00e0 esquerda apresenta um design de engrenagem anelar com um nascimento central, cheio de duas aberturas de parafuso para uma instala\u00e7\u00e3o segura. Os dentes helicoidais s\u00e3o claramente vis\u00edveis, indicando a sua utiliza\u00e7\u00e3o desejada em sistemas de redu\u00e7\u00e3o de engrenagens onde \u00e9 essencial uma transmiss\u00e3o de energia suave e fi\u00e1vel. A cor azul distinta torna-o convenientemente reconhec\u00edvel, e a constru\u00e7\u00e3o em pl\u00e1stico sugere que \u00e9 leve, resistente \u00e0 corros\u00e3o e adequado para aplica\u00e7\u00f5es em que as engrenagens met\u00e1licas podem ser demasiado pesadas ou suscept\u00edveis de serem utilizadas com produtos qu\u00edmicos ou humidade. Este equipamento \u00e9 um elemento ideal para numerosas aplica\u00e7\u00f5es mec\u00e2nicas que requerem uma redu\u00e7\u00e3o de engrenagens respeit\u00e1vel e de baixa manuten\u00e7\u00e3o.<\/p>","protected":false},"excerpt":{"rendered":"<p>Esta engrenagem de anel helicoidal azul PP\/PE com rota\u00e7\u00e3o \u00e0 esquerda foi concebida com precis\u00e3o para sistemas de redu\u00e7\u00e3o de engrenagens. Com um furo central e orif\u00edcios de montagem, oferece uma transmiss\u00e3o de pot\u00eancia suave e eficiente. Leve, resistente \u00e0 corros\u00e3o e dur\u00e1vel, \u00e9 perfeita para v\u00e1rias aplica\u00e7\u00f5es mec\u00e2nicas que necessitam de componentes fi\u00e1veis e de baixa manuten\u00e7\u00e3o.<\/p>","protected":false},"featured_media":2114,"template":"","meta":{"_gspb_post_css":""},"product_brand":[],"product_cat":[35],"product_tag":[400,398,399],"class_list":{"0":"post-2108","1":"product","2":"type-product","3":"status-publish","4":"has-post-thumbnail","6":"product_cat-pp-pe-products","7":"product_tag-gear-reducer","8":"product_tag-helical-gear","9":"product_tag-plastic-gear","11":"first","12":"instock","13":"shipping-taxable","14":"product-type-simple"},"_links":{"self":[{"href":"https:\/\/uhmwpemanufacture.com\/pt\/wp-json\/wp\/v2\/product\/2108","targetHints":{"allow":["GET"]}}],"collection":[{"href":"https:\/\/uhmwpemanufacture.com\/pt\/wp-json\/wp\/v2\/product"}],"about":[{"href":"https:\/\/uhmwpemanufacture.com\/pt\/wp-json\/wp\/v2\/types\/product"}],"wp:featuredmedia":[{"embeddable":true,"href":"https:\/\/uhmwpemanufacture.com\/pt\/wp-json\/wp\/v2\/media\/2114"}],"wp:attachment":[{"href":"https:\/\/uhmwpemanufacture.com\/pt\/wp-json\/wp\/v2\/media?parent=2108"}],"wp:term":[{"taxonomy":"product_brand","embeddable":true,"href":"https:\/\/uhmwpemanufacture.com\/pt\/wp-json\/wp\/v2\/product_brand?post=2108"},{"taxonomy":"product_cat","embeddable":true,"href":"https:\/\/uhmwpemanufacture.com\/pt\/wp-json\/wp\/v2\/product_cat?post=2108"},{"taxonomy":"product_tag","embeddable":true,"href":"https:\/\/uhmwpemanufacture.com\/pt\/wp-json\/wp\/v2\/product_tag?post=2108"}],"curies":[{"name":"wp","href":"https:\/\/api.w.org\/{rel}","templated":true}]}}