{"id":2115,"date":"2025-10-11T02:14:11","date_gmt":"2025-10-11T02:14:11","guid":{"rendered":"https:\/\/uhmwpemanufacture.com\/?post_type=product&#038;p=2115"},"modified":"2025-10-11T02:14:11","modified_gmt":"2025-10-11T02:14:11","slug":"nylon-sheet-plastic-polyethylene-hdpe-sheet-wholesaler","status":"publish","type":"product","link":"https:\/\/uhmwpemanufacture.com\/pt\/nylon-sheet-plastic-polyethylene-hdpe-sheet-wholesaler\/","title":{"rendered":"Folha de nylon Pl\u00e1stico Folha de polietileno HDPE Atacadista"},"content":{"rendered":"<h2 id=\"nylon-sheet-plastic-polyethylene-hdpe-sheet-wholesaler\">Folha de nylon Pl\u00e1stico Folha de polietileno HDPE Atacadista<\/h2>\n<p>As fotografias mostram uma gama variada de folhas e barras de pl\u00e1stico de alta qualidade, real\u00e7ando a sua flexibilidade e poss\u00edveis aplica\u00e7\u00f5es. Uma fotografia apresenta uma pilha animada de folhas quadradas em vermelho, amigo do ambiente, preto e branco, mostrando a acessibilidade de v\u00e1rias cores e uma superf\u00edcie consistente e lisa. A segunda imagem expande-se, mostrando uma gama mais vasta de folhas brancas e pretas, juntamente com numerosos var\u00f5es redondos e com formas personalizadas, constitu\u00eddos por uma pilha laranja e vermelha. Esta cole\u00e7\u00e3o \u00e9 ideal para um revendedor especializado em folhas de nylon, polietileno e PEAD. Estes materiais s\u00e3o conhecidos pela sua robustez, resist\u00eancia aos efeitos e flexibilidade, o que os torna adequados para in\u00fameros trabalhos comerciais, empresariais e inovadores.<\/p>","protected":false},"excerpt":{"rendered":"<p>O nosso grossista oferece uma gama diversificada de folhas e barras de pl\u00e1stico de Nylon, Polietileno e HDPE. Dispon\u00edveis em v\u00e1rias cores e formas, estes materiais dur\u00e1veis e resistentes ao impacto s\u00e3o perfeitos para in\u00fameros projectos industriais, comerciais e criativos, fornecendo solu\u00e7\u00f5es vers\u00e1teis para todas as suas necessidades de pl\u00e1stico.<\/p>","protected":false},"featured_media":2120,"template":"","meta":{"_gspb_post_css":""},"product_brand":[],"product_cat":[23],"product_tag":[397,401,395],"class_list":{"0":"post-2115","1":"product","2":"type-product","3":"status-publish","4":"has-post-thumbnail","6":"product_cat-nylon-sheets","7":"product_tag-hdpe","8":"product_tag-nylon","9":"product_tag-plastic-sheets","11":"first","12":"instock","13":"shipping-taxable","14":"product-type-simple"},"_links":{"self":[{"href":"https:\/\/uhmwpemanufacture.com\/pt\/wp-json\/wp\/v2\/product\/2115","targetHints":{"allow":["GET"]}}],"collection":[{"href":"https:\/\/uhmwpemanufacture.com\/pt\/wp-json\/wp\/v2\/product"}],"about":[{"href":"https:\/\/uhmwpemanufacture.com\/pt\/wp-json\/wp\/v2\/types\/product"}],"wp:featuredmedia":[{"embeddable":true,"href":"https:\/\/uhmwpemanufacture.com\/pt\/wp-json\/wp\/v2\/media\/2120"}],"wp:attachment":[{"href":"https:\/\/uhmwpemanufacture.com\/pt\/wp-json\/wp\/v2\/media?parent=2115"}],"wp:term":[{"taxonomy":"product_brand","embeddable":true,"href":"https:\/\/uhmwpemanufacture.com\/pt\/wp-json\/wp\/v2\/product_brand?post=2115"},{"taxonomy":"product_cat","embeddable":true,"href":"https:\/\/uhmwpemanufacture.com\/pt\/wp-json\/wp\/v2\/product_cat?post=2115"},{"taxonomy":"product_tag","embeddable":true,"href":"https:\/\/uhmwpemanufacture.com\/pt\/wp-json\/wp\/v2\/product_tag?post=2115"}],"curies":[{"name":"wp","href":"https:\/\/api.w.org\/{rel}","templated":true}]}}