{"id":2121,"date":"2025-10-11T02:22:13","date_gmt":"2025-10-11T02:22:13","guid":{"rendered":"https:\/\/uhmwpemanufacture.com\/?post_type=product&#038;p=2121"},"modified":"2025-10-11T02:22:13","modified_gmt":"2025-10-11T02:22:13","slug":"uhmwpe-sheet-lead-boron-polyethylene-plate-board-distributor","status":"publish","type":"product","link":"https:\/\/uhmwpemanufacture.com\/pt\/uhmwpe-sheet-lead-boron-polyethylene-plate-board-distributor\/","title":{"rendered":"Distribuidor de placas de polietileno de chumbo-boro com folha de UHMWPE"},"content":{"rendered":"<h2 id=\"uhmwpe-sheet-lead-boron-polyethylene-plate-board-representative\">Folha de UHMWPE Placa de polietileno de chumbo-boro Placa representativa<\/h2>\n<p>A imagem mostra uma pilha de folhas grossas de cor escura, provavelmente compostas por UHMWPE ou polietileno de chumbo-boro, penduradas numa palete de madeira numa instala\u00e7\u00e3o industrial. Estas folhas robustas apresentam marcas de dispositivo vis\u00edveis nos lados, o que indica que foram cortadas recentemente e est\u00e3o prontas para serem distribu\u00eddas ou processadas. A sua espessura substancial e o seu aspeto forte recomendam uma resist\u00eancia extrema e uma elevada efici\u00eancia para aplica\u00e7\u00f5es exigentes. Estes materiais s\u00e3o normalmente utilizados em ambientes que requerem uma resist\u00eancia excecional ao desgaste, resist\u00eancia ao impacto ou certos edif\u00edcios de prote\u00e7\u00e3o, como na seguran\u00e7a nuclear ou de radia\u00e7\u00e3o. Como representante, estas folhas utilizam um servi\u00e7o flex\u00edvel para v\u00e1rios trabalhos industriais duradouros e de engenharia personalizada.<\/p>","protected":false},"excerpt":{"rendered":"<p>Chapas espessas e escuras de UHMWPE\/Polietileno de chumbo-boro, acabadas de cortar e paletizadas. Estas placas robustas oferecem uma durabilidade extrema e um elevado desempenho para aplica\u00e7\u00f5es exigentes. Ideais para resist\u00eancia ao desgaste, resist\u00eancia ao impacto ou blindagem especializada, proporcionando solu\u00e7\u00f5es vers\u00e1teis para projectos industriais e de engenharia.<\/p>","protected":false},"featured_media":2125,"template":"","meta":{"_gspb_post_css":""},"product_brand":[],"product_cat":[15,19],"product_tag":[307,402,396],"class_list":{"0":"post-2121","1":"product","2":"type-product","3":"status-publish","4":"has-post-thumbnail","6":"product_cat-uhmwpe-hdpe-sheets-plates","7":"product_cat-lead-boron-polyethylene-plates","8":"product_tag-lead-boron-plate","9":"product_tag-polyethylene-sheets","10":"product_tag-uhmwpe","12":"first","13":"instock","14":"shipping-taxable","15":"product-type-simple"},"_links":{"self":[{"href":"https:\/\/uhmwpemanufacture.com\/pt\/wp-json\/wp\/v2\/product\/2121","targetHints":{"allow":["GET"]}}],"collection":[{"href":"https:\/\/uhmwpemanufacture.com\/pt\/wp-json\/wp\/v2\/product"}],"about":[{"href":"https:\/\/uhmwpemanufacture.com\/pt\/wp-json\/wp\/v2\/types\/product"}],"wp:featuredmedia":[{"embeddable":true,"href":"https:\/\/uhmwpemanufacture.com\/pt\/wp-json\/wp\/v2\/media\/2125"}],"wp:attachment":[{"href":"https:\/\/uhmwpemanufacture.com\/pt\/wp-json\/wp\/v2\/media?parent=2121"}],"wp:term":[{"taxonomy":"product_brand","embeddable":true,"href":"https:\/\/uhmwpemanufacture.com\/pt\/wp-json\/wp\/v2\/product_brand?post=2121"},{"taxonomy":"product_cat","embeddable":true,"href":"https:\/\/uhmwpemanufacture.com\/pt\/wp-json\/wp\/v2\/product_cat?post=2121"},{"taxonomy":"product_tag","embeddable":true,"href":"https:\/\/uhmwpemanufacture.com\/pt\/wp-json\/wp\/v2\/product_tag?post=2121"}],"curies":[{"name":"wp","href":"https:\/\/api.w.org\/{rel}","templated":true}]}}