{"id":2126,"date":"2025-10-11T02:29:11","date_gmt":"2025-10-11T02:29:11","guid":{"rendered":"https:\/\/uhmwpemanufacture.com\/?post_type=product&#038;p=2126"},"modified":"2025-10-11T02:29:11","modified_gmt":"2025-10-11T02:29:11","slug":"custom-high-density-polyethylene-hdpe-board-wholesaler","status":"publish","type":"product","link":"https:\/\/uhmwpemanufacture.com\/pt\/custom-high-density-polyethylene-hdpe-board-wholesaler\/","title":{"rendered":"Grossista de placas de PEAD de polietileno de alta densidade personalizadas"},"content":{"rendered":"<h2 id=\"personalized-high-density-polyethylene-hdpe-board-dealer\">Distribuidor de placas de polietileno de alta densidade (HDPE) personalizadas<\/h2>\n<p>Somos um dos principais grossistas de placas personalizadas de polietileno de alta densidade (PEAD), oferecendo uma variedade de cores e densidades para satisfazer as suas necessidades espec\u00edficas. As nossas placas e postes de PEAD s\u00e3o reconhecidos pela sua excecional resili\u00eancia, resist\u00eancia qu\u00edmica e adaptabilidade, tornando-os perfeitos para v\u00e1rias aplica\u00e7\u00f5es industriais e industriais. Desde grandes blocos brancos empilhados, prontos para refina\u00e7\u00e3o, a uma variedade de folhas coloridas e postes cil\u00edndricos, os nossos artigos s\u00e3o fabricados para uma qualidade e efici\u00eancia superiores. Quer necessite de cortes personalizados ou de dimens\u00f5es detalhadas, oferecemos op\u00e7\u00f5es de PEAD fi\u00e1veis e de alta qualidade para todos os seus trabalhos.<\/p>","protected":false},"excerpt":{"rendered":"<p>O grossista de placas de polietileno de alta densidade (PEAD) personalizadas oferece uma gama diversificada de folhas e barras de PEAD em v\u00e1rias cores e tamanhos. Os nossos produtos s\u00e3o dur\u00e1veis, resistentes a produtos qu\u00edmicos e ideais para aplica\u00e7\u00f5es industriais e comerciais, dispon\u00edveis em blocos brancos a granel ou em folhas e varetas coloridas variadas.<\/p>","protected":false},"featured_media":2127,"template":"","meta":{"_gspb_post_css":""},"product_brand":[],"product_cat":[29,32],"product_tag":[404,405,403],"class_list":{"0":"post-2126","1":"product","2":"type-product","3":"status-publish","4":"has-post-thumbnail","6":"product_cat-ice-rink-products","7":"product_cat-ice-synthetic-panels","8":"product_tag-custom-plastic","9":"product_tag-plastic-wholesaler","10":"product_tag-polyethylene","12":"first","13":"instock","14":"shipping-taxable","15":"product-type-simple"},"_links":{"self":[{"href":"https:\/\/uhmwpemanufacture.com\/pt\/wp-json\/wp\/v2\/product\/2126","targetHints":{"allow":["GET"]}}],"collection":[{"href":"https:\/\/uhmwpemanufacture.com\/pt\/wp-json\/wp\/v2\/product"}],"about":[{"href":"https:\/\/uhmwpemanufacture.com\/pt\/wp-json\/wp\/v2\/types\/product"}],"wp:featuredmedia":[{"embeddable":true,"href":"https:\/\/uhmwpemanufacture.com\/pt\/wp-json\/wp\/v2\/media\/2127"}],"wp:attachment":[{"href":"https:\/\/uhmwpemanufacture.com\/pt\/wp-json\/wp\/v2\/media?parent=2126"}],"wp:term":[{"taxonomy":"product_brand","embeddable":true,"href":"https:\/\/uhmwpemanufacture.com\/pt\/wp-json\/wp\/v2\/product_brand?post=2126"},{"taxonomy":"product_cat","embeddable":true,"href":"https:\/\/uhmwpemanufacture.com\/pt\/wp-json\/wp\/v2\/product_cat?post=2126"},{"taxonomy":"product_tag","embeddable":true,"href":"https:\/\/uhmwpemanufacture.com\/pt\/wp-json\/wp\/v2\/product_tag?post=2126"}],"curies":[{"name":"wp","href":"https:\/\/api.w.org\/{rel}","templated":true}]}}