{"id":2132,"date":"2025-10-11T02:33:53","date_gmt":"2025-10-11T02:33:53","guid":{"rendered":"https:\/\/uhmwpemanufacture.com\/?post_type=product&#038;p=2132"},"modified":"2025-10-11T02:33:53","modified_gmt":"2025-10-11T02:33:53","slug":"hockeyicerink-dasher-boards-pe-hdpe-uhmwpe-plastic-sheet","status":"publish","type":"product","link":"https:\/\/uhmwpemanufacture.com\/pt\/hockeyicerink-dasher-boards-pe-hdpe-uhmwpe-plastic-sheet\/","title":{"rendered":"Placa de pl\u00e1stico PE HDPE UHMWPE para pista de h\u00f3quei (gelo)"},"content":{"rendered":"<h2 id=\"hockey-ice-rink-dasher-boards-pe-hdpe-uhmwpe-plastic-sheet\">Placas de pl\u00e1stico PE HDPE UHMWPE para pista de h\u00f3quei (gelo)<\/h2>\n<p>Concentramo-nos em folhas de pl\u00e1stico de alta qualidade, ideais para placas de h\u00f3quei e de pista de gelo, fabricadas a partir de produtos PE, HDPE e UHMWPE. As nossas folhas s\u00e3o concebidas para uma resist\u00eancia e durabilidade excepcionais, capazes de resistir \u00e0s necessidades extenuantes dos desportos no gelo. Dispon\u00edveis numa gama de tons din\u00e2micos como azul, vermelho, branco, preto e ecol\u00f3gico, bem como numa gama de espessuras, estas folhas de pl\u00e1stico garantem uma efici\u00eancia e seguran\u00e7a \u00f3ptimas para qualquer tipo de ringue. Quer necessite de pain\u00e9is robustos para campos profissionais ou de servi\u00e7os duradouros para ringues de bairro, as nossas folhas de pl\u00e1stico personalizadas fornecem uma excelente resist\u00eancia aos efeitos, pouca fric\u00e7\u00e3o e uma qualidade superior duradoura. Tamb\u00e9m fornecemos folhas brancas convencionais por atacado, todas prontas para instala\u00e7\u00e3o ou personaliza\u00e7\u00e3o adicional.<\/p>","protected":false},"excerpt":{"rendered":"<p>As nossas folhas de pl\u00e1stico PE, HDPE e UHMWPE s\u00e3o perfeitas para placas de h\u00f3quei e de pista de gelo. Com uma durabilidade e uma resist\u00eancia ao impacto excepcionais, est\u00e3o dispon\u00edveis em v\u00e1rias cores, como azul, vermelho, branco, preto e verde, garantindo um desempenho e uma seguran\u00e7a \u00f3ptimos para qualquer pista.<\/p>","protected":false},"featured_media":2134,"template":"","meta":{"_gspb_post_css":""},"product_brand":[],"product_cat":[29,30],"product_tag":[406,407,408],"class_list":{"0":"post-2132","1":"product","2":"type-product","3":"status-publish","4":"has-post-thumbnail","6":"product_cat-ice-rink-products","7":"product_cat-hockey-ice-rink-dasher-boards","8":"product_tag-hockey-boards","9":"product_tag-ice-rink-plastic","10":"product_tag-uhmwpe-sheets","12":"first","13":"instock","14":"shipping-taxable","15":"product-type-simple"},"_links":{"self":[{"href":"https:\/\/uhmwpemanufacture.com\/pt\/wp-json\/wp\/v2\/product\/2132","targetHints":{"allow":["GET"]}}],"collection":[{"href":"https:\/\/uhmwpemanufacture.com\/pt\/wp-json\/wp\/v2\/product"}],"about":[{"href":"https:\/\/uhmwpemanufacture.com\/pt\/wp-json\/wp\/v2\/types\/product"}],"wp:featuredmedia":[{"embeddable":true,"href":"https:\/\/uhmwpemanufacture.com\/pt\/wp-json\/wp\/v2\/media\/2134"}],"wp:attachment":[{"href":"https:\/\/uhmwpemanufacture.com\/pt\/wp-json\/wp\/v2\/media?parent=2132"}],"wp:term":[{"taxonomy":"product_brand","embeddable":true,"href":"https:\/\/uhmwpemanufacture.com\/pt\/wp-json\/wp\/v2\/product_brand?post=2132"},{"taxonomy":"product_cat","embeddable":true,"href":"https:\/\/uhmwpemanufacture.com\/pt\/wp-json\/wp\/v2\/product_cat?post=2132"},{"taxonomy":"product_tag","embeddable":true,"href":"https:\/\/uhmwpemanufacture.com\/pt\/wp-json\/wp\/v2\/product_tag?post=2132"}],"curies":[{"name":"wp","href":"https:\/\/api.w.org\/{rel}","templated":true}]}}