{"id":2139,"date":"2025-10-11T02:37:58","date_gmt":"2025-10-11T02:37:58","guid":{"rendered":"https:\/\/uhmwpemanufacture.com\/?post_type=product&#038;p=2139"},"modified":"2025-10-11T02:37:58","modified_gmt":"2025-10-11T02:37:58","slug":"polypropylene-sheet-hockey-practice-shooting-pads-exporter","status":"publish","type":"product","link":"https:\/\/uhmwpemanufacture.com\/pt\/polypropylene-sheet-hockey-practice-shooting-pads-exporter\/","title":{"rendered":"Folha de polipropileno Almofadas de treino de h\u00f3quei Exportador"},"content":{"rendered":"<h2 id=\"polypropylene-sheet-hockey-method-capturing-cushions-exporter\">Folha de polipropileno M\u00e9todo de h\u00f3quei Capturando almofadas Exportador<\/h2>\n<p>Somos um exportador l\u00edder de folhas de polipropileno de alta qualidade, perfeitas para criar almofadas de captura de m\u00e9todos de h\u00f3quei robustas e fi\u00e1veis. As nossas folhas de PP s\u00e3o fabricadas para deslizar e resistir, assemelhando-se a problemas reais de gelo para impulsionar o treino dos jogadores. Como se pode ver na imagem, as nossas folhas est\u00e3o dispon\u00edveis para venda por grosso, bem empilhadas e prontas para entrega, o que significa que temos capacidade para grandes encomendas e um fornecimento fi\u00e1vel. Cada folha oferece uma \u00e1rea de superf\u00edcie constante e lisa, tornando-as melhores para estabelecer a precis\u00e3o de remate, as capacidades de manuseamento de stick e as estrat\u00e9gias de passe. Oferecemos v\u00e1rias espessuras e medidas personalizadas para satisfazer as exig\u00eancias de treinadores, centros de forma\u00e7\u00e3o e jogadores espec\u00edficos a n\u00edvel internacional. Escolha as nossas folhas de polipropileno para uma op\u00e7\u00e3o econ\u00f3mica e resistente para melhorar o m\u00e9todo de h\u00f3quei.<\/p>","protected":false},"excerpt":{"rendered":"<p>Exportamos folhas de polipropileno de alta qualidade para almofadas de treino de h\u00f3quei. Estas folhas dur\u00e1veis oferecem um deslizamento superior, imitando o gelo para melhorar a pr\u00e1tica de tiro, stickhandling e passes. Dispon\u00edveis a granel, as nossas folhas de PP s\u00e3o uma solu\u00e7\u00e3o fi\u00e1vel para instala\u00e7\u00f5es de treino e jogadores em todo o mundo.<\/p>","protected":false},"featured_media":2141,"template":"","meta":{"_gspb_post_css":""},"product_brand":[],"product_cat":[29,31],"product_tag":[410,84,409],"class_list":{"0":"post-2139","1":"product","2":"type-product","3":"status-publish","4":"has-post-thumbnail","6":"product_cat-ice-rink-products","7":"product_cat-hockey-practice-shooting-pads","8":"product_tag-hockey-practice","9":"product_tag-hockey-shooting-pads","10":"product_tag-polypropylene-sheets","12":"first","13":"instock","14":"shipping-taxable","15":"product-type-simple"},"_links":{"self":[{"href":"https:\/\/uhmwpemanufacture.com\/pt\/wp-json\/wp\/v2\/product\/2139","targetHints":{"allow":["GET"]}}],"collection":[{"href":"https:\/\/uhmwpemanufacture.com\/pt\/wp-json\/wp\/v2\/product"}],"about":[{"href":"https:\/\/uhmwpemanufacture.com\/pt\/wp-json\/wp\/v2\/types\/product"}],"wp:featuredmedia":[{"embeddable":true,"href":"https:\/\/uhmwpemanufacture.com\/pt\/wp-json\/wp\/v2\/media\/2141"}],"wp:attachment":[{"href":"https:\/\/uhmwpemanufacture.com\/pt\/wp-json\/wp\/v2\/media?parent=2139"}],"wp:term":[{"taxonomy":"product_brand","embeddable":true,"href":"https:\/\/uhmwpemanufacture.com\/pt\/wp-json\/wp\/v2\/product_brand?post=2139"},{"taxonomy":"product_cat","embeddable":true,"href":"https:\/\/uhmwpemanufacture.com\/pt\/wp-json\/wp\/v2\/product_cat?post=2139"},{"taxonomy":"product_tag","embeddable":true,"href":"https:\/\/uhmwpemanufacture.com\/pt\/wp-json\/wp\/v2\/product_tag?post=2139"}],"curies":[{"name":"wp","href":"https:\/\/api.w.org\/{rel}","templated":true}]}}