{"id":2144,"date":"2025-10-11T02:41:50","date_gmt":"2025-10-11T02:41:50","guid":{"rendered":"https:\/\/uhmwpemanufacture.com\/?post_type=product&#038;p=2144"},"modified":"2025-10-11T02:41:50","modified_gmt":"2025-10-11T02:41:50","slug":"uhmwpe-pom-hdpe-nylon-polyethylene-floor-ball-dasher-boards","status":"publish","type":"product","link":"https:\/\/uhmwpemanufacture.com\/pt\/uhmwpe-pom-hdpe-nylon-polyethylene-floor-ball-dasher-boards\/","title":{"rendered":"Uhmwpe Pom Hdpe Nylon Polietileno Placas de ch\u00e3o com bola"},"content":{"rendered":"<h2 id=\"uhmwpe-pom-hdpe-nylon-polyethylene-floorball-dasher-boards\">T\u00e1buas de ch\u00e3o para bolas de futebol em UHMWPE, POM, HDPE, Nylon<\/h2>\n<p>Fornecemos folhas de pl\u00e1stico de primeira qualidade fabricadas em polietileno UHMWPE, POM, HDPE e Nylon, especialmente desenvolvidas para placas de floorball robustas e de alto desempenho. Estes produtos oferecem uma resist\u00eancia not\u00e1vel aos efeitos, uma fric\u00e7\u00e3o reduzida e excelentes propriedades de desgaste, garantindo um ambiente de jogo robusto e sem riscos. A imagem mostra uma sele\u00e7\u00e3o destas placas de alta qualidade em branco e preto, evidenciando a sua constru\u00e7\u00e3o forte e o seu revestimento suave. As nossas placas de floorball est\u00e3o dispon\u00edveis em v\u00e1rias espessuras e podem ser personalizadas para satisfazer determinadas dimens\u00f5es do ringue e exig\u00eancias de disposi\u00e7\u00e3o. Perfeitas tanto para campos profissionais como para centros de entretenimento, estas vers\u00e1teis placas de pl\u00e1stico garantem uma efici\u00eancia duradoura, uma manuten\u00e7\u00e3o marginal e uma integridade estrutural superior para qualquer configura\u00e7\u00e3o de floorball.<\/p>","protected":false},"excerpt":{"rendered":"<p>As nossas folhas de polietileno UHMWPE, POM, HDPE e Nylon s\u00e3o ideais para placas de floorball dur\u00e1veis. Estas folhas de pl\u00e1stico de alta qualidade oferecem uma excelente resist\u00eancia ao impacto e baixa fric\u00e7\u00e3o, garantindo um ambiente de jogo seguro e robusto. Dispon\u00edveis em branco e preto, s\u00e3o perfeitas para qualquer configura\u00e7\u00e3o de floorball.<\/p>","protected":false},"featured_media":2147,"template":"","meta":{"_gspb_post_css":""},"product_brand":[],"product_cat":[29,33,23],"product_tag":[248,411,408],"class_list":{"0":"post-2144","1":"product","2":"type-product","3":"status-publish","4":"has-post-thumbnail","6":"product_cat-ice-rink-products","7":"product_cat-floor-ball-dasher-boards","8":"product_cat-nylon-sheets","9":"product_tag-floorball-dasher-boards","10":"product_tag-hdpe-plastic","11":"product_tag-uhmwpe-sheets","13":"first","14":"instock","15":"shipping-taxable","16":"product-type-simple"},"_links":{"self":[{"href":"https:\/\/uhmwpemanufacture.com\/pt\/wp-json\/wp\/v2\/product\/2144","targetHints":{"allow":["GET"]}}],"collection":[{"href":"https:\/\/uhmwpemanufacture.com\/pt\/wp-json\/wp\/v2\/product"}],"about":[{"href":"https:\/\/uhmwpemanufacture.com\/pt\/wp-json\/wp\/v2\/types\/product"}],"wp:featuredmedia":[{"embeddable":true,"href":"https:\/\/uhmwpemanufacture.com\/pt\/wp-json\/wp\/v2\/media\/2147"}],"wp:attachment":[{"href":"https:\/\/uhmwpemanufacture.com\/pt\/wp-json\/wp\/v2\/media?parent=2144"}],"wp:term":[{"taxonomy":"product_brand","embeddable":true,"href":"https:\/\/uhmwpemanufacture.com\/pt\/wp-json\/wp\/v2\/product_brand?post=2144"},{"taxonomy":"product_cat","embeddable":true,"href":"https:\/\/uhmwpemanufacture.com\/pt\/wp-json\/wp\/v2\/product_cat?post=2144"},{"taxonomy":"product_tag","embeddable":true,"href":"https:\/\/uhmwpemanufacture.com\/pt\/wp-json\/wp\/v2\/product_tag?post=2144"}],"curies":[{"name":"wp","href":"https:\/\/api.w.org\/{rel}","templated":true}]}}