{"id":2149,"date":"2025-10-11T02:46:25","date_gmt":"2025-10-11T02:46:25","guid":{"rendered":"https:\/\/uhmwpemanufacture.com\/?post_type=product&#038;p=2149"},"modified":"2025-10-11T02:46:25","modified_gmt":"2025-10-11T02:46:25","slug":"custom-paving-slabs-ground-protection-road-dura-mat-dealer","status":"publish","type":"product","link":"https:\/\/uhmwpemanufacture.com\/pt\/custom-paving-slabs-ground-protection-road-dura-mat-dealer\/","title":{"rendered":"Lajes de pavimenta\u00e7\u00e3o personalizadas Prote\u00e7\u00e3o do solo Estrada Dura Mat Revendedor"},"content":{"rendered":"<h2 id=\"custom-paving-slabs-ground-protection-road-dura-floor-covering-supplier\">Lajes de pavimenta\u00e7\u00e3o personalizadas Prote\u00e7\u00e3o do solo Estrada Dura Revestimento de piso Fornecedor<\/h2>\n<p>Somos um dos principais fornecedores de lajes de pavimenta\u00e7\u00e3o personalizadas e tapetes de prote\u00e7\u00e3o do solo, concebidos para proporcionar uma acessibilidade moment\u00e2nea robusta e seguran\u00e7a da superf\u00edcie em ambientes dif\u00edceis. Como se pode ver nas fotografias, as nossas esteiras robustas incluem um padr\u00e3o \u00fanico de placa de diamante para aumentar a tra\u00e7\u00e3o, tornando-as perfeitas para estaleiros de constru\u00e7\u00e3o, ocasi\u00f5es e qualquer \u00e1rea que exija uma cobertura de solo est\u00e1vel e antiderrapante. Oferecemos grandes quantidades destes tapetes, bem empilhados em paletes nas nossas instala\u00e7\u00f5es de armazenamento, preparados para distribui\u00e7\u00e3o. A segunda imagem mostra a sua aplica\u00e7\u00e3o \u00fatil, oferecendo um caminho s\u00f3lido sobre um terreno lamacento. Fabricados a partir de produtos resistentes e de alta densidade, os nossos revestimentos para pavimentos de defesa do solo evitam danos em paisagens delicadas, aumentam a acessibilidade de cami\u00f5es e pe\u00f5es e distribuem grandes quantidades de forma eficaz. Fornecemos dimens\u00f5es e especifica\u00e7\u00f5es personalizadas para satisfazer as diversas exig\u00eancias do projeto, garantindo um desempenho respeit\u00e1vel em diferentes problemas.<\/p>","protected":false},"excerpt":{"rendered":"<p>Somos um dos principais distribuidores de lajes de pavimenta\u00e7\u00e3o personalizadas e tapetes de prote\u00e7\u00e3o do solo da Road Dura. Os nossos tapetes para trabalhos pesados apresentam um padr\u00e3o de placa de diamante para uma tra\u00e7\u00e3o superior, ideal para estaleiros de constru\u00e7\u00e3o, eventos e acesso tempor\u00e1rio a terrenos dif\u00edceis como a lama.<\/p>","protected":false},"featured_media":2154,"template":"","meta":{"_gspb_post_css":""},"product_brand":[],"product_cat":[24,26,27],"product_tag":[72,412,278],"class_list":{"0":"post-2149","1":"product","2":"type-product","3":"status-publish","4":"has-post-thumbnail","6":"product_cat-ground-protection-road-mats","7":"product_cat-base-mats","8":"product_cat-dura-mats","9":"product_tag-ground-protection-mats","10":"product_tag-paving-slabs","11":"product_tag-road-mats","13":"first","14":"instock","15":"shipping-taxable","16":"product-type-simple"},"_links":{"self":[{"href":"https:\/\/uhmwpemanufacture.com\/pt\/wp-json\/wp\/v2\/product\/2149","targetHints":{"allow":["GET"]}}],"collection":[{"href":"https:\/\/uhmwpemanufacture.com\/pt\/wp-json\/wp\/v2\/product"}],"about":[{"href":"https:\/\/uhmwpemanufacture.com\/pt\/wp-json\/wp\/v2\/types\/product"}],"wp:featuredmedia":[{"embeddable":true,"href":"https:\/\/uhmwpemanufacture.com\/pt\/wp-json\/wp\/v2\/media\/2154"}],"wp:attachment":[{"href":"https:\/\/uhmwpemanufacture.com\/pt\/wp-json\/wp\/v2\/media?parent=2149"}],"wp:term":[{"taxonomy":"product_brand","embeddable":true,"href":"https:\/\/uhmwpemanufacture.com\/pt\/wp-json\/wp\/v2\/product_brand?post=2149"},{"taxonomy":"product_cat","embeddable":true,"href":"https:\/\/uhmwpemanufacture.com\/pt\/wp-json\/wp\/v2\/product_cat?post=2149"},{"taxonomy":"product_tag","embeddable":true,"href":"https:\/\/uhmwpemanufacture.com\/pt\/wp-json\/wp\/v2\/product_tag?post=2149"}],"curies":[{"name":"wp","href":"https:\/\/api.w.org\/{rel}","templated":true}]}}