{"id":2156,"date":"2025-10-11T02:50:57","date_gmt":"2025-10-11T02:50:57","guid":{"rendered":"https:\/\/uhmwpemanufacture.com\/?post_type=product&#038;p=2156"},"modified":"2025-10-11T02:50:57","modified_gmt":"2025-10-11T02:50:57","slug":"outrigger-pad-ultra-high-molecular-weight-polyethylene-hdpe","status":"publish","type":"product","link":"https:\/\/uhmwpemanufacture.com\/pt\/outrigger-pad-ultra-high-molecular-weight-polyethylene-hdpe\/","title":{"rendered":"Almofada para estabilizadores Polietileno de peso molecular ultra-elevado HDPE"},"content":{"rendered":"<h2 id=\"outrigger-pad-ultra-high-molecular-weight-polyethylene-hdpe\">Almofada do estabilizador: Polietileno de peso molecular ultra-elevado HDPE<\/h2>\n<p>As nossas almofadas para estabilizadores s\u00e3o fabricadas a partir de polietileno de peso molecular ultra-elevado (UHMWPE) e HDPE, utilizando uma for\u00e7a e seguran\u00e7a not\u00e1veis para ferramentas pesadas. Estas almofadas resilientes dispersam eficazmente as cargas, protegendo contra danos nas superf\u00edcies e aumentando a seguran\u00e7a durante os procedimentos de forma\u00e7\u00e3o. A primeira imagem mostra uma almofada de estabilizador quadrada solit\u00e1ria com um centro arredondado distinto para uma maior fixa\u00e7\u00e3o e uma gest\u00e3o verde conveniente para um transporte simples. A segunda imagem mostra a sua aplica\u00e7\u00e3o pr\u00e1tica, apoiando o p\u00e9 de um estabilizador em terreno irregular, demonstrando as suas robustas capacidades de suporte de carga e vantagens de prote\u00e7\u00e3o do solo. Adequadas para gruas, plataformas a\u00e9reas e outros equipamentos que necessitem de assist\u00eancia est\u00e1vel, as nossas almofadas para estabilizadores em UHMWPE e HDPE s\u00e3o imunes \u00e0 \u00e1gua, a produtos qu\u00edmicos e a temperaturas severas. S\u00e3o um servi\u00e7o fi\u00e1vel e duradouro para os sectores da constru\u00e7\u00e3o, energia e paisagismo, garantindo a estabilidade do equipamento e a seguran\u00e7a do condutor em qualquer local de trabalho.<\/p>","protected":false},"excerpt":{"rendered":"<p>As nossas almofadas para estabilizadores em UHMWPE e HDPE proporcionam uma resist\u00eancia e estabilidade superiores para equipamento pesado. Estas almofadas duradouras distribuem eficazmente as cargas, evitando danos na superf\u00edcie e aumentando a seguran\u00e7a durante as opera\u00e7\u00f5es de eleva\u00e7\u00e3o. Com uma pega pr\u00e1tica, s\u00e3o ideais para gruas e plataformas a\u00e9reas.<\/p>","protected":false},"featured_media":2162,"template":"","meta":{"_gspb_post_css":""},"product_brand":[],"product_cat":[15,20],"product_tag":[397,256,396],"class_list":{"0":"post-2156","1":"product","2":"type-product","3":"status-publish","4":"has-post-thumbnail","6":"product_cat-uhmwpe-hdpe-sheets-plates","7":"product_cat-crane-outrigger-pads","8":"product_tag-hdpe","9":"product_tag-outrigger-pads","10":"product_tag-uhmwpe","12":"first","13":"instock","14":"shipping-taxable","15":"product-type-simple"},"_links":{"self":[{"href":"https:\/\/uhmwpemanufacture.com\/pt\/wp-json\/wp\/v2\/product\/2156","targetHints":{"allow":["GET"]}}],"collection":[{"href":"https:\/\/uhmwpemanufacture.com\/pt\/wp-json\/wp\/v2\/product"}],"about":[{"href":"https:\/\/uhmwpemanufacture.com\/pt\/wp-json\/wp\/v2\/types\/product"}],"wp:featuredmedia":[{"embeddable":true,"href":"https:\/\/uhmwpemanufacture.com\/pt\/wp-json\/wp\/v2\/media\/2162"}],"wp:attachment":[{"href":"https:\/\/uhmwpemanufacture.com\/pt\/wp-json\/wp\/v2\/media?parent=2156"}],"wp:term":[{"taxonomy":"product_brand","embeddable":true,"href":"https:\/\/uhmwpemanufacture.com\/pt\/wp-json\/wp\/v2\/product_brand?post=2156"},{"taxonomy":"product_cat","embeddable":true,"href":"https:\/\/uhmwpemanufacture.com\/pt\/wp-json\/wp\/v2\/product_cat?post=2156"},{"taxonomy":"product_tag","embeddable":true,"href":"https:\/\/uhmwpemanufacture.com\/pt\/wp-json\/wp\/v2\/product_tag?post=2156"}],"curies":[{"name":"wp","href":"https:\/\/api.w.org\/{rel}","templated":true}]}}