{"id":2163,"date":"2025-10-11T02:55:32","date_gmt":"2025-10-11T02:55:32","guid":{"rendered":"https:\/\/uhmwpemanufacture.com\/?post_type=product&#038;p=2163"},"modified":"2025-10-11T02:55:32","modified_gmt":"2025-10-11T02:55:32","slug":"custom-high-quality-coal-bunker-limit-plate-manufacturer","status":"publish","type":"product","link":"https:\/\/uhmwpemanufacture.com\/pt\/custom-high-quality-coal-bunker-limit-plate-manufacturer\/","title":{"rendered":"Placa limite de bunker de carv\u00e3o de alta qualidade personalizada Fabricante"},"content":{"rendered":"<h2 id=\"personalized-high-quality-coal-shelter-restriction-plate-manufacturer\">Placa de restri\u00e7\u00e3o de abrigo de carv\u00e3o personalizada de alta qualidade Fabricante<\/h2>\n<p>Somos um fornecedor l\u00edder de placas de restri\u00e7\u00e3o de bunker de carv\u00e3o de qualidade superior feitas \u00e0 medida, concebidas para um desempenho superior e durabilidade procurada em ambientes industriais. As nossas placas s\u00e3o fabricadas a partir de materiais dur\u00e1veis para suportar a natureza \u00e1spera do carv\u00e3o e o uso pesado constante, garantindo um procedimento eficaz e seguro dos bunkers de carv\u00e3o. Como se pode ver na imagem, as nossas placas de restri\u00e7\u00e3o pretas e quadradas est\u00e3o empilhadas ordenadamente em paletes de madeira, demonstrando a nossa capacidade de fabrico a granel e de fornecimento organizado. Cada placa \u00e9 produzida com precis\u00e3o, oferecendo uma excelente resist\u00eancia ao desgaste e uma superf\u00edcie lisa para ajudar na circula\u00e7\u00e3o do carv\u00e3o enquanto protege a estrutura do abrigo. Fornecemos dimens\u00f5es ajust\u00e1veis e composi\u00e7\u00f5es de produtos para se adaptarem perfeitamente aos seus detalhes de sistemas de tratamento de carv\u00e3o, reduzindo os custos de manuten\u00e7\u00e3o e aumentando a efic\u00e1cia funcional. Confie no nosso conhecimento para obter placas de restri\u00e7\u00e3o de bunker de carv\u00e3o fi\u00e1veis e de alto desempenho que satisfa\u00e7am os rigorosos crit\u00e9rios do sector.<\/p>","protected":false},"excerpt":{"rendered":"<p>Fabricamos placas de limite de bunker de carv\u00e3o personalizadas e de alta qualidade. Fabricadas com materiais robustos e resistentes ao desgaste, estas placas asseguram um fluxo de carv\u00e3o eficiente e protegem as estruturas dos dep\u00f3sitos. Dispon\u00edveis a granel, as nossas placas fabricadas com precis\u00e3o oferecem um desempenho duradouro para ambientes industriais exigentes.<\/p>","protected":false},"featured_media":2164,"template":"","meta":{"_gspb_post_css":""},"product_brand":[],"product_cat":[15,22],"product_tag":[413,415,414],"class_list":{"0":"post-2163","1":"product","2":"type-product","3":"status-publish","4":"has-post-thumbnail","6":"product_cat-uhmwpe-hdpe-sheets-plates","7":"product_cat-coal-bunker-limit-plates","8":"product_tag-coal-bunker-plates","9":"product_tag-industrial-plastics","10":"product_tag-limit-plates","12":"first","13":"instock","14":"shipping-taxable","15":"product-type-simple"},"_links":{"self":[{"href":"https:\/\/uhmwpemanufacture.com\/pt\/wp-json\/wp\/v2\/product\/2163","targetHints":{"allow":["GET"]}}],"collection":[{"href":"https:\/\/uhmwpemanufacture.com\/pt\/wp-json\/wp\/v2\/product"}],"about":[{"href":"https:\/\/uhmwpemanufacture.com\/pt\/wp-json\/wp\/v2\/types\/product"}],"wp:featuredmedia":[{"embeddable":true,"href":"https:\/\/uhmwpemanufacture.com\/pt\/wp-json\/wp\/v2\/media\/2164"}],"wp:attachment":[{"href":"https:\/\/uhmwpemanufacture.com\/pt\/wp-json\/wp\/v2\/media?parent=2163"}],"wp:term":[{"taxonomy":"product_brand","embeddable":true,"href":"https:\/\/uhmwpemanufacture.com\/pt\/wp-json\/wp\/v2\/product_brand?post=2163"},{"taxonomy":"product_cat","embeddable":true,"href":"https:\/\/uhmwpemanufacture.com\/pt\/wp-json\/wp\/v2\/product_cat?post=2163"},{"taxonomy":"product_tag","embeddable":true,"href":"https:\/\/uhmwpemanufacture.com\/pt\/wp-json\/wp\/v2\/product_tag?post=2163"}],"curies":[{"name":"wp","href":"https:\/\/api.w.org\/{rel}","templated":true}]}}