{"id":2167,"date":"2025-10-11T03:00:32","date_gmt":"2025-10-11T03:00:32","guid":{"rendered":"https:\/\/uhmwpemanufacture.com\/?post_type=product&#038;p=2167"},"modified":"2025-10-11T03:00:32","modified_gmt":"2025-10-11T03:00:32","slug":"composite-ground-mat-amphi-mat-plastic-road-ground-mat","status":"publish","type":"product","link":"https:\/\/uhmwpemanufacture.com\/pt\/composite-ground-mat-amphi-mat-plastic-road-ground-mat\/","title":{"rendered":"Tapete de solo composto Tapete Amphi Tapete de solo de estrada em pl\u00e1stico"},"content":{"rendered":"<h2 id=\"composite-ground-mat-amphi-mat-plastic-roadway-ground-floor-covering\">Tapete de solo composto, tapete anf\u00edbio Revestimento de piso de pl\u00e1stico para estradas<\/h2>\n<p>Fornecemos revestimentos de solo comp\u00f3sitos de qualidade superior, adicionalmente designados por revestimentos de solo de pl\u00e1stico para estradas Amphi Mat, criados para um not\u00e1vel acesso de curta dura\u00e7\u00e3o e seguran\u00e7a do solo. Estes tapetes duradouros s\u00e3o ideais para a produ\u00e7\u00e3o de caminhos est\u00e1veis, sistemas de trabalho e acesso a estradas em terrenos dif\u00edceis, como lama, areia ou superf\u00edcies desiguais. A imagem mostra uma pilha dos nossos revestimentos para pavimentos duradouros, firmemente amarrados com fitas amarelas, a serem transportados por um empilhador, real\u00e7ando a sua prontid\u00e3o para uma utiliza\u00e7\u00e3o em grande escala e a facilidade de manuseamento. Cada revestimento de pavimento inclui uma superf\u00edcie texturada para proporcionar uma excelente ader\u00eancia para carros e pe\u00f5es, evitando deslizamentos e garantindo a seguran\u00e7a. Fabricados a partir de materiais comp\u00f3sitos resistentes e de alta densidade, os nossos revestimentos para pavimentos t\u00e9rreos s\u00e3o imunes a cargas pesadas, produtos qu\u00edmicos e condi\u00e7\u00f5es climat\u00e9ricas extremas, o que os torna uma sele\u00e7\u00e3o respeit\u00e1vel para estaleiros de constru\u00e7\u00e3o, eventos ao ar livre, trabalhos de utilidade p\u00fablica e muito mais. Fornecemos tamanhos personalizados para satisfazer as v\u00e1rias exig\u00eancias de trabalho, assegurando uma defesa eficaz do solo e uma acessibilidade fi\u00e1vel ao local.<\/p>","protected":false},"excerpt":{"rendered":"<p>Os nossos tapetes de solo comp\u00f3sitos, tamb\u00e9m conhecidos como tapetes de solo de estrada de pl\u00e1stico Amphi Mat, proporcionam um acesso tempor\u00e1rio superior e prote\u00e7\u00e3o do solo. Ideais para terrenos dif\u00edceis, estes tapetes duradouros oferecem uma excelente tra\u00e7\u00e3o para ve\u00edculos e pe\u00f5es, garantindo seguran\u00e7a e efici\u00eancia em qualquer local.<\/p>","protected":false},"featured_media":2170,"template":"","meta":{"_gspb_post_css":""},"product_brand":[],"product_cat":[24,28,26],"product_tag":[417,392,416],"class_list":{"0":"post-2167","1":"product","2":"type-product","3":"status-publish","4":"has-post-thumbnail","6":"product_cat-ground-protection-road-mats","7":"product_cat-amphi-mats","8":"product_cat-base-mats","9":"product_tag-composite-mats","10":"product_tag-ground-mats","11":"product_tag-plastic-road-mats","13":"first","14":"instock","15":"shipping-taxable","16":"product-type-simple"},"_links":{"self":[{"href":"https:\/\/uhmwpemanufacture.com\/pt\/wp-json\/wp\/v2\/product\/2167","targetHints":{"allow":["GET"]}}],"collection":[{"href":"https:\/\/uhmwpemanufacture.com\/pt\/wp-json\/wp\/v2\/product"}],"about":[{"href":"https:\/\/uhmwpemanufacture.com\/pt\/wp-json\/wp\/v2\/types\/product"}],"wp:featuredmedia":[{"embeddable":true,"href":"https:\/\/uhmwpemanufacture.com\/pt\/wp-json\/wp\/v2\/media\/2170"}],"wp:attachment":[{"href":"https:\/\/uhmwpemanufacture.com\/pt\/wp-json\/wp\/v2\/media?parent=2167"}],"wp:term":[{"taxonomy":"product_brand","embeddable":true,"href":"https:\/\/uhmwpemanufacture.com\/pt\/wp-json\/wp\/v2\/product_brand?post=2167"},{"taxonomy":"product_cat","embeddable":true,"href":"https:\/\/uhmwpemanufacture.com\/pt\/wp-json\/wp\/v2\/product_cat?post=2167"},{"taxonomy":"product_tag","embeddable":true,"href":"https:\/\/uhmwpemanufacture.com\/pt\/wp-json\/wp\/v2\/product_tag?post=2167"}],"curies":[{"name":"wp","href":"https:\/\/api.w.org\/{rel}","templated":true}]}}