{"id":2171,"date":"2025-10-11T03:22:40","date_gmt":"2025-10-11T03:22:40","guid":{"rendered":"https:\/\/uhmwpemanufacture.com\/?post_type=product&#038;p=2171"},"modified":"2025-10-11T03:22:40","modified_gmt":"2025-10-11T03:22:40","slug":"injection-molding-plastic-products-uhmwpe-sheets-suppliers","status":"publish","type":"product","link":"https:\/\/uhmwpemanufacture.com\/pt\/injection-molding-plastic-products-uhmwpe-sheets-suppliers\/","title":{"rendered":"Produtos de pl\u00e1stico para moldagem por inje\u00e7\u00e3o Folhas de UHMWPE Fornecedores"},"content":{"rendered":"<h2 id=\"uhmwpe-sheets-rods\">Chapas e barras de UHMWPE<\/h2>\n<p>Estas folhas e varas de UHMWPE (polietileno de peso molecular ultra-elevado) de elevado desempenho s\u00e3o perfeitas para in\u00fameras aplica\u00e7\u00f5es industriais. Dispon\u00edveis em v\u00e1rias tonalidades de preto, branco e azul, estes produtos de pl\u00e1stico resilientes proporcionam uma excelente resist\u00eancia ao desgaste, uma fric\u00e7\u00e3o reduzida e uma elevada resist\u00eancia ao efeito. S\u00e3o frequentemente utilizados como produtos de pl\u00e1stico para moldagem por inje\u00e7\u00e3o e fornecidos para diferentes necessidades de fabrico em que s\u00e3o necess\u00e1rios produtos robustos e duradouros. A imagem mostra uma pilha de folhas rectangulares em v\u00e1rias tonalidades e numerosos postes cil\u00edndricos, demonstrando a conveni\u00eancia e os tipos do produto.<\/p>","protected":false},"excerpt":{"rendered":"<p>S\u00e3o apresentadas chapas e varetas de UHMWPE duradouras em v\u00e1rias cores (preto, branco, azul, vermelho, amarelo, verde). Estes produtos pl\u00e1sticos de elevado desempenho oferecem uma excelente resist\u00eancia ao desgaste e uma elevada resist\u00eancia ao impacto, ideais para moldagem por inje\u00e7\u00e3o e aplica\u00e7\u00f5es industriais onde s\u00e3o necess\u00e1rios materiais robustos.<\/p>","protected":false},"featured_media":2174,"template":"","meta":{"_gspb_post_css":""},"product_brand":[],"product_cat":[15,17],"product_tag":[415,395,396],"class_list":{"0":"post-2171","1":"product","2":"type-product","3":"status-publish","4":"has-post-thumbnail","6":"product_cat-uhmwpe-hdpe-sheets-plates","7":"product_cat-uhmwpe-sheets","8":"product_tag-industrial-plastics","9":"product_tag-plastic-sheets","10":"product_tag-uhmwpe","12":"first","13":"instock","14":"shipping-taxable","15":"product-type-simple"},"_links":{"self":[{"href":"https:\/\/uhmwpemanufacture.com\/pt\/wp-json\/wp\/v2\/product\/2171","targetHints":{"allow":["GET"]}}],"collection":[{"href":"https:\/\/uhmwpemanufacture.com\/pt\/wp-json\/wp\/v2\/product"}],"about":[{"href":"https:\/\/uhmwpemanufacture.com\/pt\/wp-json\/wp\/v2\/types\/product"}],"wp:featuredmedia":[{"embeddable":true,"href":"https:\/\/uhmwpemanufacture.com\/pt\/wp-json\/wp\/v2\/media\/2174"}],"wp:attachment":[{"href":"https:\/\/uhmwpemanufacture.com\/pt\/wp-json\/wp\/v2\/media?parent=2171"}],"wp:term":[{"taxonomy":"product_brand","embeddable":true,"href":"https:\/\/uhmwpemanufacture.com\/pt\/wp-json\/wp\/v2\/product_brand?post=2171"},{"taxonomy":"product_cat","embeddable":true,"href":"https:\/\/uhmwpemanufacture.com\/pt\/wp-json\/wp\/v2\/product_cat?post=2171"},{"taxonomy":"product_tag","embeddable":true,"href":"https:\/\/uhmwpemanufacture.com\/pt\/wp-json\/wp\/v2\/product_tag?post=2171"}],"curies":[{"name":"wp","href":"https:\/\/api.w.org\/{rel}","templated":true}]}}