{"id":2176,"date":"2025-10-11T03:30:50","date_gmt":"2025-10-11T03:30:50","guid":{"rendered":"https:\/\/uhmwpemanufacture.com\/?post_type=product&#038;p=2176"},"modified":"2025-10-11T03:30:50","modified_gmt":"2025-10-11T03:30:50","slug":"heavy-duty-uhmwpe-pe-plastic-outrigger-pad-wholesaler","status":"publish","type":"product","link":"https:\/\/uhmwpemanufacture.com\/pt\/heavy-duty-uhmwpe-pe-plastic-outrigger-pad-wholesaler\/","title":{"rendered":"Atacadista de almofada de pl\u00e1stico UHMWPE PE para servi\u00e7o pesado"},"content":{"rendered":"<h2 id=\"sturdy-uhmwpe-outrigger-pads\">Almofadas robustas em UHMWPE<\/h2>\n<p>Estas robustas almofadas de estabilizadores UHMWPE (polietileno de peso molecular ultra-elevado) s\u00e3o desenvolvidas para um apoio e seguran\u00e7a excepcionais em diferentes aplica\u00e7\u00f5es comerciais. Fabricadas em pl\u00e1stico PE de alta qualidade, proporcionam uma for\u00e7a, resili\u00eancia e resist\u00eancia \u00e0 deteriora\u00e7\u00e3o extraordin\u00e1rias. A primeira imagem revela duas colec\u00e7\u00f5es de almofadas pretas empilhadas, em forma de ret\u00e2ngulo, com superf\u00edcies texturizadas e cordas com cabo vermelho para um manuseamento simples, acompanhadas por uma grua de design para real\u00e7ar a sua utiliza\u00e7\u00e3o. A segunda fotografia mostra v\u00e1rios montes de almofadas pretas, quadradas, algumas com impress\u00f5es circulares, numa palete azul num ambiente de oficina, todas preparadas para circula\u00e7\u00e3o por grosso. Estas almofadas s\u00e3o um artigo de venda por grosso essencial para garantir a seguran\u00e7a e a prote\u00e7\u00e3o contra danos no solo durante o funcionamento de m\u00e1quinas pesadas.<\/p>","protected":false},"excerpt":{"rendered":"<p>Estas robustas almofadas de pl\u00e1stico UHMWPE para estabilizadores fornecem um suporte est\u00e1vel para maquinaria pesada, evitando danos no solo. Dispon\u00edveis para venda por grosso, s\u00e3o altamente dur\u00e1veis, resistentes ao desgaste e essenciais para opera\u00e7\u00f5es industriais seguras.<\/p>","protected":false},"featured_media":2179,"template":"","meta":{"_gspb_post_css":""},"product_brand":[],"product_cat":[15,21],"product_tag":[418,256,396],"class_list":{"0":"post-2176","1":"product","2":"type-product","3":"status-publish","4":"has-post-thumbnail","6":"product_cat-uhmwpe-hdpe-sheets-plates","7":"product_cat-uhmwpe-fender-pads","8":"product_tag-heavy-duty","9":"product_tag-outrigger-pads","10":"product_tag-uhmwpe","12":"first","13":"instock","14":"shipping-taxable","15":"product-type-simple"},"_links":{"self":[{"href":"https:\/\/uhmwpemanufacture.com\/pt\/wp-json\/wp\/v2\/product\/2176","targetHints":{"allow":["GET"]}}],"collection":[{"href":"https:\/\/uhmwpemanufacture.com\/pt\/wp-json\/wp\/v2\/product"}],"about":[{"href":"https:\/\/uhmwpemanufacture.com\/pt\/wp-json\/wp\/v2\/types\/product"}],"wp:featuredmedia":[{"embeddable":true,"href":"https:\/\/uhmwpemanufacture.com\/pt\/wp-json\/wp\/v2\/media\/2179"}],"wp:attachment":[{"href":"https:\/\/uhmwpemanufacture.com\/pt\/wp-json\/wp\/v2\/media?parent=2176"}],"wp:term":[{"taxonomy":"product_brand","embeddable":true,"href":"https:\/\/uhmwpemanufacture.com\/pt\/wp-json\/wp\/v2\/product_brand?post=2176"},{"taxonomy":"product_cat","embeddable":true,"href":"https:\/\/uhmwpemanufacture.com\/pt\/wp-json\/wp\/v2\/product_cat?post=2176"},{"taxonomy":"product_tag","embeddable":true,"href":"https:\/\/uhmwpemanufacture.com\/pt\/wp-json\/wp\/v2\/product_tag?post=2176"}],"curies":[{"name":"wp","href":"https:\/\/api.w.org\/{rel}","templated":true}]}}