{"id":2186,"date":"2025-10-11T03:44:54","date_gmt":"2025-10-11T03:44:54","guid":{"rendered":"https:\/\/uhmwpemanufacture.com\/?post_type=product&#038;p=2186"},"modified":"2025-10-11T03:44:54","modified_gmt":"2025-10-11T03:44:54","slug":"customizable-mg-engineering-plastic-sheets-manufacturer","status":"publish","type":"product","link":"https:\/\/uhmwpemanufacture.com\/pt\/customizable-mg-engineering-plastic-sheets-manufacturer\/","title":{"rendered":"Fabricante de folhas de pl\u00e1stico de engenharia MG personaliz\u00e1veis"},"content":{"rendered":"<h2 id=\"adjustable-mg-engineering-plastic-parts\">Pe\u00e7as de pl\u00e1stico ajust\u00e1veis da MG Engineering<\/h2>\n<p>Somos um fabricante que se concentra em elementos de pl\u00e1stico de design personaliz\u00e1vel. Embora o t\u00edtulo do produto mencione \u201cfolhas\u201d, as imagens apresentam componentes de pl\u00e1stico fabricados com precis\u00e3o, especificamente uma sele\u00e7\u00e3o de itens pequenos e elaborados adequados para in\u00fameras aplica\u00e7\u00f5es mec\u00e2nicas. Estes elementos, alguns amigos do ambiente e vermelhos, com componentes pretos semelhantes a borracha e uma mola, mostram a nossa capacidade de criar artigos personalizados. Utilizamos pl\u00e1sticos de engenharia robustos para garantir longevidade, elevado desempenho e especifica\u00e7\u00f5es precisas para ind\u00fastrias variadas. A nossa compet\u00eancia estende-se \u00e0 cria\u00e7\u00e3o de formas e configura\u00e7\u00f5es complicadas, fornecendo servi\u00e7os personalizados para satisfazer as necessidades dos clientes em termos de pe\u00e7as de pl\u00e1stico de elevada qualidade e reputa\u00e7\u00e3o.<\/p>","protected":false},"excerpt":{"rendered":"<p>Enquanto fabricante, oferecemos componentes de pl\u00e1stico de engenharia personaliz\u00e1veis. As imagens mostram pe\u00e7as moldadas com precis\u00e3o (verde, vermelho, preto, com uma mola), real\u00e7ando a nossa capacidade de produzir artigos complexos a partir de pl\u00e1sticos de engenharia duradouros para satisfazer diversas necessidades industriais.<\/p>","protected":false},"featured_media":2191,"template":"","meta":{"_gspb_post_css":""},"product_brand":[],"product_cat":[34],"product_tag":[422,71,97],"class_list":{"0":"post-2186","1":"product","2":"type-product","3":"status-publish","4":"has-post-thumbnail","6":"product_cat-mg-engineering-plastic-sheets","7":"product_tag-custom-molding","8":"product_tag-engineering-plastic","9":"product_tag-plastic-components","11":"first","12":"instock","13":"shipping-taxable","14":"product-type-simple"},"_links":{"self":[{"href":"https:\/\/uhmwpemanufacture.com\/pt\/wp-json\/wp\/v2\/product\/2186","targetHints":{"allow":["GET"]}}],"collection":[{"href":"https:\/\/uhmwpemanufacture.com\/pt\/wp-json\/wp\/v2\/product"}],"about":[{"href":"https:\/\/uhmwpemanufacture.com\/pt\/wp-json\/wp\/v2\/types\/product"}],"wp:featuredmedia":[{"embeddable":true,"href":"https:\/\/uhmwpemanufacture.com\/pt\/wp-json\/wp\/v2\/media\/2191"}],"wp:attachment":[{"href":"https:\/\/uhmwpemanufacture.com\/pt\/wp-json\/wp\/v2\/media?parent=2186"}],"wp:term":[{"taxonomy":"product_brand","embeddable":true,"href":"https:\/\/uhmwpemanufacture.com\/pt\/wp-json\/wp\/v2\/product_brand?post=2186"},{"taxonomy":"product_cat","embeddable":true,"href":"https:\/\/uhmwpemanufacture.com\/pt\/wp-json\/wp\/v2\/product_cat?post=2186"},{"taxonomy":"product_tag","embeddable":true,"href":"https:\/\/uhmwpemanufacture.com\/pt\/wp-json\/wp\/v2\/product_tag?post=2186"}],"curies":[{"name":"wp","href":"https:\/\/api.w.org\/{rel}","templated":true}]}}