{"id":2192,"date":"2025-10-11T03:49:12","date_gmt":"2025-10-11T03:49:12","guid":{"rendered":"https:\/\/uhmwpemanufacture.com\/?post_type=product&#038;p=2192"},"modified":"2025-10-11T03:49:12","modified_gmt":"2025-10-11T03:49:12","slug":"customizable-premium-mc-bar-cast-nylon-board-manufacturing","status":"publish","type":"product","link":"https:\/\/uhmwpemanufacture.com\/pt\/customizable-premium-mc-bar-cast-nylon-board-manufacturing\/","title":{"rendered":"Fabrico de placas de nylon fundido com barra MC Premium personaliz\u00e1vel"},"content":{"rendered":"<h2 id=\"customizable-premium-mc-cast-nylon-boards\">Pranchas personaliz\u00e1veis em nylon fundido MC Premium<\/h2>\n<p>Concentramo-nos na produ\u00e7\u00e3o de placas e barras de nylon MC (Monomer Cast) de qualidade superior personaliz\u00e1veis. Estes produtos pl\u00e1sticos de elevado desempenho s\u00e3o reconhecidos pela sua not\u00e1vel dureza, resist\u00eancia ao uso e baixa fric\u00e7\u00e3o, tornando-os ideais para uma vasta gama de aplica\u00e7\u00f5es comerciais. A primeira imagem mostra uma pilha de placas quadradas coloridas (vermelho, amigo do ambiente, amarelo, branco, preto, azul), real\u00e7ando a sele\u00e7\u00e3o dispon\u00edvel. A segunda imagem mostra enormes pilhas de placas mais grossas em natural (creme\/bege), branco e preto, sugerindo a nossa capacidade de gerar quantidades substanciais em diferentes dimens\u00f5es. Os nossos artigos de nylon fundido MC s\u00e3o perfeitos para pe\u00e7as que requerem excelentes propriedades mec\u00e2nicas e uma longa vida \u00fatil, adaptados \u00e0s suas necessidades de engenharia de pormenor.<\/p>","protected":false},"excerpt":{"rendered":"<p class=\"ng-star-inserted\"><span class=\"ng-star-inserted\">Fabricamos placas e barras de nylon fundido MC de qualidade superior. Estes pl\u00e1sticos de alto desempenho oferecem uma for\u00e7a superior, resist\u00eancia ao desgaste e baixa fric\u00e7\u00e3o. Dispon\u00edveis em v\u00e1rias cores e tamanhos, s\u00e3o ideais para diversas aplica\u00e7\u00f5es industriais e podem ser personalizados de acordo com as suas especifica\u00e7\u00f5es exactas.<\/span><\/p>","protected":false},"featured_media":2196,"template":"","meta":{"_gspb_post_css":""},"product_brand":[],"product_cat":[23],"product_tag":[423,425,424],"class_list":{"0":"post-2192","1":"product","2":"type-product","3":"status-publish","4":"has-post-thumbnail","6":"product_cat-nylon-sheets","7":"product_tag-cast-nylon","8":"product_tag-mc-nylon","9":"product_tag-plastic-boards","11":"first","12":"instock","13":"shipping-taxable","14":"product-type-simple"},"_links":{"self":[{"href":"https:\/\/uhmwpemanufacture.com\/pt\/wp-json\/wp\/v2\/product\/2192","targetHints":{"allow":["GET"]}}],"collection":[{"href":"https:\/\/uhmwpemanufacture.com\/pt\/wp-json\/wp\/v2\/product"}],"about":[{"href":"https:\/\/uhmwpemanufacture.com\/pt\/wp-json\/wp\/v2\/types\/product"}],"wp:featuredmedia":[{"embeddable":true,"href":"https:\/\/uhmwpemanufacture.com\/pt\/wp-json\/wp\/v2\/media\/2196"}],"wp:attachment":[{"href":"https:\/\/uhmwpemanufacture.com\/pt\/wp-json\/wp\/v2\/media?parent=2192"}],"wp:term":[{"taxonomy":"product_brand","embeddable":true,"href":"https:\/\/uhmwpemanufacture.com\/pt\/wp-json\/wp\/v2\/product_brand?post=2192"},{"taxonomy":"product_cat","embeddable":true,"href":"https:\/\/uhmwpemanufacture.com\/pt\/wp-json\/wp\/v2\/product_cat?post=2192"},{"taxonomy":"product_tag","embeddable":true,"href":"https:\/\/uhmwpemanufacture.com\/pt\/wp-json\/wp\/v2\/product_tag?post=2192"}],"curies":[{"name":"wp","href":"https:\/\/api.w.org\/{rel}","templated":true}]}}