{"id":2199,"date":"2025-10-11T06:03:00","date_gmt":"2025-10-11T06:03:00","guid":{"rendered":"https:\/\/uhmwpemanufacture.com\/?post_type=product&#038;p=2199"},"modified":"2025-10-11T06:03:00","modified_gmt":"2025-10-11T06:03:00","slug":"manufacturer-custom-pp-pe-products-nylon-plastic-wholesaler","status":"publish","type":"product","link":"https:\/\/uhmwpemanufacture.com\/pt\/manufacturer-custom-pp-pe-products-nylon-plastic-wholesaler\/","title":{"rendered":"Fabricante Personalizado PP PE Produtos Nylon Pl\u00e1stico Atacadista"},"content":{"rendered":"<h2 id=\"custom-plastic-components\">Componentes de pl\u00e1stico personalizados<\/h2>\n<p>Est\u00e1 \u00e0 procura de componentes de pl\u00e1stico de alta qualidade e fabricados por medida? Somos um revendedor l\u00edder que se concentra em produtos de pl\u00e1stico PP, PE e Nylon feitos \u00e0 medida. A nossa extensa variedade de capacidades permite-nos produzir uma vasta gama de pe\u00e7as, que consistem em equipamentos, rolos, guias, casquilhos e contas especializadas, como se pode ver nas imagens. Oferecemos solu\u00e7\u00f5es de moldagem e maquina\u00e7\u00e3o de precis\u00e3o para satisfazer os seus requisitos espec\u00edficos, quer necessite de componentes para equipamento industrial, bens duradouros ou outras aplica\u00e7\u00f5es. O nosso compromisso com a qualidade garante op\u00e7\u00f5es de pl\u00e1stico duradouras e de boa reputa\u00e7\u00e3o, adaptadas \u00e0s suas necessidades. Contacte-nos hoje para analisar as suas necessidades de produ\u00e7\u00e3o de pl\u00e1stico personalizado.<\/p>","protected":false},"excerpt":{"rendered":"<p>Somos um dos principais grossistas de produtos de pl\u00e1stico PP, PE e Nylon personalizados. A nossa gama diversificada inclui engrenagens moldadas com precis\u00e3o, rolos, guias e pe\u00e7as especializadas, todas fabricadas de acordo com as suas especifica\u00e7\u00f5es exactas para v\u00e1rias aplica\u00e7\u00f5es industriais e de consumo.<\/p>","protected":false},"featured_media":2200,"template":"","meta":{"_gspb_post_css":""},"product_brand":[],"product_cat":[23,35],"product_tag":[125,97,426],"class_list":{"0":"post-2199","1":"product","2":"type-product","3":"status-publish","4":"has-post-thumbnail","6":"product_cat-nylon-sheets","7":"product_cat-pp-pe-products","8":"product_tag-custom-plastic-parts","9":"product_tag-plastic-components","10":"product_tag-pp-pe-nylon","12":"first","13":"instock","14":"shipping-taxable","15":"product-type-simple"},"_links":{"self":[{"href":"https:\/\/uhmwpemanufacture.com\/pt\/wp-json\/wp\/v2\/product\/2199","targetHints":{"allow":["GET"]}}],"collection":[{"href":"https:\/\/uhmwpemanufacture.com\/pt\/wp-json\/wp\/v2\/product"}],"about":[{"href":"https:\/\/uhmwpemanufacture.com\/pt\/wp-json\/wp\/v2\/types\/product"}],"wp:featuredmedia":[{"embeddable":true,"href":"https:\/\/uhmwpemanufacture.com\/pt\/wp-json\/wp\/v2\/media\/2200"}],"wp:attachment":[{"href":"https:\/\/uhmwpemanufacture.com\/pt\/wp-json\/wp\/v2\/media?parent=2199"}],"wp:term":[{"taxonomy":"product_brand","embeddable":true,"href":"https:\/\/uhmwpemanufacture.com\/pt\/wp-json\/wp\/v2\/product_brand?post=2199"},{"taxonomy":"product_cat","embeddable":true,"href":"https:\/\/uhmwpemanufacture.com\/pt\/wp-json\/wp\/v2\/product_cat?post=2199"},{"taxonomy":"product_tag","embeddable":true,"href":"https:\/\/uhmwpemanufacture.com\/pt\/wp-json\/wp\/v2\/product_tag?post=2199"}],"curies":[{"name":"wp","href":"https:\/\/api.w.org\/{rel}","templated":true}]}}