{"id":2205,"date":"2025-10-11T06:08:24","date_gmt":"2025-10-11T06:08:24","guid":{"rendered":"https:\/\/uhmwpemanufacture.com\/?post_type=product&#038;p=2205"},"modified":"2025-10-11T06:10:03","modified_gmt":"2025-10-11T06:10:03","slug":"engineering-machinery-uhmwpe-plate-crane-foot-support-pad","status":"publish","type":"product","link":"https:\/\/uhmwpemanufacture.com\/pt\/engineering-machinery-uhmwpe-plate-crane-foot-support-pad\/","title":{"rendered":"Almofada de apoio para p\u00e9s de guindaste de placa UHMWPE para m\u00e1quinas de engenharia"},"content":{"rendered":"<h2 id=\"heavy-duty-crane-foot-support-pads\">Almofadas de apoio para os p\u00e9s de gruas pesadas<\/h2>\n<p>Estas almofadas de apoio para p\u00e9s de grua em UHMWPE (polietileno de peso molecular ultra-elevado) foram concebidas para um desempenho e uma resili\u00eancia excepcionais, procurados em aplica\u00e7\u00f5es de equipamento de engenharia. Desenvolvidas para prestar uma assist\u00eancia est\u00e1vel e fi\u00e1vel, estas almofadas distribuem uniformemente os lotes pesados, protegendo contra danos nas superf\u00edcies e garantindo uma maior seguran\u00e7a durante os procedimentos da grua e dos estabilizadores. As imagens revelam tanto almofadas redondas privadas como v\u00e1rias almofadas rectangulares empilhadas, real\u00e7ando a sua constru\u00e7\u00e3o robusta e estilo \u00fatil. Cada almofada inclui um sistema de manuseamento sem complica\u00e7\u00f5es para uma coloca\u00e7\u00e3o e recupera\u00e7\u00e3o simples. Fabricadas em UHMWPE de alta qualidade, estas placas s\u00e3o resistentes aos efeitos, ao desgaste e aos produtos qu\u00edmicos, o que as torna excelentes para s\u00edtios de constru\u00e7\u00e3o dif\u00edceis e numerosos terrenos. Selecione estas placas de apoio de confian\u00e7a para proteger as suas ferramentas e garantir a estabilidade operacional.<\/p>","protected":false},"excerpt":{"rendered":"<p>Os nossos apoios para p\u00e9s de grua em UHMWPE oferecem estabilidade e distribui\u00e7\u00e3o de carga superiores para m\u00e1quinas de engenharia. Concebidos para serem dur\u00e1veis, estes apoios robustos evitam danos na superf\u00edcie e aumentam a seguran\u00e7a no local. Com pegas pr\u00e1ticas para um manuseamento f\u00e1cil, s\u00e3o resistentes ao impacto, ao desgaste e aos produtos qu\u00edmicos, garantindo um desempenho fi\u00e1vel em qualquer ambiente.<\/p>","protected":false},"featured_media":2211,"template":"","meta":{"_gspb_post_css":""},"product_brand":[],"product_cat":[15,21],"product_tag":[427,256,396],"class_list":{"0":"post-2205","1":"product","2":"type-product","3":"status-publish","4":"has-post-thumbnail","6":"product_cat-uhmwpe-hdpe-sheets-plates","7":"product_cat-uhmwpe-fender-pads","8":"product_tag-crane-pads","9":"product_tag-outrigger-pads","10":"product_tag-uhmwpe","12":"first","13":"instock","14":"shipping-taxable","15":"product-type-simple"},"_links":{"self":[{"href":"https:\/\/uhmwpemanufacture.com\/pt\/wp-json\/wp\/v2\/product\/2205","targetHints":{"allow":["GET"]}}],"collection":[{"href":"https:\/\/uhmwpemanufacture.com\/pt\/wp-json\/wp\/v2\/product"}],"about":[{"href":"https:\/\/uhmwpemanufacture.com\/pt\/wp-json\/wp\/v2\/types\/product"}],"wp:featuredmedia":[{"embeddable":true,"href":"https:\/\/uhmwpemanufacture.com\/pt\/wp-json\/wp\/v2\/media\/2211"}],"wp:attachment":[{"href":"https:\/\/uhmwpemanufacture.com\/pt\/wp-json\/wp\/v2\/media?parent=2205"}],"wp:term":[{"taxonomy":"product_brand","embeddable":true,"href":"https:\/\/uhmwpemanufacture.com\/pt\/wp-json\/wp\/v2\/product_brand?post=2205"},{"taxonomy":"product_cat","embeddable":true,"href":"https:\/\/uhmwpemanufacture.com\/pt\/wp-json\/wp\/v2\/product_cat?post=2205"},{"taxonomy":"product_tag","embeddable":true,"href":"https:\/\/uhmwpemanufacture.com\/pt\/wp-json\/wp\/v2\/product_tag?post=2205"}],"curies":[{"name":"wp","href":"https:\/\/api.w.org\/{rel}","templated":true}]}}