{"id":2212,"date":"2025-10-11T06:11:44","date_gmt":"2025-10-11T06:11:44","guid":{"rendered":"https:\/\/uhmwpemanufacture.com\/?post_type=product&#038;p=2212"},"modified":"2025-10-11T06:11:44","modified_gmt":"2025-10-11T06:11:44","slug":"customizable-plastic-polyethylene-uhmwpe-sheets-exporter","status":"publish","type":"product","link":"https:\/\/uhmwpemanufacture.com\/pt\/customizable-plastic-polyethylene-uhmwpe-sheets-exporter\/","title":{"rendered":"Exportador de folhas de polietileno UHMWPE personaliz\u00e1veis"},"content":{"rendered":"<h2 id=\"adjustable-uhmwpe-sheets\">Chapas de UHMWPE ajust\u00e1veis<\/h2>\n<p>Somos um dos principais exportadores de folhas de polietileno de peso molecular ultra-alto ajust\u00e1veis (UHMWPE), como se pode ver na pilha din\u00e2mica de folhas vermelhas, brancas, azuis, amarelas e ecol\u00f3gicas na imagem. As nossas folhas de polietileno de ultra-alto peso molecular (UHMWPE) de alta qualidade s\u00e3o conhecidas pela sua not\u00e1vel resist\u00eancia, baixa fric\u00e7\u00e3o e alta resist\u00eancia ao efeito, tornando-as adequadas para uma grande variedade de aplica\u00e7\u00f5es comerciais e industriais.<\/p>\n<p>Estas folhas flex\u00edveis podem ser cortadas \u00e0 medida e fabricadas para satisfazer as suas necessidades espec\u00edficas, oferecendo uma excelente resist\u00eancia \u00e0 abras\u00e3o, aos produtos qu\u00edmicos e \u00e0 humidade. Quer necessite delas para t\u00e1buas de corte, tiras de coloca\u00e7\u00e3o, protec\u00e7\u00f5es de equipamento ou outras utiliza\u00e7\u00f5es necess\u00e1rias, as nossas folhas UHMWPE proporcionam uma efici\u00eancia not\u00e1vel e uma longa vida \u00fatil. Como um comerciante de confian\u00e7a, certificamo-nos de que os nossos artigos cumprem rigorosos padr\u00f5es de qualidade superior, dando-lhe solu\u00e7\u00f5es fi\u00e1veis e acess\u00edveis para as suas tarefas.<\/p>","protected":false},"excerpt":{"rendered":"<p>Somos um exportador l\u00edder de chapas de pl\u00e1stico de polietileno UHMWPE personaliz\u00e1veis. Estas folhas de alta qualidade oferecem uma durabilidade excecional, baixa fric\u00e7\u00e3o e elevada resist\u00eancia ao impacto, sendo perfeitas para v\u00e1rias utiliza\u00e7\u00f5es industriais e comerciais. Dispon\u00edveis em v\u00e1rias cores e tamanhos personalizados, oferecem uma resist\u00eancia superior \u00e0 abras\u00e3o e aos produtos qu\u00edmicos.<\/p>","protected":false},"featured_media":2215,"template":"","meta":{"_gspb_post_css":""},"product_brand":[],"product_cat":[15,17],"product_tag":[429,428,408],"class_list":{"0":"post-2212","1":"product","2":"type-product","3":"status-publish","4":"has-post-thumbnail","6":"product_cat-uhmwpe-hdpe-sheets-plates","7":"product_cat-uhmwpe-sheets","8":"product_tag-customizable-plastic","9":"product_tag-plastic-polyethylene","10":"product_tag-uhmwpe-sheets","12":"first","13":"instock","14":"shipping-taxable","15":"product-type-simple"},"_links":{"self":[{"href":"https:\/\/uhmwpemanufacture.com\/pt\/wp-json\/wp\/v2\/product\/2212","targetHints":{"allow":["GET"]}}],"collection":[{"href":"https:\/\/uhmwpemanufacture.com\/pt\/wp-json\/wp\/v2\/product"}],"about":[{"href":"https:\/\/uhmwpemanufacture.com\/pt\/wp-json\/wp\/v2\/types\/product"}],"wp:featuredmedia":[{"embeddable":true,"href":"https:\/\/uhmwpemanufacture.com\/pt\/wp-json\/wp\/v2\/media\/2215"}],"wp:attachment":[{"href":"https:\/\/uhmwpemanufacture.com\/pt\/wp-json\/wp\/v2\/media?parent=2212"}],"wp:term":[{"taxonomy":"product_brand","embeddable":true,"href":"https:\/\/uhmwpemanufacture.com\/pt\/wp-json\/wp\/v2\/product_brand?post=2212"},{"taxonomy":"product_cat","embeddable":true,"href":"https:\/\/uhmwpemanufacture.com\/pt\/wp-json\/wp\/v2\/product_cat?post=2212"},{"taxonomy":"product_tag","embeddable":true,"href":"https:\/\/uhmwpemanufacture.com\/pt\/wp-json\/wp\/v2\/product_tag?post=2212"}],"curies":[{"name":"wp","href":"https:\/\/api.w.org\/{rel}","templated":true}]}}