{"id":2216,"date":"2025-10-11T06:15:18","date_gmt":"2025-10-11T06:15:18","guid":{"rendered":"https:\/\/uhmwpemanufacture.com\/?post_type=product&#038;p=2216"},"modified":"2025-10-11T06:15:19","modified_gmt":"2025-10-11T06:15:19","slug":"composite-plastic-mat-heavy-equipment-amphi-mat-wholesaler","status":"publish","type":"product","link":"https:\/\/uhmwpemanufacture.com\/pt\/composite-plastic-mat-heavy-equipment-amphi-mat-wholesaler\/","title":{"rendered":"Atacadista de tapete de pl\u00e1stico composto para equipamento pesado e tapete anf\u00edbio"},"content":{"rendered":"<h2 id=\"heavy-duty-compound-plastic-mats\">Tapetes de pl\u00e1stico composto para trabalhos pesados<\/h2>\n<p>Na qualidade de grossista l\u00edder, oferecemos tapetes de pl\u00e1stico comp\u00f3sito duradouros, criados para dispositivos robustos e terrenos dif\u00edceis, igualmente designados por revestimentos para pavimentos anf\u00edbios. As imagens apresentam tapetes grandes e duradouros com um padr\u00e3o distinto de placa de rubi, proporcionando uma excelente ader\u00eancia e estabilidade. Estes tapetes s\u00e3o concebidos para distribuir cargas pesadas, proteger superf\u00edcies sens\u00edveis e criar estradas ou sistemas de trabalho de curta dura\u00e7\u00e3o.<\/p>\n<p>Ideais para sites de constru\u00e7\u00e3o, eventos ou qualquer tipo de aplica\u00e7\u00e3o que exija a defesa do solo e o acesso de equipamento pesado, os nossos revestimentos de pavimentos em pl\u00e1stico comp\u00f3sito s\u00e3o uma solu\u00e7\u00e3o essencial. S\u00e3o leves, mas excecionalmente s\u00f3lidos, resistentes a produtos qu\u00edmicos e capazes de resistir a condi\u00e7\u00f5es climat\u00e9ricas extremas sem se partirem ou se dobrarem. F\u00e1ceis de montar e de eliminar, estes tapetes minimizam as despesas de repara\u00e7\u00e3o no local e melhoram o desempenho funcional. Adquira os nossos robustos tapetes anf\u00edbios para uma seguran\u00e7a de solo fi\u00e1vel e um desempenho superior.<\/p>","protected":false},"excerpt":{"rendered":"<p>Somos um grossista de tapetes de pl\u00e1stico composto para trabalhos pesados, tamb\u00e9m conhecidos como tapetes anf\u00edbios, para equipamento pesado. Estes tapetes duradouros apresentam um padr\u00e3o de placa de diamante para uma tra\u00e7\u00e3o superior, distribuindo cargas e protegendo superf\u00edcies. Ideais para estradas tempor\u00e1rias e prote\u00e7\u00e3o do solo, s\u00e3o leves, resistentes a qu\u00edmicos e suportam condi\u00e7\u00f5es climat\u00e9ricas extremas.<\/p>","protected":false},"featured_media":2220,"template":"","meta":{"_gspb_post_css":""},"product_brand":[],"product_cat":[24,28,26],"product_tag":[78,417,139],"class_list":{"0":"post-2216","1":"product","2":"type-product","3":"status-publish","4":"has-post-thumbnail","6":"product_cat-ground-protection-road-mats","7":"product_cat-amphi-mats","8":"product_cat-base-mats","9":"product_tag-amphi-mat","10":"product_tag-composite-mats","11":"product_tag-ground-protection","13":"first","14":"instock","15":"shipping-taxable","16":"product-type-simple"},"_links":{"self":[{"href":"https:\/\/uhmwpemanufacture.com\/pt\/wp-json\/wp\/v2\/product\/2216","targetHints":{"allow":["GET"]}}],"collection":[{"href":"https:\/\/uhmwpemanufacture.com\/pt\/wp-json\/wp\/v2\/product"}],"about":[{"href":"https:\/\/uhmwpemanufacture.com\/pt\/wp-json\/wp\/v2\/types\/product"}],"wp:featuredmedia":[{"embeddable":true,"href":"https:\/\/uhmwpemanufacture.com\/pt\/wp-json\/wp\/v2\/media\/2220"}],"wp:attachment":[{"href":"https:\/\/uhmwpemanufacture.com\/pt\/wp-json\/wp\/v2\/media?parent=2216"}],"wp:term":[{"taxonomy":"product_brand","embeddable":true,"href":"https:\/\/uhmwpemanufacture.com\/pt\/wp-json\/wp\/v2\/product_brand?post=2216"},{"taxonomy":"product_cat","embeddable":true,"href":"https:\/\/uhmwpemanufacture.com\/pt\/wp-json\/wp\/v2\/product_cat?post=2216"},{"taxonomy":"product_tag","embeddable":true,"href":"https:\/\/uhmwpemanufacture.com\/pt\/wp-json\/wp\/v2\/product_tag?post=2216"}],"curies":[{"name":"wp","href":"https:\/\/api.w.org\/{rel}","templated":true}]}}