{"id":2221,"date":"2025-10-11T06:22:11","date_gmt":"2025-10-11T06:22:11","guid":{"rendered":"https:\/\/uhmwpemanufacture.com\/?post_type=product&#038;p=2221"},"modified":"2025-10-11T06:22:12","modified_gmt":"2025-10-11T06:22:12","slug":"temporary-paving-slabs-base-mat-temporary-road-mat-supplier","status":"publish","type":"product","link":"https:\/\/uhmwpemanufacture.com\/pt\/temporary-paving-slabs-base-mat-temporary-road-mat-supplier\/","title":{"rendered":"Tapete de base para lajes de pavimenta\u00e7\u00e3o tempor\u00e1ria Fornecedor de tapetes para estradas tempor\u00e1rias"},"content":{"rendered":"<h2 id=\"temporary-road-and-base-mats\">Tapetes tempor\u00e1rios para estradas e bases<\/h2>\n<p>Somos um fornecedor fi\u00e1vel de pe\u00e7as de pavimenta\u00e7\u00e3o de curta dura\u00e7\u00e3o e de revestimentos de base para pavimentos, excelentes para o desenvolvimento de estradas tempor\u00e1rias e bases est\u00e1veis. As fotografias mostram os nossos revestimentos de piso resistentes, dispon\u00edveis em azul escuro e azul vivo, com um padr\u00e3o de placa de rubi para maior ader\u00eancia e seguran\u00e7a. Estes tapetes foram concebidos para proporcionar uma seguran\u00e7a e acessibilidade fi\u00e1veis ao solo em terrenos macios, lama ou superf\u00edcies sens\u00edveis.<\/p>\n<p>Os nossos tapetes de estrada tempor\u00e1rios s\u00e3o excelentes para estaleiros e locais de constru\u00e7\u00e3o, eventos exteriores, acesso a equipamento pesado e espa\u00e7os de trabalho remotos onde a estabilidade do solo \u00e9 importante. Fabricados a partir de materiais compostos de alta qualidade, s\u00e3o dur\u00e1veis, leves e resistentes a produtos qu\u00edmicos, raios UV e condi\u00e7\u00f5es climat\u00e9ricas extremas. F\u00e1ceis de instalar e de entrela\u00e7ar, estes revestimentos de pavimentos reduzem os danos no s\u00edtio Web, minimizam as despesas de limpeza e garantem opera\u00e7\u00f5es eficazes. Escolha as nossas pe\u00e7as de pavimenta\u00e7\u00e3o de curto prazo para uma op\u00e7\u00e3o fi\u00e1vel, econ\u00f3mica e amiga do ambiente para todas as suas necessidades de prote\u00e7\u00e3o do solo.<\/p>","protected":false},"excerpt":{"rendered":"<p>Fornecemos lajes de pavimenta\u00e7\u00e3o tempor\u00e1rias e tapetes de estrada duradouros, ideais para prote\u00e7\u00e3o do solo e cria\u00e7\u00e3o de estradas de acesso tempor\u00e1rias. Com um padr\u00e3o de diamante antiderrapante, estes tapetes garantem a estabilidade do equipamento pesado em superf\u00edcies macias ou sens\u00edveis. Leves, resistentes \u00e0s intemp\u00e9ries e f\u00e1ceis de instalar, reduzem os danos no local e melhoram a efici\u00eancia operacional.<\/p>","protected":false},"featured_media":2223,"template":"","meta":{"_gspb_post_css":""},"product_brand":[],"product_cat":[24,26,25],"product_tag":[139,412,76],"class_list":{"0":"post-2221","1":"product","2":"type-product","3":"status-publish","4":"has-post-thumbnail","6":"product_cat-ground-protection-road-mats","7":"product_cat-base-mats","8":"product_cat-quick-mats","9":"product_tag-ground-protection","10":"product_tag-paving-slabs","11":"product_tag-temporary-road-mats","13":"first","14":"instock","15":"shipping-taxable","16":"product-type-simple"},"_links":{"self":[{"href":"https:\/\/uhmwpemanufacture.com\/pt\/wp-json\/wp\/v2\/product\/2221","targetHints":{"allow":["GET"]}}],"collection":[{"href":"https:\/\/uhmwpemanufacture.com\/pt\/wp-json\/wp\/v2\/product"}],"about":[{"href":"https:\/\/uhmwpemanufacture.com\/pt\/wp-json\/wp\/v2\/types\/product"}],"wp:featuredmedia":[{"embeddable":true,"href":"https:\/\/uhmwpemanufacture.com\/pt\/wp-json\/wp\/v2\/media\/2223"}],"wp:attachment":[{"href":"https:\/\/uhmwpemanufacture.com\/pt\/wp-json\/wp\/v2\/media?parent=2221"}],"wp:term":[{"taxonomy":"product_brand","embeddable":true,"href":"https:\/\/uhmwpemanufacture.com\/pt\/wp-json\/wp\/v2\/product_brand?post=2221"},{"taxonomy":"product_cat","embeddable":true,"href":"https:\/\/uhmwpemanufacture.com\/pt\/wp-json\/wp\/v2\/product_cat?post=2221"},{"taxonomy":"product_tag","embeddable":true,"href":"https:\/\/uhmwpemanufacture.com\/pt\/wp-json\/wp\/v2\/product_tag?post=2221"}],"curies":[{"name":"wp","href":"https:\/\/api.w.org\/{rel}","templated":true}]}}