{"id":2227,"date":"2025-10-11T06:25:58","date_gmt":"2025-10-11T06:25:58","guid":{"rendered":"https:\/\/uhmwpemanufacture.com\/?post_type=product&#038;p=2227"},"modified":"2025-10-11T06:30:11","modified_gmt":"2025-10-11T06:30:11","slug":"high-quality-custom-coal-bunker-limit-plate-hdpe-sheet-dealer","status":"publish","type":"product","link":"https:\/\/uhmwpemanufacture.com\/pt\/high-quality-custom-coal-bunker-limit-plate-hdpe-sheet-dealer\/","title":{"rendered":"Placa de limite de bunker de carv\u00e3o personalizada de alta qualidade Revendedor de folha de HDPE"},"content":{"rendered":"<h2 id=\"item-description\">Descri\u00e7\u00e3o do artigo<\/h2>\n<p>Estas folhas personalizadas de qualidade superior s\u00e3o duradouras e ideais para aplica\u00e7\u00f5es comerciais pesadas. Como fornecedor, fornecemos solu\u00e7\u00f5es \u00e0 medida para in\u00fameras necessidades. A \u00e1rea de superf\u00edcie lisa e a estrutura robusta destas folhas de PEAD garantem um desempenho duradouro, procurado em atmosferas como os dep\u00f3sitos de carv\u00e3o, reduzindo o desgaste e prolongando a vida \u00fatil do seu equipamento.<\/p>\n<p>Carater\u00edsticas:<\/p>\n<ul>\n<li>Produto PEAD de primeira qualidade<\/li>\n<li>Dimens\u00f5es personalizadas<\/li>\n<li>Resiliente e duradouro<\/li>\n<li>Perfeito para camadas de limita\u00e7\u00e3o de abrigos de carv\u00e3o<\/li>\n<li>Excelente resist\u00eancia ao desgaste<\/li>\n<li>Superf\u00edcie lisa e de baixo atrito<\/li>\n<li>Efici\u00eancia fi\u00e1vel em ambientes industriais<\/li>\n<\/ul>\n<p>Entre em contacto connosco para saber mais sobre as nossas ofertas de chapas PEAD e como estas podem beneficiar as suas opera\u00e7\u00f5es.<\/p>","protected":false},"excerpt":{"rendered":"<p>Esta pilha de folhas de PEAD pretas personalizadas de alta qualidade \u00e9 perfeita para placas de limite de bunker de carv\u00e3o. Enquanto distribuidor l\u00edder, oferecemos solu\u00e7\u00f5es duradouras e resistentes ao desgaste, concebidas para utiliza\u00e7\u00e3o industrial. Estas chapas proporcionam uma excelente prote\u00e7\u00e3o e prolongam a vida \u00fatil do equipamento em ambientes exigentes<\/p>","protected":false},"featured_media":2230,"template":"","meta":{"_gspb_post_css":""},"product_brand":[],"product_cat":[15,22],"product_tag":[389,59,390],"class_list":{"0":"post-2227","1":"product","2":"type-product","3":"status-publish","4":"has-post-thumbnail","6":"product_cat-uhmwpe-hdpe-sheets-plates","7":"product_cat-coal-bunker-limit-plates","8":"product_tag-coal-bunker","9":"product_tag-hdpe-sheet","10":"product_tag-limit-plate","12":"first","13":"instock","14":"shipping-taxable","15":"product-type-simple"},"_links":{"self":[{"href":"https:\/\/uhmwpemanufacture.com\/pt\/wp-json\/wp\/v2\/product\/2227","targetHints":{"allow":["GET"]}}],"collection":[{"href":"https:\/\/uhmwpemanufacture.com\/pt\/wp-json\/wp\/v2\/product"}],"about":[{"href":"https:\/\/uhmwpemanufacture.com\/pt\/wp-json\/wp\/v2\/types\/product"}],"wp:featuredmedia":[{"embeddable":true,"href":"https:\/\/uhmwpemanufacture.com\/pt\/wp-json\/wp\/v2\/media\/2230"}],"wp:attachment":[{"href":"https:\/\/uhmwpemanufacture.com\/pt\/wp-json\/wp\/v2\/media?parent=2227"}],"wp:term":[{"taxonomy":"product_brand","embeddable":true,"href":"https:\/\/uhmwpemanufacture.com\/pt\/wp-json\/wp\/v2\/product_brand?post=2227"},{"taxonomy":"product_cat","embeddable":true,"href":"https:\/\/uhmwpemanufacture.com\/pt\/wp-json\/wp\/v2\/product_cat?post=2227"},{"taxonomy":"product_tag","embeddable":true,"href":"https:\/\/uhmwpemanufacture.com\/pt\/wp-json\/wp\/v2\/product_tag?post=2227"}],"curies":[{"name":"wp","href":"https:\/\/api.w.org\/{rel}","templated":true}]}}