{"id":2233,"date":"2025-10-11T06:29:35","date_gmt":"2025-10-11T06:29:35","guid":{"rendered":"https:\/\/uhmwpemanufacture.com\/?post_type=product&#038;p=2233"},"modified":"2025-10-11T06:29:57","modified_gmt":"2025-10-11T06:29:57","slug":"crane-outrigger-pads-stable-support-heavy-loads-wholesaler","status":"publish","type":"product","link":"https:\/\/uhmwpemanufacture.com\/pt\/crane-outrigger-pads-stable-support-heavy-loads-wholesaler\/","title":{"rendered":"Almofadas para guindaste Suporte est\u00e1vel Cargas pesadas Atacadista"},"content":{"rendered":"<p>As nossas almofadas para estabilizadores de gruas s\u00e3o vitais para a seguran\u00e7a e efici\u00eancia em estaleiros de constru\u00e7\u00e3o, relvados industriais e v\u00e1rias outras aplica\u00e7\u00f5es exigentes. S\u00e3o concebidos para resistir a press\u00f5es severas, proporcionando uma estrutura fi\u00e1vel para gruas e outros equipamentos pesados. As almofadas reveladas mostram a sua efici\u00eancia em proporcionar uma base segura, com uma fotografia a destacar uma gest\u00e3o integrada para facilitar o transporte e o posicionamento.<\/p>\n<p>Fun\u00e7\u00f5es:<\/p>\n<ul>\n<li>Material duradouro e de alta qualidade<\/li>\n<li>Excelente circula\u00e7\u00e3o de peso<\/li>\n<li>Evita danos na superf\u00edcie<\/li>\n<li>Aumenta a seguran\u00e7a dos dispositivos<\/li>\n<li>Resiste a toneladas e ao stress<\/li>\n<li>Adequado para in\u00fameras aplica\u00e7\u00f5es comerciais<\/li>\n<li>Dispon\u00edvel com fun\u00e7\u00f5es de manuseamento sem complica\u00e7\u00f5es<\/li>\n<\/ul>","protected":false},"excerpt":{"rendered":"<p>Estes apoios para estabilizadores de gruas proporcionam um suporte est\u00e1vel para cargas pesadas, como se pode ver por baixo das m\u00e1quinas em ambas as imagens. Como grossista, fornecemos almofadas duradouras que distribuem o peso, evitam danos na superf\u00edcie e aumentam a seguran\u00e7a em todas as opera\u00e7\u00f5es de eleva\u00e7\u00e3o de cargas pesadas. Essenciais para qualquer local industrial.<\/p>","protected":false},"featured_media":2236,"template":"","meta":{"_gspb_post_css":""},"product_brand":[],"product_cat":[15,20],"product_tag":[427,431,430],"class_list":{"0":"post-2233","1":"product","2":"type-product","3":"status-publish","4":"has-post-thumbnail","6":"product_cat-uhmwpe-hdpe-sheets-plates","7":"product_cat-crane-outrigger-pads","8":"product_tag-crane-pads","9":"product_tag-heavy-equipment","10":"product_tag-outrigger","12":"first","13":"instock","14":"shipping-taxable","15":"product-type-simple"},"_links":{"self":[{"href":"https:\/\/uhmwpemanufacture.com\/pt\/wp-json\/wp\/v2\/product\/2233","targetHints":{"allow":["GET"]}}],"collection":[{"href":"https:\/\/uhmwpemanufacture.com\/pt\/wp-json\/wp\/v2\/product"}],"about":[{"href":"https:\/\/uhmwpemanufacture.com\/pt\/wp-json\/wp\/v2\/types\/product"}],"wp:featuredmedia":[{"embeddable":true,"href":"https:\/\/uhmwpemanufacture.com\/pt\/wp-json\/wp\/v2\/media\/2236"}],"wp:attachment":[{"href":"https:\/\/uhmwpemanufacture.com\/pt\/wp-json\/wp\/v2\/media?parent=2233"}],"wp:term":[{"taxonomy":"product_brand","embeddable":true,"href":"https:\/\/uhmwpemanufacture.com\/pt\/wp-json\/wp\/v2\/product_brand?post=2233"},{"taxonomy":"product_cat","embeddable":true,"href":"https:\/\/uhmwpemanufacture.com\/pt\/wp-json\/wp\/v2\/product_cat?post=2233"},{"taxonomy":"product_tag","embeddable":true,"href":"https:\/\/uhmwpemanufacture.com\/pt\/wp-json\/wp\/v2\/product_tag?post=2233"}],"curies":[{"name":"wp","href":"https:\/\/api.w.org\/{rel}","templated":true}]}}