{"id":2244,"date":"2025-10-11T06:43:39","date_gmt":"2025-10-11T06:43:39","guid":{"rendered":"https:\/\/uhmwpemanufacture.com\/?post_type=product&#038;p=2244"},"modified":"2025-10-11T06:43:39","modified_gmt":"2025-10-11T06:43:39","slug":"custom-hdpe-sheet-hockey-practice-shooting-pads-supplier","status":"publish","type":"product","link":"https:\/\/uhmwpemanufacture.com\/pt\/custom-hdpe-sheet-hockey-practice-shooting-pads-supplier\/","title":{"rendered":"Fornecedor de almofadas de tiro para pr\u00e1tica de h\u00f3quei em folha HDPE personalizadas"},"content":{"rendered":"<h2 id=\"custom-made-hdpe-sheet-hockey-method-capturing-pads\">Almofadas de captura de m\u00e9todo de h\u00f3quei em folha de PEAD feitas \u00e0 medida<\/h2>\n<p>Somos um fornecedor de topo de folhas de PEAD personalizadas, ideais para produzir almofadas de remate resistentes e brilhantes para o m\u00e9todo de h\u00f3quei. As nossas folhas de polietileno de alta densidade oferecem uma excelente resist\u00eancia aos efeitos e uma superf\u00edcie de baixa fric\u00e7\u00e3o, imitando as condi\u00e7\u00f5es reais do gelo para um treino eficaz fora do gelo. Prontamente dispon\u00edveis em diferentes espessuras e dimens\u00f5es, estas almofadas s\u00e3o perfeitas para melhorar o manuseamento do disco, a precis\u00e3o de remate e as compet\u00eancias gerais de h\u00f3quei. As nossas folhas de PEAD s\u00e3o resistentes \u00e0s intemp\u00e9ries e duradouras, constituindo uma op\u00e7\u00e3o fi\u00e1vel e econ\u00f3mica tanto para jogadores privados como para instala\u00e7\u00f5es de forma\u00e7\u00e3o. Adapte convenientemente a sua \u00e1rea t\u00e9cnica com as nossas folhas de PEAD de alta qualidade.<\/p>","protected":false},"excerpt":{"rendered":"<p>Fornecedor de folhas de PEAD personalizadas para almofadas de treino de h\u00f3quei. A superf\u00edcie dur\u00e1vel e de baixa fric\u00e7\u00e3o imita o gelo para treino fora do gelo. Melhore o manuseamento do disco e as capacidades de tiro com as nossas folhas resistentes \u00e0s intemp\u00e9ries e de longa dura\u00e7\u00e3o. Dispon\u00edveis em v\u00e1rios tamanhos para configura\u00e7\u00f5es de treino personalizadas.<\/p>","protected":false},"featured_media":2248,"template":"","meta":{"_gspb_post_css":""},"product_brand":[],"product_cat":[29,31],"product_tag":[59,435,436],"class_list":{"0":"post-2244","1":"product","2":"type-product","3":"status-publish","4":"has-post-thumbnail","6":"product_cat-ice-rink-products","7":"product_cat-hockey-practice-shooting-pads","8":"product_tag-hdpe-sheet","9":"product_tag-hockey","10":"product_tag-shooting-pad","12":"first","13":"instock","14":"shipping-taxable","15":"product-type-simple"},"_links":{"self":[{"href":"https:\/\/uhmwpemanufacture.com\/pt\/wp-json\/wp\/v2\/product\/2244","targetHints":{"allow":["GET"]}}],"collection":[{"href":"https:\/\/uhmwpemanufacture.com\/pt\/wp-json\/wp\/v2\/product"}],"about":[{"href":"https:\/\/uhmwpemanufacture.com\/pt\/wp-json\/wp\/v2\/types\/product"}],"wp:featuredmedia":[{"embeddable":true,"href":"https:\/\/uhmwpemanufacture.com\/pt\/wp-json\/wp\/v2\/media\/2248"}],"wp:attachment":[{"href":"https:\/\/uhmwpemanufacture.com\/pt\/wp-json\/wp\/v2\/media?parent=2244"}],"wp:term":[{"taxonomy":"product_brand","embeddable":true,"href":"https:\/\/uhmwpemanufacture.com\/pt\/wp-json\/wp\/v2\/product_brand?post=2244"},{"taxonomy":"product_cat","embeddable":true,"href":"https:\/\/uhmwpemanufacture.com\/pt\/wp-json\/wp\/v2\/product_cat?post=2244"},{"taxonomy":"product_tag","embeddable":true,"href":"https:\/\/uhmwpemanufacture.com\/pt\/wp-json\/wp\/v2\/product_tag?post=2244"}],"curies":[{"name":"wp","href":"https:\/\/api.w.org\/{rel}","templated":true}]}}