{"id":2249,"date":"2025-10-11T06:47:20","date_gmt":"2025-10-11T06:47:20","guid":{"rendered":"https:\/\/uhmwpemanufacture.com\/?post_type=product&#038;p=2249"},"modified":"2025-10-11T06:47:21","modified_gmt":"2025-10-11T06:47:21","slug":"hockeyicerink-dasher-boards-environmental-protection-board","status":"publish","type":"product","link":"https:\/\/uhmwpemanufacture.com\/pt\/hockeyicerink-dasher-boards-environmental-protection-board\/","title":{"rendered":"Pista de h\u00f3quei (gelo) Pranchas de tra\u00e7agem Conselho de Prote\u00e7\u00e3o do Ambiente"},"content":{"rendered":"<h2 id=\"hockey-ice-rink-dasher-boards-environmental-protection-board\">Pista de h\u00f3quei (gelo) Pranchas de tra\u00e7agem Conselho de Prote\u00e7\u00e3o Ambiental<\/h2>\n<p>Fornecemos pain\u00e9is de gest\u00e3o ambiental de qualidade superior, especialmente criados para pain\u00e9is de h\u00f3quei e pain\u00e9is para pistas de gelo. Fabricados a partir de produtos resistentes e resilientes, estes pain\u00e9is oferecem uma resist\u00eancia excecional ao impacto e uma longa dura\u00e7\u00e3o, vitais para o ambiente exigente do h\u00f3quei no gelo. A nossa estrutura amiga do ambiente garante uma escolha sustent\u00e1vel sem p\u00f4r em causa a efici\u00eancia ou a seguran\u00e7a. Estas placas proporcionam uma superf\u00edcie lisa e regular para o jogo do disco e a comunica\u00e7\u00e3o com os jogadores, salvaguardando simultaneamente a estabilidade estrutural do ringue. S\u00e3o simples de instalar, manter e s\u00e3o imunes \u00e0s varia\u00e7\u00f5es de humidade e temperatura, o que as torna ideais para instala\u00e7\u00f5es de gelo interiores e exteriores.<\/p>","protected":false},"excerpt":{"rendered":"<p>Placas dur\u00e1veis e amigas do ambiente para sistemas de h\u00f3quei e de pistas de gelo. Oferece uma elevada resist\u00eancia ao impacto e longevidade. Uma escolha sustent\u00e1vel para um ambiente de pista suave e seguro. F\u00e1cil de instalar e manter para todas as instala\u00e7\u00f5es de gelo.<\/p>","protected":false},"featured_media":2250,"template":"","meta":{"_gspb_post_css":""},"product_brand":[],"product_cat":[29,30],"product_tag":[433,438,437],"class_list":{"0":"post-2249","1":"product","2":"type-product","3":"status-publish","4":"has-post-thumbnail","6":"product_cat-ice-rink-products","7":"product_cat-hockey-ice-rink-dasher-boards","8":"product_tag-dasher-boards","9":"product_tag-environmental-board","10":"product_tag-hockey-rink","12":"first","13":"instock","14":"shipping-taxable","15":"product-type-simple"},"_links":{"self":[{"href":"https:\/\/uhmwpemanufacture.com\/pt\/wp-json\/wp\/v2\/product\/2249","targetHints":{"allow":["GET"]}}],"collection":[{"href":"https:\/\/uhmwpemanufacture.com\/pt\/wp-json\/wp\/v2\/product"}],"about":[{"href":"https:\/\/uhmwpemanufacture.com\/pt\/wp-json\/wp\/v2\/types\/product"}],"wp:featuredmedia":[{"embeddable":true,"href":"https:\/\/uhmwpemanufacture.com\/pt\/wp-json\/wp\/v2\/media\/2250"}],"wp:attachment":[{"href":"https:\/\/uhmwpemanufacture.com\/pt\/wp-json\/wp\/v2\/media?parent=2249"}],"wp:term":[{"taxonomy":"product_brand","embeddable":true,"href":"https:\/\/uhmwpemanufacture.com\/pt\/wp-json\/wp\/v2\/product_brand?post=2249"},{"taxonomy":"product_cat","embeddable":true,"href":"https:\/\/uhmwpemanufacture.com\/pt\/wp-json\/wp\/v2\/product_cat?post=2249"},{"taxonomy":"product_tag","embeddable":true,"href":"https:\/\/uhmwpemanufacture.com\/pt\/wp-json\/wp\/v2\/product_tag?post=2249"}],"curies":[{"name":"wp","href":"https:\/\/api.w.org\/{rel}","templated":true}]}}