{"id":2254,"date":"2025-10-11T06:50:49","date_gmt":"2025-10-11T06:50:49","guid":{"rendered":"https:\/\/uhmwpemanufacture.com\/?post_type=product&#038;p=2254"},"modified":"2025-10-11T06:50:49","modified_gmt":"2025-10-11T06:50:49","slug":"high-quality-ice-synthetic-panel-polyethylene-board-vendor","status":"publish","type":"product","link":"https:\/\/uhmwpemanufacture.com\/pt\/high-quality-ice-synthetic-panel-polyethylene-board-vendor\/","title":{"rendered":"Painel sint\u00e9tico de gelo de alta qualidade Vendedor de placas de polietileno"},"content":{"rendered":"<h2 id=\"high-quality-ice-synthetic-panel-polyethylene-board\">Painel sint\u00e9tico de gelo de alta qualidade Placa de polietileno<\/h2>\n<p>N\u00f3s somos um fornecedor confi\u00e1vel de pain\u00e9is sint\u00e9ticos de gelo de primeira linha feitos de polietileno de custo. Estes pain\u00e9is dur\u00e1veis s\u00e3o concebidos para reproduzir o deslizamento suave e a efici\u00eancia do gelo real, oferecendo uma \u00e1rea de superf\u00edcie excecional para patinagem no gelo, m\u00e9todo de h\u00f3quei e v\u00e1rios desportos no gelo durante todo o ano. Os nossos pain\u00e9is de gelo artificial oferecem uma excelente resist\u00eancia ao desgaste, pouca fric\u00e7\u00e3o e s\u00e3o mantidos com UV para aplica\u00e7\u00f5es interiores e exteriores. F\u00e1ceis de montar e de manter, constituem uma alternativa econ\u00f3mica e ecol\u00f3gica \u00e0s pistas de gelo convencionais, eliminando a necessidade de \u00e1gua e de refrigera\u00e7\u00e3o. Ideal para pistas de gelo de empresas, instala\u00e7\u00f5es de forma\u00e7\u00e3o e utiliza\u00e7\u00e3o dom\u00e9stica.<\/p>","protected":false},"excerpt":{"rendered":"<p>Fornecedor de pain\u00e9is de gelo sint\u00e9tico de qualidade superior. Os pain\u00e9is de polietileno reproduzem o gelo real para patinagem e h\u00f3quei. Dur\u00e1veis, de baixa fric\u00e7\u00e3o e estabilizados aos raios UV para utiliza\u00e7\u00e3o em interiores e exteriores. Uma alternativa econ\u00f3mica e ecol\u00f3gica ao gelo, f\u00e1cil de instalar e manter.<\/p>","protected":false},"featured_media":2257,"template":"","meta":{"_gspb_post_css":""},"product_brand":[],"product_cat":[29,32],"product_tag":[439,199,272],"class_list":{"0":"post-2254","1":"product","2":"type-product","3":"status-publish","4":"has-post-thumbnail","6":"product_cat-ice-rink-products","7":"product_cat-ice-synthetic-panels","8":"product_tag-ice-panel","9":"product_tag-polyethylene-board","10":"product_tag-synthetic-ice","12":"first","13":"instock","14":"shipping-taxable","15":"product-type-simple"},"_links":{"self":[{"href":"https:\/\/uhmwpemanufacture.com\/pt\/wp-json\/wp\/v2\/product\/2254","targetHints":{"allow":["GET"]}}],"collection":[{"href":"https:\/\/uhmwpemanufacture.com\/pt\/wp-json\/wp\/v2\/product"}],"about":[{"href":"https:\/\/uhmwpemanufacture.com\/pt\/wp-json\/wp\/v2\/types\/product"}],"wp:featuredmedia":[{"embeddable":true,"href":"https:\/\/uhmwpemanufacture.com\/pt\/wp-json\/wp\/v2\/media\/2257"}],"wp:attachment":[{"href":"https:\/\/uhmwpemanufacture.com\/pt\/wp-json\/wp\/v2\/media?parent=2254"}],"wp:term":[{"taxonomy":"product_brand","embeddable":true,"href":"https:\/\/uhmwpemanufacture.com\/pt\/wp-json\/wp\/v2\/product_brand?post=2254"},{"taxonomy":"product_cat","embeddable":true,"href":"https:\/\/uhmwpemanufacture.com\/pt\/wp-json\/wp\/v2\/product_cat?post=2254"},{"taxonomy":"product_tag","embeddable":true,"href":"https:\/\/uhmwpemanufacture.com\/pt\/wp-json\/wp\/v2\/product_tag?post=2254"}],"curies":[{"name":"wp","href":"https:\/\/api.w.org\/{rel}","templated":true}]}}