{"id":2258,"date":"2025-10-11T06:54:20","date_gmt":"2025-10-11T06:54:20","guid":{"rendered":"https:\/\/uhmwpemanufacture.com\/?post_type=product&#038;p=2258"},"modified":"2025-10-11T06:54:20","modified_gmt":"2025-10-11T06:54:20","slug":"high-quality-lead-boron-polyethylene-plate-manufacturer","status":"publish","type":"product","link":"https:\/\/uhmwpemanufacture.com\/pt\/high-quality-lead-boron-polyethylene-plate-manufacturer\/","title":{"rendered":"Placa de polietileno de chumbo-boro de alta qualidade Fabricante"},"content":{"rendered":"<h2 id=\"excellent-quality-lead-boron-polyethylene-plate-manufacturer\">Placa de polietileno de chumbo-boro de excelente qualidade Fabricante<\/h2>\n<p>Como fabricante l\u00edder, fornecemos placas de polietileno de chumbo-boro de primeira qualidade, habilmente criadas para aplica\u00e7\u00f5es not\u00e1veis de prote\u00e7\u00e3o contra a radia\u00e7\u00e3o. Estas placas especializadas integram as excelentes propriedades de atenua\u00e7\u00e3o de neutr\u00f5es do boro com as capacidades de prote\u00e7\u00e3o contra radia\u00e7\u00f5es gama do chumbo, tudo numa matriz de polietileno de longa dura\u00e7\u00e3o. Perfeitas para centros nucleares, espa\u00e7os de imagiologia m\u00e9dica e ambientes industriais que necessitem de uma defesa duradoura contra a radia\u00e7\u00e3o. As nossas placas s\u00e3o leves, simples de utilizar e imunes a produtos qu\u00edmicos, constituindo uma op\u00e7\u00e3o duradoura e fi\u00e1vel. Garantimos um fabrico preciso para cumprir rigorosos crit\u00e9rios de seguran\u00e7a e efici\u00eancia para importantes necessidades de prote\u00e7\u00e3o.<\/p>","protected":false},"excerpt":{"rendered":"<p>Fabricante de placas de polietileno de chumbo-boro para uma prote\u00e7\u00e3o superior contra radia\u00e7\u00f5es. Combina a atenua\u00e7\u00e3o de neutr\u00f5es do boro com a prote\u00e7\u00e3o gama do chumbo em polietileno dur\u00e1vel. Ideal para aplica\u00e7\u00f5es nucleares e m\u00e9dicas. Leve, f\u00e1cil de maquinar e resistente a produtos qu\u00edmicos.<\/p>","protected":false},"featured_media":2264,"template":"","meta":{"_gspb_post_css":""},"product_brand":[],"product_cat":[15,19],"product_tag":[307,403,260],"class_list":{"0":"post-2258","1":"product","2":"type-product","3":"status-publish","4":"has-post-thumbnail","6":"product_cat-uhmwpe-hdpe-sheets-plates","7":"product_cat-lead-boron-polyethylene-plates","8":"product_tag-lead-boron-plate","9":"product_tag-polyethylene","10":"product_tag-radiation-shielding","12":"first","13":"instock","14":"shipping-taxable","15":"product-type-simple"},"_links":{"self":[{"href":"https:\/\/uhmwpemanufacture.com\/pt\/wp-json\/wp\/v2\/product\/2258","targetHints":{"allow":["GET"]}}],"collection":[{"href":"https:\/\/uhmwpemanufacture.com\/pt\/wp-json\/wp\/v2\/product"}],"about":[{"href":"https:\/\/uhmwpemanufacture.com\/pt\/wp-json\/wp\/v2\/types\/product"}],"wp:featuredmedia":[{"embeddable":true,"href":"https:\/\/uhmwpemanufacture.com\/pt\/wp-json\/wp\/v2\/media\/2264"}],"wp:attachment":[{"href":"https:\/\/uhmwpemanufacture.com\/pt\/wp-json\/wp\/v2\/media?parent=2258"}],"wp:term":[{"taxonomy":"product_brand","embeddable":true,"href":"https:\/\/uhmwpemanufacture.com\/pt\/wp-json\/wp\/v2\/product_brand?post=2258"},{"taxonomy":"product_cat","embeddable":true,"href":"https:\/\/uhmwpemanufacture.com\/pt\/wp-json\/wp\/v2\/product_cat?post=2258"},{"taxonomy":"product_tag","embeddable":true,"href":"https:\/\/uhmwpemanufacture.com\/pt\/wp-json\/wp\/v2\/product_tag?post=2258"}],"curies":[{"name":"wp","href":"https:\/\/api.w.org\/{rel}","templated":true}]}}