{"id":2265,"date":"2025-10-11T06:58:15","date_gmt":"2025-10-11T06:58:15","guid":{"rendered":"https:\/\/uhmwpemanufacture.com\/?post_type=product&#038;p=2265"},"modified":"2025-10-11T06:58:15","modified_gmt":"2025-10-11T06:58:15","slug":"nylon-plastic-sleeve-ming-engineering-plastic-sheets-vendor","status":"publish","type":"product","link":"https:\/\/uhmwpemanufacture.com\/pt\/nylon-plastic-sleeve-ming-engineering-plastic-sheets-vendor\/","title":{"rendered":"Manga de Nylon para Pl\u00e1stico MING Engineering Folhas Pl\u00e1sticas Vendedor"},"content":{"rendered":"<h2 id=\"nylon-plastic-sleeve-ming-engineering-plastic-sheets-vendor\">Manga de Nylon para Pl\u00e1stico MING Engineering Folhas Pl\u00e1sticas Vendedor<\/h2>\n<p>Como um fornecedor dedicado, n\u00f3s fornecemos uma gama variada de mangas de pl\u00e1stico de nylon e folhas de pl\u00e1stico de engenharia MING, como ilustrado pelos numerosos rolos e pe\u00e7as. Os nossos produtos s\u00e3o fabricados a partir de pl\u00e1sticos de design de primeira qualidade, reconhecidos pela sua not\u00e1vel resist\u00eancia ao desgaste, fric\u00e7\u00e3o reduzida e excelentes constru\u00e7\u00f5es mec\u00e2nicas. Estes componentes vers\u00e1teis s\u00e3o adequados para in\u00fameras aplica\u00e7\u00f5es industriais, consistindo em buchas, rolos, equipamentos e almofadas de uso onde a durabilidade e o desempenho s\u00e3o cr\u00edticos. Oferecemos servi\u00e7os personalizados para satisfazer exig\u00eancias dimensionais e materiais espec\u00edficas, garantindo o ajuste e a fun\u00e7\u00e3o ideais para a sua maquinaria. Conte connosco para obter pe\u00e7as de pl\u00e1stico duradouras e de boa reputa\u00e7\u00e3o.<\/p>","protected":false},"excerpt":{"rendered":"<p>Vendedor de mangas de pl\u00e1stico de nylon de alta qualidade e folhas de pl\u00e1stico de engenharia MING. Apresenta excelente resist\u00eancia ao desgaste, baixa fric\u00e7\u00e3o e resist\u00eancia mec\u00e2nica. Ideal para casquilhos industriais, rolos e componentes personalizados. Solu\u00e7\u00f5es fi\u00e1veis e duradouras.<\/p>","protected":false},"featured_media":2270,"template":"","meta":{"_gspb_post_css":""},"product_brand":[],"product_cat":[34,23],"product_tag":[71,264,440],"class_list":{"0":"post-2265","1":"product","2":"type-product","3":"status-publish","4":"has-post-thumbnail","6":"product_cat-mg-engineering-plastic-sheets","7":"product_cat-nylon-sheets","8":"product_tag-engineering-plastic","9":"product_tag-nylon-plastic","10":"product_tag-plastic-sleeves","12":"first","13":"instock","14":"shipping-taxable","15":"product-type-simple"},"_links":{"self":[{"href":"https:\/\/uhmwpemanufacture.com\/pt\/wp-json\/wp\/v2\/product\/2265","targetHints":{"allow":["GET"]}}],"collection":[{"href":"https:\/\/uhmwpemanufacture.com\/pt\/wp-json\/wp\/v2\/product"}],"about":[{"href":"https:\/\/uhmwpemanufacture.com\/pt\/wp-json\/wp\/v2\/types\/product"}],"wp:featuredmedia":[{"embeddable":true,"href":"https:\/\/uhmwpemanufacture.com\/pt\/wp-json\/wp\/v2\/media\/2270"}],"wp:attachment":[{"href":"https:\/\/uhmwpemanufacture.com\/pt\/wp-json\/wp\/v2\/media?parent=2265"}],"wp:term":[{"taxonomy":"product_brand","embeddable":true,"href":"https:\/\/uhmwpemanufacture.com\/pt\/wp-json\/wp\/v2\/product_brand?post=2265"},{"taxonomy":"product_cat","embeddable":true,"href":"https:\/\/uhmwpemanufacture.com\/pt\/wp-json\/wp\/v2\/product_cat?post=2265"},{"taxonomy":"product_tag","embeddable":true,"href":"https:\/\/uhmwpemanufacture.com\/pt\/wp-json\/wp\/v2\/product_tag?post=2265"}],"curies":[{"name":"wp","href":"https:\/\/api.w.org\/{rel}","templated":true}]}}