{"id":2271,"date":"2025-10-11T07:02:00","date_gmt":"2025-10-11T07:02:00","guid":{"rendered":"https:\/\/uhmwpemanufacture.com\/?post_type=product&#038;p=2271"},"modified":"2025-10-11T07:02:00","modified_gmt":"2025-10-11T07:02:00","slug":"nylon-sheet-wear-resisting-uhmwpe-board-sheet-wholesale","status":"publish","type":"product","link":"https:\/\/uhmwpemanufacture.com\/pt\/nylon-sheet-wear-resisting-uhmwpe-board-sheet-wholesale\/","title":{"rendered":"Folha de nylon Folha de placa de Uhmwpe resistente ao desgaste por atacado"},"content":{"rendered":"<h2 id=\"nylon-sheet-wear-resisting-uhmwpe-board-sheet-wholesale\">Folha de nylon Folha de placa UHMWPE resistente ao desgaste por atacado<\/h2>\n<p>Somos um fornecedor grossista de folhas de nylon de elevado desempenho e folhas de cart\u00e3o UHMWPE (polietileno de peso molecular ultra-elevado) resistentes ao desgaste, dispon\u00edveis em v\u00e1rios tons, como o azul e o ecol\u00f3gico apresentados. As nossas folhas de nylon oferecem uma resist\u00eancia mec\u00e2nica, rigidez e dureza excepcionais, o que as torna adequadas para aplica\u00e7\u00f5es de engenharia exigentes. As folhas de UHMWPE oferecem uma resist\u00eancia \u00e0 abras\u00e3o incompar\u00e1vel, um coeficiente de atrito muito baixo e uma dureza de efeito superior, perfeita para revestimentos, almofadas e pe\u00e7as de transporte. Ambos os materiais s\u00e3o leves, duradouros e imunes a produtos qu\u00edmicos e \u00e0 humidade, assegurando um desempenho duradouro em diversos contextos industriais. Oferecemos pre\u00e7os grossistas acess\u00edveis para encomendas em massa.<\/p>","protected":false},"excerpt":{"rendered":"<p>Fornecedor grossista de folhas de nylon e folhas de cart\u00e3o UHMWPE resistentes ao desgaste. Excelente resist\u00eancia mec\u00e2nica, baixa fric\u00e7\u00e3o e resist\u00eancia superior \u00e0 abras\u00e3o para aplica\u00e7\u00f5es industriais exigentes. Dur\u00e1vel, leve e resistente a produtos qu\u00edmicos.<\/p>","protected":false},"featured_media":2277,"template":"","meta":{"_gspb_post_css":""},"product_brand":[],"product_cat":[23],"product_tag":[69,303,441],"class_list":{"0":"post-2271","1":"product","2":"type-product","3":"status-publish","4":"has-post-thumbnail","6":"product_cat-nylon-sheets","7":"product_tag-nylon-sheet","8":"product_tag-uhmwpe-board","9":"product_tag-wear-resisting-plastic","11":"first","12":"instock","13":"shipping-taxable","14":"product-type-simple"},"_links":{"self":[{"href":"https:\/\/uhmwpemanufacture.com\/pt\/wp-json\/wp\/v2\/product\/2271","targetHints":{"allow":["GET"]}}],"collection":[{"href":"https:\/\/uhmwpemanufacture.com\/pt\/wp-json\/wp\/v2\/product"}],"about":[{"href":"https:\/\/uhmwpemanufacture.com\/pt\/wp-json\/wp\/v2\/types\/product"}],"wp:featuredmedia":[{"embeddable":true,"href":"https:\/\/uhmwpemanufacture.com\/pt\/wp-json\/wp\/v2\/media\/2277"}],"wp:attachment":[{"href":"https:\/\/uhmwpemanufacture.com\/pt\/wp-json\/wp\/v2\/media?parent=2271"}],"wp:term":[{"taxonomy":"product_brand","embeddable":true,"href":"https:\/\/uhmwpemanufacture.com\/pt\/wp-json\/wp\/v2\/product_brand?post=2271"},{"taxonomy":"product_cat","embeddable":true,"href":"https:\/\/uhmwpemanufacture.com\/pt\/wp-json\/wp\/v2\/product_cat?post=2271"},{"taxonomy":"product_tag","embeddable":true,"href":"https:\/\/uhmwpemanufacture.com\/pt\/wp-json\/wp\/v2\/product_tag?post=2271"}],"curies":[{"name":"wp","href":"https:\/\/api.w.org\/{rel}","templated":true}]}}