{"id":2278,"date":"2025-10-11T07:05:39","date_gmt":"2025-10-11T07:05:39","guid":{"rendered":"https:\/\/uhmwpemanufacture.com\/?post_type=product&#038;p=2278"},"modified":"2025-10-11T07:05:39","modified_gmt":"2025-10-11T07:05:39","slug":"pp-pe-u-shaped-plastic-high-molecular-polyethylene-exporter","status":"publish","type":"product","link":"https:\/\/uhmwpemanufacture.com\/pt\/pp-pe-u-shaped-plastic-high-molecular-polyethylene-exporter\/","title":{"rendered":"PP PE Pl\u00e1stico em forma de U Polietileno de alta molecular Exportador"},"content":{"rendered":"<h2 id=\"pp-pe-u-shaped-plastic-high-molecular-polyethylene-merchant\">PP PE Pl\u00e1stico em forma de U Polietileno de alta mol\u00e9cula Mercadoria<\/h2>\n<p>Enquanto comerciante de primeira linha, concentramo-nos em perfis de pl\u00e1stico de alta qualidade em PP, PE e em forma de U feitos de polietileno de elevado peso molecular (HMWPE). Estes elementos flex\u00edveis, que consistem em layouts de trilhos arredondados e rectos, s\u00e3o criados para uma extraordin\u00e1ria resist\u00eancia ao desgaste, fric\u00e7\u00e3o reduzida e alta for\u00e7a de influ\u00eancia, conforme exibido nas guias da corrente transportadora. Ideais para v\u00e1rias aplica\u00e7\u00f5es industriais, tais como sistemas de transporte, vis\u00f5es gerais de correntes e tiras de coloca\u00e7\u00e3o, os nossos artigos reduzem substancialmente a fric\u00e7\u00e3o e aumentam a vida \u00fatil das m\u00e1quinas. Fornecemos layouts feitos sob medida e produ\u00e7\u00e3o precisa para satisfazer as especifica\u00e7\u00f5es variadas dos clientes, garantindo configura\u00e7\u00f5es populares de efici\u00eancia e resist\u00eancia ideais.<\/p>","protected":false},"excerpt":{"rendered":"<p>Exportador de PP, PE, e perfis de pl\u00e1stico em forma de U de HMWPE. Apresenta uma excelente resist\u00eancia ao desgaste, baixa fric\u00e7\u00e3o e elevada resist\u00eancia ao impacto. Ideal para sistemas de transporte, guias de corrente e tiras de desgaste. Est\u00e3o dispon\u00edveis designs personalizados para diversas necessidades industriais.<\/p>","protected":false},"featured_media":2284,"template":"","meta":{"_gspb_post_css":""},"product_brand":[],"product_cat":[35],"product_tag":[443,442,403],"class_list":{"0":"post-2278","1":"product","2":"type-product","3":"status-publish","4":"has-post-thumbnail","6":"product_cat-pp-pe-products","7":"product_tag-chain-guide","8":"product_tag-plastic-profiles","9":"product_tag-polyethylene","11":"first","12":"instock","13":"shipping-taxable","14":"product-type-simple"},"_links":{"self":[{"href":"https:\/\/uhmwpemanufacture.com\/pt\/wp-json\/wp\/v2\/product\/2278","targetHints":{"allow":["GET"]}}],"collection":[{"href":"https:\/\/uhmwpemanufacture.com\/pt\/wp-json\/wp\/v2\/product"}],"about":[{"href":"https:\/\/uhmwpemanufacture.com\/pt\/wp-json\/wp\/v2\/types\/product"}],"wp:featuredmedia":[{"embeddable":true,"href":"https:\/\/uhmwpemanufacture.com\/pt\/wp-json\/wp\/v2\/media\/2284"}],"wp:attachment":[{"href":"https:\/\/uhmwpemanufacture.com\/pt\/wp-json\/wp\/v2\/media?parent=2278"}],"wp:term":[{"taxonomy":"product_brand","embeddable":true,"href":"https:\/\/uhmwpemanufacture.com\/pt\/wp-json\/wp\/v2\/product_brand?post=2278"},{"taxonomy":"product_cat","embeddable":true,"href":"https:\/\/uhmwpemanufacture.com\/pt\/wp-json\/wp\/v2\/product_cat?post=2278"},{"taxonomy":"product_tag","embeddable":true,"href":"https:\/\/uhmwpemanufacture.com\/pt\/wp-json\/wp\/v2\/product_tag?post=2278"}],"curies":[{"name":"wp","href":"https:\/\/api.w.org\/{rel}","templated":true}]}}