{"id":2285,"date":"2025-10-11T07:09:05","date_gmt":"2025-10-11T07:09:05","guid":{"rendered":"https:\/\/uhmwpemanufacture.com\/?post_type=product&#038;p=2285"},"modified":"2025-10-11T07:09:05","modified_gmt":"2025-10-11T07:09:05","slug":"equipment-safety-pe-interlocking-cribbing-blocks-vendor","status":"publish","type":"product","link":"https:\/\/uhmwpemanufacture.com\/pt\/equipment-safety-pe-interlocking-cribbing-blocks-vendor\/","title":{"rendered":"Seguran\u00e7a do equipamento Blocos de travessas de bloqueio PE Fornecedor"},"content":{"rendered":"<h2 id=\"devices-safety-pe-interlocking-cribbing-blocks-supplier\">Dispositivos de seguran\u00e7a PE Interlocking Cribbing Blocks Fornecedor<\/h2>\n<p>Como fornecedor empenhado, fornecemos blocos de cribbing interbloqueados de seguran\u00e7a de equipamento PE (polietileno) de alta qualidade, tal como recebemos nas imagens. Estes blocos robustos e resistentes s\u00e3o vitais para a manuten\u00e7\u00e3o de equipamento pesado, autom\u00f3veis e estruturas durante opera\u00e7\u00f5es de eleva\u00e7\u00e3o, manuten\u00e7\u00e3o ou emerg\u00eancia. Fabricados em polietileno dur\u00e1vel, os nossos blocos de cribbing s\u00e3o \u00e0 prova de estilha\u00e7os, imunes a \u00f3leo, produtos qu\u00edmicos e \u00e1gua, e substancialmente mais leves do que os cribbing de madeira convencionais. O estilo de encravamento garante uma seguran\u00e7a \u00f3ptima, permitindo um empilhamento seguro e eficiente. Dispon\u00edveis em v\u00e1rios tamanhos e configura\u00e7\u00f5es, proporcionam uma solu\u00e7\u00e3o fi\u00e1vel e resistente para aumentar a seguran\u00e7a no local de trabalho em todos os sectores.<\/p>","protected":false},"excerpt":{"rendered":"<p>Vendedor de blocos de travessas de PE de alta qualidade para a seguran\u00e7a do equipamento. Dur\u00e1veis, \u00e0 prova de estilha\u00e7os e resistentes a produtos qu\u00edmicos. Ideal para estabilizar cargas pesadas durante a eleva\u00e7\u00e3o e a manuten\u00e7\u00e3o. Leve, seguro e eficiente.<\/p>","protected":false},"featured_media":2287,"template":"","meta":{"_gspb_post_css":""},"product_brand":[],"product_cat":[15,21],"product_tag":[65,444,403],"class_list":{"0":"post-2285","1":"product","2":"type-product","3":"status-publish","4":"has-post-thumbnail","6":"product_cat-uhmwpe-hdpe-sheets-plates","7":"product_cat-uhmwpe-fender-pads","8":"product_tag-cribbing-blocks","9":"product_tag-equipment-safety","10":"product_tag-polyethylene","12":"first","13":"instock","14":"shipping-taxable","15":"product-type-simple"},"_links":{"self":[{"href":"https:\/\/uhmwpemanufacture.com\/pt\/wp-json\/wp\/v2\/product\/2285","targetHints":{"allow":["GET"]}}],"collection":[{"href":"https:\/\/uhmwpemanufacture.com\/pt\/wp-json\/wp\/v2\/product"}],"about":[{"href":"https:\/\/uhmwpemanufacture.com\/pt\/wp-json\/wp\/v2\/types\/product"}],"wp:featuredmedia":[{"embeddable":true,"href":"https:\/\/uhmwpemanufacture.com\/pt\/wp-json\/wp\/v2\/media\/2287"}],"wp:attachment":[{"href":"https:\/\/uhmwpemanufacture.com\/pt\/wp-json\/wp\/v2\/media?parent=2285"}],"wp:term":[{"taxonomy":"product_brand","embeddable":true,"href":"https:\/\/uhmwpemanufacture.com\/pt\/wp-json\/wp\/v2\/product_brand?post=2285"},{"taxonomy":"product_cat","embeddable":true,"href":"https:\/\/uhmwpemanufacture.com\/pt\/wp-json\/wp\/v2\/product_cat?post=2285"},{"taxonomy":"product_tag","embeddable":true,"href":"https:\/\/uhmwpemanufacture.com\/pt\/wp-json\/wp\/v2\/product_tag?post=2285"}],"curies":[{"name":"wp","href":"https:\/\/api.w.org\/{rel}","templated":true}]}}