{"id":2291,"date":"2025-10-11T07:12:51","date_gmt":"2025-10-11T07:12:51","guid":{"rendered":"https:\/\/uhmwpemanufacture.com\/?post_type=product&#038;p=2291"},"modified":"2025-10-11T07:12:52","modified_gmt":"2025-10-11T07:12:52","slug":"uhmwpe-plate-sheet-uhmw-polyethylene-cast-plate-suppliers","status":"publish","type":"product","link":"https:\/\/uhmwpemanufacture.com\/pt\/uhmwpe-plate-sheet-uhmw-polyethylene-cast-plate-suppliers\/","title":{"rendered":"Chapa de UHMWPE Chapa de polietileno fundido UHMW Fornecedores"},"content":{"rendered":"<h2 id=\"uhmwpe-plate-sheet\">Chapa de UHMWPE<\/h2>\n<p>Estas placas de UHMWPE (polietileno de peso molecular ultra-elevado) oferecem uma efici\u00eancia fenomenal para uma s\u00e9rie de aplica\u00e7\u00f5es comerciais. Conhecidas pela sua elevada resist\u00eancia ao impacto, soberba resist\u00eancia \u00e0 abras\u00e3o e coeficiente de fric\u00e7\u00e3o muito baixo, estas placas fundidas s\u00e3o adequadas para aplica\u00e7\u00f5es de desgaste, revestimentos celulares de calhas e calhas de controlo.<\/p>\n<p>Dispon\u00edveis numa gama de cores din\u00e2micas, como se pode ver nas imagens, estas chapas s\u00e3o tamb\u00e9m resistentes a muitos produtos qu\u00edmicos e proporcionam uma excelente prote\u00e7\u00e3o el\u00e9ctrica dos edif\u00edcios. A sua natureza leve e a facilidade de maquina\u00e7\u00e3o fazem delas um material funcional para componentes e elementos personalizados. Como distribuidor l\u00edder, fornecemos folhas de polietileno UHMW de alta qualidade que garantem resili\u00eancia e efici\u00eancia duradoura em ambientes populares. Quer se destinem \u00e0 produ\u00e7\u00e3o, ao manuseamento de materiais ou ao entretenimento, estas placas s\u00e3o concebidas para satisfazer requisitos rigorosos.<\/p>","protected":false},"excerpt":{"rendered":"<p>As nossas chapas UHMWPE (polietileno de peso molecular ultra-elevado) oferecem uma resist\u00eancia superior ao impacto, resist\u00eancia \u00e0 abras\u00e3o e um baixo coeficiente de atrito. Dispon\u00edveis em v\u00e1rias cores, estas chapas fundidas s\u00e3o perfeitas para aplica\u00e7\u00f5es de desgaste industrial, revestimentos de calhas e pe\u00e7as personalizadas, proporcionando durabilidade e resist\u00eancia qu\u00edmica.<\/p>","protected":false},"featured_media":2295,"template":"","meta":{"_gspb_post_css":""},"product_brand":[],"product_cat":[15,17],"product_tag":[445,403,396],"class_list":{"0":"post-2291","1":"product","2":"type-product","3":"status-publish","4":"has-post-thumbnail","6":"product_cat-uhmwpe-hdpe-sheets-plates","7":"product_cat-uhmwpe-sheets","8":"product_tag-plastic-sheet","9":"product_tag-polyethylene","10":"product_tag-uhmwpe","12":"first","13":"instock","14":"shipping-taxable","15":"product-type-simple"},"_links":{"self":[{"href":"https:\/\/uhmwpemanufacture.com\/pt\/wp-json\/wp\/v2\/product\/2291","targetHints":{"allow":["GET"]}}],"collection":[{"href":"https:\/\/uhmwpemanufacture.com\/pt\/wp-json\/wp\/v2\/product"}],"about":[{"href":"https:\/\/uhmwpemanufacture.com\/pt\/wp-json\/wp\/v2\/types\/product"}],"wp:featuredmedia":[{"embeddable":true,"href":"https:\/\/uhmwpemanufacture.com\/pt\/wp-json\/wp\/v2\/media\/2295"}],"wp:attachment":[{"href":"https:\/\/uhmwpemanufacture.com\/pt\/wp-json\/wp\/v2\/media?parent=2291"}],"wp:term":[{"taxonomy":"product_brand","embeddable":true,"href":"https:\/\/uhmwpemanufacture.com\/pt\/wp-json\/wp\/v2\/product_brand?post=2291"},{"taxonomy":"product_cat","embeddable":true,"href":"https:\/\/uhmwpemanufacture.com\/pt\/wp-json\/wp\/v2\/product_cat?post=2291"},{"taxonomy":"product_tag","embeddable":true,"href":"https:\/\/uhmwpemanufacture.com\/pt\/wp-json\/wp\/v2\/product_tag?post=2291"}],"curies":[{"name":"wp","href":"https:\/\/api.w.org\/{rel}","templated":true}]}}