{"id":2296,"date":"2025-10-11T07:16:44","date_gmt":"2025-10-11T07:16:44","guid":{"rendered":"https:\/\/uhmwpemanufacture.com\/?post_type=product&#038;p=2296"},"modified":"2025-10-11T07:16:44","modified_gmt":"2025-10-11T07:16:44","slug":"amphi-mat-eco-friendly-road-ground-protection-mat-wholesaler","status":"publish","type":"product","link":"https:\/\/uhmwpemanufacture.com\/pt\/amphi-mat-eco-friendly-road-ground-protection-mat-wholesaler\/","title":{"rendered":"Atacadista de tapete de prote\u00e7\u00e3o do solo rodovi\u00e1rio ecol\u00f3gico Amphi Mat"},"content":{"rendered":"<h2 id=\"amphi-mat-eco-friendly-road-ground-security-mat\">Tapete Amphi Mat Tapete de seguran\u00e7a rodovi\u00e1ria ecol\u00f3gico<\/h2>\n<p>O Tapete Amphi \u00e9 uma op\u00e7\u00e3o de seguran\u00e7a de solo robusta e amiga do ambiente, concebida para estradas de acessibilidade moment\u00e2nea, pavimentos para eventos e estabiliza\u00e7\u00e3o de s\u00edtios Web de constru\u00e7\u00e3o. Fabricados a partir de materiais reciclados, estes revestimentos para pavimentos protegem terrenos sens\u00edveis de ferramentas pesadas, tr\u00e1fego de ve\u00edculos e utiliza\u00e7\u00e3o por pe\u00f5es. O seu padr\u00e3o de placa de diamante proporciona uma excelente ader\u00eancia, reduzindo os deslizamentos e aumentando a seguran\u00e7a em diferentes condi\u00e7\u00f5es climat\u00e9ricas.<\/p>\n<p>Com pr\u00e1ticos suportes manuais, estes tapetes s\u00e3o muito f\u00e1ceis de montar, ligar e reorganizar, o que os torna ideais para tarefas de curta e longa dura\u00e7\u00e3o. Dispersam o peso com \u00eaxito, evitando a forma\u00e7\u00e3o de sulcos, a compacta\u00e7\u00e3o e os danos no relvado ou em terrenos macios. Como revendedor, oferecemos revestimentos para pavimentos de defesa do solo robustos e duradouros que s\u00e3o cruciais para qualquer trabalho que exija uma conserva\u00e7\u00e3o fi\u00e1vel da superf\u00edcie e acesso.<\/p>","protected":false},"excerpt":{"rendered":"<p>O tapete Amphi Mat oferece uma prote\u00e7\u00e3o robusta e ecol\u00f3gica do solo. Ideal para estradas tempor\u00e1rias e pavimentos de eventos, o seu padr\u00e3o de placa de diamante assegura a tra\u00e7\u00e3o, protegendo simultaneamente as superf\u00edcies do tr\u00e1fego intenso. F\u00e1ceis de instalar e fabricados a partir de materiais reciclados, estes tapetes s\u00e3o perfeitos para a constru\u00e7\u00e3o e eventos ao ar livre.<\/p>","protected":false},"featured_media":2298,"template":"","meta":{"_gspb_post_css":""},"product_brand":[],"product_cat":[24,28,25],"product_tag":[447,159,446],"class_list":{"0":"post-2296","1":"product","2":"type-product","3":"status-publish","4":"has-post-thumbnail","6":"product_cat-ground-protection-road-mats","7":"product_cat-amphi-mats","8":"product_cat-quick-mats","9":"product_tag-eco-friendly-mat","10":"product_tag-ground-protection-mat","11":"product_tag-road-mat","13":"first","14":"instock","15":"shipping-taxable","16":"product-type-simple"},"_links":{"self":[{"href":"https:\/\/uhmwpemanufacture.com\/pt\/wp-json\/wp\/v2\/product\/2296","targetHints":{"allow":["GET"]}}],"collection":[{"href":"https:\/\/uhmwpemanufacture.com\/pt\/wp-json\/wp\/v2\/product"}],"about":[{"href":"https:\/\/uhmwpemanufacture.com\/pt\/wp-json\/wp\/v2\/types\/product"}],"wp:featuredmedia":[{"embeddable":true,"href":"https:\/\/uhmwpemanufacture.com\/pt\/wp-json\/wp\/v2\/media\/2298"}],"wp:attachment":[{"href":"https:\/\/uhmwpemanufacture.com\/pt\/wp-json\/wp\/v2\/media?parent=2296"}],"wp:term":[{"taxonomy":"product_brand","embeddable":true,"href":"https:\/\/uhmwpemanufacture.com\/pt\/wp-json\/wp\/v2\/product_brand?post=2296"},{"taxonomy":"product_cat","embeddable":true,"href":"https:\/\/uhmwpemanufacture.com\/pt\/wp-json\/wp\/v2\/product_cat?post=2296"},{"taxonomy":"product_tag","embeddable":true,"href":"https:\/\/uhmwpemanufacture.com\/pt\/wp-json\/wp\/v2\/product_tag?post=2296"}],"curies":[{"name":"wp","href":"https:\/\/api.w.org\/{rel}","templated":true}]}}