{"id":2299,"date":"2025-10-11T07:22:42","date_gmt":"2025-10-11T07:22:42","guid":{"rendered":"https:\/\/uhmwpemanufacture.com\/?post_type=product&#038;p=2299"},"modified":"2025-10-11T07:22:42","modified_gmt":"2025-10-11T07:22:42","slug":"custom-high-quality-coal-bunker-limit-plate-manufacturer-2","status":"publish","type":"product","link":"https:\/\/uhmwpemanufacture.com\/pt\/custom-high-quality-coal-bunker-limit-plate-manufacturer-2\/","title":{"rendered":"Placa limite de bunker de carv\u00e3o de alta qualidade personalizada Fabricante"},"content":{"rendered":"<h2 id=\"customized-top-quality-coal-shelter-restriction-plate\">Placa de restri\u00e7\u00e3o de abrigo de carv\u00e3o de qualidade superior personalizada<\/h2>\n<p>As nossas placas de restri\u00e7\u00e3o de bunker de carv\u00e3o personalizadas e de alta qualidade s\u00e3o cruciais para sistemas de gest\u00e3o de carv\u00e3o duradouros e fi\u00e1veis. Fabricadas em a\u00e7o robusto, como se pode ver na imagem, estas placas foram concebidas para resistir \u00e0 natureza abrasiva do carv\u00e3o e \u00e0s condi\u00e7\u00f5es exigentes dos dep\u00f3sitos de carv\u00e3o. Desempenham um papel crucial na gest\u00e3o da circula\u00e7\u00e3o e na limita\u00e7\u00e3o da capacidade do carv\u00e3o, impedindo o excesso de enchimento e garantindo a seguran\u00e7a funcional.<\/p>\n<p>Como fabricante dedicado, concentramo-nos na cria\u00e7\u00e3o de placas de restri\u00e7\u00e3o adaptadas aos requisitos das tarefas de pormenor, assegurando um melhor ajuste e uma efici\u00eancia \u00f3ptima. O nosso compromisso com a alta qualidade significa que cada placa oferece uma resist\u00eancia excecional ao desgaste e honestidade estrutural, contribuindo para a longevidade e fiabilidade do seu espa\u00e7o de armazenamento de carv\u00e3o e infraestrutura de comunica\u00e7\u00e3o. Estas placas s\u00e3o um componente essencial na manuten\u00e7\u00e3o de procedimentos seguros e sem falhas em centrais el\u00e9ctricas, centros mineiros e outras ind\u00fastrias pesadas.<\/p>","protected":false},"excerpt":{"rendered":"<p>As nossas placas de limite de bunker de carv\u00e3o em a\u00e7o personalizadas s\u00e3o concebidas para durabilidade em ambientes adversos. Concebidas para controlar o fluxo de carv\u00e3o e evitar o enchimento excessivo, garantem a seguran\u00e7a e a efici\u00eancia dos sistemas de manuseamento de carv\u00e3o. Como fabricantes, fornecemos placas resistentes ao desgaste e de alta qualidade, adaptadas \u00e0s suas necessidades industriais espec\u00edficas.<\/p>","protected":false},"featured_media":2300,"template":"","meta":{"_gspb_post_css":""},"product_brand":[],"product_cat":[15,22],"product_tag":[337,449,448],"class_list":{"0":"post-2299","1":"product","2":"type-product","3":"status-publish","4":"has-post-thumbnail","6":"product_cat-uhmwpe-hdpe-sheets-plates","7":"product_cat-coal-bunker-limit-plates","8":"product_tag-coal-bunker-plate","9":"product_tag-industrial-plate","10":"product_tag-steel-plate","12":"first","13":"instock","14":"shipping-taxable","15":"product-type-simple"},"_links":{"self":[{"href":"https:\/\/uhmwpemanufacture.com\/pt\/wp-json\/wp\/v2\/product\/2299","targetHints":{"allow":["GET"]}}],"collection":[{"href":"https:\/\/uhmwpemanufacture.com\/pt\/wp-json\/wp\/v2\/product"}],"about":[{"href":"https:\/\/uhmwpemanufacture.com\/pt\/wp-json\/wp\/v2\/types\/product"}],"wp:featuredmedia":[{"embeddable":true,"href":"https:\/\/uhmwpemanufacture.com\/pt\/wp-json\/wp\/v2\/media\/2300"}],"wp:attachment":[{"href":"https:\/\/uhmwpemanufacture.com\/pt\/wp-json\/wp\/v2\/media?parent=2299"}],"wp:term":[{"taxonomy":"product_brand","embeddable":true,"href":"https:\/\/uhmwpemanufacture.com\/pt\/wp-json\/wp\/v2\/product_brand?post=2299"},{"taxonomy":"product_cat","embeddable":true,"href":"https:\/\/uhmwpemanufacture.com\/pt\/wp-json\/wp\/v2\/product_cat?post=2299"},{"taxonomy":"product_tag","embeddable":true,"href":"https:\/\/uhmwpemanufacture.com\/pt\/wp-json\/wp\/v2\/product_tag?post=2299"}],"curies":[{"name":"wp","href":"https:\/\/api.w.org\/{rel}","templated":true}]}}