{"id":2306,"date":"2025-10-11T07:29:36","date_gmt":"2025-10-11T07:29:36","guid":{"rendered":"https:\/\/uhmwpemanufacture.com\/?post_type=product&#038;p=2306"},"modified":"2025-10-11T07:29:36","modified_gmt":"2025-10-11T07:29:36","slug":"crane-mats-polyethylene-stabilizer-outrigger-pads-supplier","status":"publish","type":"product","link":"https:\/\/uhmwpemanufacture.com\/pt\/crane-mats-polyethylene-stabilizer-outrigger-pads-supplier\/","title":{"rendered":"Fornecedor de tapetes de guindaste Almofadas estabilizadoras de polietileno para estabilizadores"},"content":{"rendered":"<h2 id=\"crane-mats-polyethylene-stabilizer-outrigger-pads\">Tapetes de guindaste Almofadas estabilizadoras de polietileno para estabilizadores<\/h2>\n<p>Os nossos tapetes para gruas e almofadas estabilizadoras de polietileno para estabilizadores s\u00e3o vitais para aumentar a prote\u00e7\u00e3o e a seguran\u00e7a durante as opera\u00e7\u00f5es de eleva\u00e7\u00e3o de cargas pesadas. Como se v\u00ea na imagem, estas almofadas s\u00e3o colocadas sob os p\u00e9s dos estabilizadores das gruas e de v\u00e1rias outras m\u00e1quinas pesadas para dispersar cargas significativas numa superf\u00edcie maior. Isto protege contra o afundamento em solo macio, protege as superf\u00edcies delicadas e fornece uma base est\u00e1vel e empresarial para os dispositivos.<\/p>\n<p>Produzidas a partir de polietileno de alta densidade (HDPE), estas almofadas de estabiliza\u00e7\u00e3o s\u00e3o excecionalmente resilientes, leves e resistentes \u00e0 \u00e1gua, a produtos qu\u00edmicos e a n\u00edveis de temperatura elevados. Ao contr\u00e1rio dos tradicionais revestimentos de madeira para pavimentos, n\u00e3o apodrecem, n\u00e3o se lascam nem absorvem a humidade, assegurando uma expetativa de vida muito mais longa e um desempenho consistente. Com gest\u00e3o incorporada para transporte e posicionamento simples, as nossas almofadas s\u00e3o a solu\u00e7\u00e3o adequada para garantir procedimentos seguros e eficientes de gruas e equipamento pesado em diferentes superf\u00edcies e mercados. Como fornecedor de confian\u00e7a, fornecemos almofadas para estabilizadores duradouras e fi\u00e1veis.<\/p>","protected":false},"excerpt":{"rendered":"<p>Os nossos tapetes de polietileno para estabiliza\u00e7\u00e3o de guindastes e equipamento pesado s\u00e3o essenciais. Estes tapetes leves e duradouros distribuem as cargas, evitam o afundamento e protegem as superf\u00edcies. Resistentes \u00e0 \u00e1gua e aos produtos qu\u00edmicos, garantem opera\u00e7\u00f5es seguras e eficientes em diversos terrenos. Essenciais para a constru\u00e7\u00e3o e a eleva\u00e7\u00e3o de cargas pesadas.<\/p>","protected":false},"featured_media":2310,"template":"","meta":{"_gspb_post_css":""},"product_brand":[],"product_cat":[15,20],"product_tag":[261,256,86],"class_list":{"0":"post-2306","1":"product","2":"type-product","3":"status-publish","4":"has-post-thumbnail","6":"product_cat-uhmwpe-hdpe-sheets-plates","7":"product_cat-crane-outrigger-pads","8":"product_tag-crane-mats","9":"product_tag-outrigger-pads","10":"product_tag-polyethylene-pads","12":"first","13":"instock","14":"shipping-taxable","15":"product-type-simple"},"_links":{"self":[{"href":"https:\/\/uhmwpemanufacture.com\/pt\/wp-json\/wp\/v2\/product\/2306","targetHints":{"allow":["GET"]}}],"collection":[{"href":"https:\/\/uhmwpemanufacture.com\/pt\/wp-json\/wp\/v2\/product"}],"about":[{"href":"https:\/\/uhmwpemanufacture.com\/pt\/wp-json\/wp\/v2\/types\/product"}],"wp:featuredmedia":[{"embeddable":true,"href":"https:\/\/uhmwpemanufacture.com\/pt\/wp-json\/wp\/v2\/media\/2310"}],"wp:attachment":[{"href":"https:\/\/uhmwpemanufacture.com\/pt\/wp-json\/wp\/v2\/media?parent=2306"}],"wp:term":[{"taxonomy":"product_brand","embeddable":true,"href":"https:\/\/uhmwpemanufacture.com\/pt\/wp-json\/wp\/v2\/product_brand?post=2306"},{"taxonomy":"product_cat","embeddable":true,"href":"https:\/\/uhmwpemanufacture.com\/pt\/wp-json\/wp\/v2\/product_cat?post=2306"},{"taxonomy":"product_tag","embeddable":true,"href":"https:\/\/uhmwpemanufacture.com\/pt\/wp-json\/wp\/v2\/product_tag?post=2306"}],"curies":[{"name":"wp","href":"https:\/\/api.w.org\/{rel}","templated":true}]}}