{"id":2311,"date":"2025-10-11T07:32:32","date_gmt":"2025-10-11T07:32:32","guid":{"rendered":"https:\/\/uhmwpemanufacture.com\/?post_type=product&#038;p=2311"},"modified":"2025-10-11T07:32:32","modified_gmt":"2025-10-11T07:32:32","slug":"high-quality-custom-smooth-surface-pe-floorball-dasher-boards","status":"publish","type":"product","link":"https:\/\/uhmwpemanufacture.com\/pt\/high-quality-custom-smooth-surface-pe-floorball-dasher-boards\/","title":{"rendered":"Placas de superf\u00edcie lisa personalizada de alta qualidade em PE para bolas de futebol de sal\u00e3o"},"content":{"rendered":"<h2 id=\"premium-quality-custom-made-smooth-surface-pe-floorball-dasher-boards\">Placas de superf\u00edcie lisa PE Floorball Dasher de qualidade superior feitas \u00e0 medida<\/h2>\n<p>As nossas t\u00e1buas de superf\u00edcie lisa personalizadas de PE (polietileno) para floorball, tal como se v\u00ea na fotografia, foram concebidas para produzir um ambiente de jogo superior para os amantes do floorball. Estas placas brancas elegantes proporcionam uma superf\u00edcie incrivelmente lisa, garantindo que a bola se move sem esfor\u00e7o ao longo do per\u00edmetro do ringue, melhorando a velocidade e a fluidez do jogo.<\/p>\n<p>Fabricadas a partir de polietileno de longa dura\u00e7\u00e3o, estas placas s\u00e3o extremamente dur\u00e1veis, resistentes ao impacto e desenvolvidas para resistir \u00e0s exig\u00eancias extensivas de um jogo acess\u00edvel. As suas capacidades de design personalizado permitem medidas e disposi\u00e7\u00f5es personalizadas para se adaptarem a qualquer sector de floorball interior ou exterior. F\u00e1ceis de limpar e de conservar, estas placas mant\u00eam o seu belo aspeto e a sua integridade arquitet\u00f3nica durante longos per\u00edodos. Perfeitas para clubes, faculdades e centros especializados, as nossas placas de floorball em PE proporcionam um limite livre de riscos, consistente e esteticamente atraente para uma a\u00e7\u00e3o interessante de floorball.<\/p>","protected":false},"excerpt":{"rendered":"<p>As nossas placas personalizadas de PE para floorball oferecem uma superf\u00edcie lisa e duradoura para um deslizamento \u00f3timo da bola. Fabricadas em polietileno de alta qualidade, s\u00e3o resistentes ao impacto e f\u00e1ceis de manter. Perfeitas para criar pistas de floorball de n\u00edvel profissional, estas placas garantem uma experi\u00eancia de jogo segura e r\u00e1pida.<\/p>","protected":false},"featured_media":2314,"template":"","meta":{"_gspb_post_css":""},"product_brand":[],"product_cat":[29,33],"product_tag":[450,451,385],"class_list":{"0":"post-2311","1":"product","2":"type-product","3":"status-publish","4":"has-post-thumbnail","6":"product_cat-ice-rink-products","7":"product_cat-floor-ball-dasher-boards","8":"product_tag-floorball-boards","9":"product_tag-pe-dasher-boards","10":"product_tag-sports-equipment","12":"first","13":"instock","14":"shipping-taxable","15":"product-type-simple"},"_links":{"self":[{"href":"https:\/\/uhmwpemanufacture.com\/pt\/wp-json\/wp\/v2\/product\/2311","targetHints":{"allow":["GET"]}}],"collection":[{"href":"https:\/\/uhmwpemanufacture.com\/pt\/wp-json\/wp\/v2\/product"}],"about":[{"href":"https:\/\/uhmwpemanufacture.com\/pt\/wp-json\/wp\/v2\/types\/product"}],"wp:featuredmedia":[{"embeddable":true,"href":"https:\/\/uhmwpemanufacture.com\/pt\/wp-json\/wp\/v2\/media\/2314"}],"wp:attachment":[{"href":"https:\/\/uhmwpemanufacture.com\/pt\/wp-json\/wp\/v2\/media?parent=2311"}],"wp:term":[{"taxonomy":"product_brand","embeddable":true,"href":"https:\/\/uhmwpemanufacture.com\/pt\/wp-json\/wp\/v2\/product_brand?post=2311"},{"taxonomy":"product_cat","embeddable":true,"href":"https:\/\/uhmwpemanufacture.com\/pt\/wp-json\/wp\/v2\/product_cat?post=2311"},{"taxonomy":"product_tag","embeddable":true,"href":"https:\/\/uhmwpemanufacture.com\/pt\/wp-json\/wp\/v2\/product_tag?post=2311"}],"curies":[{"name":"wp","href":"https:\/\/api.w.org\/{rel}","templated":true}]}}