{"id":2318,"date":"2025-10-11T07:36:11","date_gmt":"2025-10-11T07:36:11","guid":{"rendered":"https:\/\/uhmwpemanufacture.com\/?post_type=product&#038;p=2318"},"modified":"2025-10-11T07:36:11","modified_gmt":"2025-10-11T07:36:11","slug":"hard-plastic-sheets-hockey-practice-shooting-pads-vendor","status":"publish","type":"product","link":"https:\/\/uhmwpemanufacture.com\/pt\/hard-plastic-sheets-hockey-practice-shooting-pads-vendor\/","title":{"rendered":"Almofadas de pl\u00e1stico duro para treino de h\u00f3quei Almofadas de tiro Vendedor"},"content":{"rendered":"<h2 id=\"hard-plastic-sheets-hockey-technique-capturing-pads\">Folhas de pl\u00e1stico duro Almofadas de captura de t\u00e9cnicas de h\u00f3quei<\/h2>\n<p>As nossas folhas de pl\u00e1stico resistentes s\u00e3o concebidas como almofadas de captura de m\u00e9todo de h\u00f3quei de alta qualidade, ideais para jogadores que procuram aumentar as suas capacidades de manuseamento de stick, passe e tiro. Como se pode ver na imagem, estas folhas brancas resistentes fornecem uma superf\u00edcie lisa, semelhante \u00e0 do gelo, que permite que os discos deslizem facilmente, reproduzindo os problemas reais do gelo para um treino eficaz fora do gelo.<\/p>\n<p>Fabricadas a partir de produtos de pl\u00e1stico robustos, estas almofadas de tiro s\u00e3o desenvolvidas para resistir a influ\u00eancias duplicadas de discos e paus sem se partirem ou enfraquecerem. A sua constru\u00e7\u00e3o r\u00edgida garante uma \u00e1rea de treino segura e consistente, quer seja colocada numa garagem, cave ou quintal. Como fornecedor dedicado, fornecemos estas almofadas vers\u00e1teis e resistentes que s\u00e3o f\u00e1ceis de limpar, transportar e instalar, oferecendo uma excelente solu\u00e7\u00e3o para o m\u00e9todo de h\u00f3quei durante todo o ano. Melhore o seu jogo com uma superf\u00edcie de treino fora do gelo respeit\u00e1vel e duradoura.<\/p>","protected":false},"excerpt":{"rendered":"<p>As nossas folhas de pl\u00e1stico r\u00edgido s\u00e3o almofadas de remate de h\u00f3quei de primeira qualidade. Oferecem uma superf\u00edcie semelhante ao gelo para treino fora do gelo durante todo o ano, melhorando o stickhandling, o passe e o remate. Dur\u00e1veis e resistentes ao impacto, estas almofadas proporcionam uma \u00e1rea de treino consistente. Essenciais para os aspirantes a jogadores de h\u00f3quei.<\/p>","protected":false},"featured_media":2324,"template":"","meta":{"_gspb_post_css":""},"product_brand":[],"product_cat":[29,31],"product_tag":[410,452,445],"class_list":{"0":"post-2318","1":"product","2":"type-product","3":"status-publish","4":"has-post-thumbnail","6":"product_cat-ice-rink-products","7":"product_cat-hockey-practice-shooting-pads","8":"product_tag-hockey-practice","9":"product_tag-ockey-shooting-pad","10":"product_tag-plastic-sheet","12":"first","13":"instock","14":"shipping-taxable","15":"product-type-simple"},"_links":{"self":[{"href":"https:\/\/uhmwpemanufacture.com\/pt\/wp-json\/wp\/v2\/product\/2318","targetHints":{"allow":["GET"]}}],"collection":[{"href":"https:\/\/uhmwpemanufacture.com\/pt\/wp-json\/wp\/v2\/product"}],"about":[{"href":"https:\/\/uhmwpemanufacture.com\/pt\/wp-json\/wp\/v2\/types\/product"}],"wp:featuredmedia":[{"embeddable":true,"href":"https:\/\/uhmwpemanufacture.com\/pt\/wp-json\/wp\/v2\/media\/2324"}],"wp:attachment":[{"href":"https:\/\/uhmwpemanufacture.com\/pt\/wp-json\/wp\/v2\/media?parent=2318"}],"wp:term":[{"taxonomy":"product_brand","embeddable":true,"href":"https:\/\/uhmwpemanufacture.com\/pt\/wp-json\/wp\/v2\/product_brand?post=2318"},{"taxonomy":"product_cat","embeddable":true,"href":"https:\/\/uhmwpemanufacture.com\/pt\/wp-json\/wp\/v2\/product_cat?post=2318"},{"taxonomy":"product_tag","embeddable":true,"href":"https:\/\/uhmwpemanufacture.com\/pt\/wp-json\/wp\/v2\/product_tag?post=2318"}],"curies":[{"name":"wp","href":"https:\/\/api.w.org\/{rel}","templated":true}]}}