{"id":895,"date":"2025-09-27T03:56:27","date_gmt":"2025-09-27T03:56:27","guid":{"rendered":"https:\/\/uhmwpemanufacture.com\/?post_type=product&#038;p=895"},"modified":"2025-09-27T03:56:27","modified_gmt":"2025-09-27T03:56:27","slug":"crane-outrigger-pads-uhmwpe-stabilizer-plates-supplier-china","status":"publish","type":"product","link":"https:\/\/uhmwpemanufacture.com\/pt\/crane-outrigger-pads-uhmwpe-stabilizer-plates-supplier-china\/","title":{"rendered":"Placas estabilizadoras UHMWPE para guindaste Fornecedor de placas estabilizadoras China"},"content":{"rendered":"<h2>Almofadas de estabilizador de guindaste Placas estabilizadoras UHMWPE Fornecedor China<\/h2>\n<p>Almofadas de UHMWPE leves, mas de alta resist\u00eancia, espalham lotes de macacos para proteger o solo e evitar afundamentos. N\u00e3o condutoras, \u00e0 prova de corros\u00e3o e resistentes ao clima. Superf\u00edcie texturizada e antiderrapante com arestas biseladas e gest\u00e3o de tra\u00e7\u00e3o para uma coloca\u00e7\u00e3o segura. Ideal para gruas, elevadores a\u00e9reos e estabilizadores de ve\u00edculos em gravilha, relva ou asfalto. Tamanhos de 300 a 1200 mm, densidade de 20 a 100 mm, tonalidades personalizadas. Fabricado na China, com solu\u00e7\u00e3o r\u00e1pida de corte \u00e0 medida e expedi\u00e7\u00e3o r\u00e1pida.<\/p>","protected":false},"excerpt":{"rendered":"<p>As almofadas dos estabilizadores de grua em UHMWPE distribuem as cargas do macaco para proteger o solo e evitar o afundamento. Leves, n\u00e3o condutoras e \u00e0 prova de corros\u00e3o. Superf\u00edcie antiderrapante, cantos biselados, pegas de transporte. Tamanhos 300-1200 mm, 20-100 mm de espessura, corte \u00e0 medida. Ideal para gruas e elevadores. Fornecedor da China.<\/p>","protected":false},"featured_media":898,"template":"","meta":{"_gspb_post_css":""},"product_brand":[],"product_cat":[15,20],"product_tag":[58,64,63],"class_list":{"0":"post-895","1":"product","2":"type-product","3":"status-publish","4":"has-post-thumbnail","6":"product_cat-uhmwpe-hdpe-sheets-plates","7":"product_cat-crane-outrigger-pads","8":"product_tag-china-supplier","9":"product_tag-crane-stabilizer-plates","10":"product_tag-uhmwpe-outrigger-pads","12":"first","13":"instock","14":"shipping-taxable","15":"product-type-simple"},"_links":{"self":[{"href":"https:\/\/uhmwpemanufacture.com\/pt\/wp-json\/wp\/v2\/product\/895","targetHints":{"allow":["GET"]}}],"collection":[{"href":"https:\/\/uhmwpemanufacture.com\/pt\/wp-json\/wp\/v2\/product"}],"about":[{"href":"https:\/\/uhmwpemanufacture.com\/pt\/wp-json\/wp\/v2\/types\/product"}],"wp:featuredmedia":[{"embeddable":true,"href":"https:\/\/uhmwpemanufacture.com\/pt\/wp-json\/wp\/v2\/media\/898"}],"wp:attachment":[{"href":"https:\/\/uhmwpemanufacture.com\/pt\/wp-json\/wp\/v2\/media?parent=895"}],"wp:term":[{"taxonomy":"product_brand","embeddable":true,"href":"https:\/\/uhmwpemanufacture.com\/pt\/wp-json\/wp\/v2\/product_brand?post=895"},{"taxonomy":"product_cat","embeddable":true,"href":"https:\/\/uhmwpemanufacture.com\/pt\/wp-json\/wp\/v2\/product_cat?post=895"},{"taxonomy":"product_tag","embeddable":true,"href":"https:\/\/uhmwpemanufacture.com\/pt\/wp-json\/wp\/v2\/product_tag?post=895"}],"curies":[{"name":"wp","href":"https:\/\/api.w.org\/{rel}","templated":true}]}}