{"id":910,"date":"2025-09-27T06:03:20","date_gmt":"2025-09-27T06:03:20","guid":{"rendered":"https:\/\/uhmwpemanufacture.com\/?post_type=product&#038;p=910"},"modified":"2025-09-27T06:03:20","modified_gmt":"2025-09-27T06:03:20","slug":"coal-bunker-lining-plate-uhmwpe-wear-panels-supplier-china","status":"publish","type":"product","link":"https:\/\/uhmwpemanufacture.com\/pt\/coal-bunker-lining-plate-uhmwpe-wear-panels-supplier-china\/","title":{"rendered":"Placa de revestimento de bunker de carv\u00e3o Pain\u00e9is de desgaste UHMWPE Fornecedor China"},"content":{"rendered":"<h2>Placa de revestimento celular de bunker de carv\u00e3o Distribuidor de pain\u00e9is de desgaste UHMWPE China<\/h2>\n<p>Os pain\u00e9is de utiliza\u00e7\u00e3o em UHMWPE impedem a forma\u00e7\u00e3o de liga\u00e7\u00f5es e problemas nos abrigos e calhas de carv\u00e3o. A superf\u00edcie de baixa fric\u00e7\u00e3o e antiaderente permite que os finos e o carv\u00e3o h\u00famido deslizem de forma limpa; resistente \u00e0 abras\u00e3o e \u00e0 influ\u00eancia, \u00e0 prova de corros\u00e3o e silencioso em servi\u00e7o. Fornecido em folhas planas ou placas pr\u00e9-perfuradas para instala\u00e7\u00e3o posterior com parafusos. Dimens\u00f5es 1000 \u00d7 2000 e 1220 \u00d7 2440 mm, espessura 6- 100 mm, cortadas \u00e0 medida. As alternativas incluem anti-est\u00e1tico, retardador de chama e UV. Maquina\u00e7\u00e3o CNC e distribui\u00e7\u00e3o r\u00e1pida.<\/p>","protected":false},"excerpt":{"rendered":"<p>Os pain\u00e9is de desgaste em UHMWPE para dep\u00f3sitos e calhas de carv\u00e3o mant\u00eam o fluxo de material e impedem a forma\u00e7\u00e3o de pontes. De baixo atrito, resistentes \u00e0 abras\u00e3o e ao impacto, \u00e0 prova de corros\u00e3o e silenciosos. Fornecidos como placas planas ou pr\u00e9-perfuradas, cortadas \u00e0 medida. Tamanhos 1000\u00d72000\/1220\u00d72440 mm, 6-100 mm de espessura. Op\u00e7\u00f5es anti-est\u00e1ticas, FR. Fornecedor da China.<\/p>","protected":false},"featured_media":915,"template":"","meta":{"_gspb_post_css":""},"product_brand":[],"product_cat":[15,22],"product_tag":[58,67,68],"class_list":{"0":"post-910","1":"product","2":"type-product","3":"status-publish","4":"has-post-thumbnail","6":"product_cat-uhmwpe-hdpe-sheets-plates","7":"product_cat-coal-bunker-limit-plates","8":"product_tag-china-supplier","9":"product_tag-coal-bunker-lining","10":"product_tag-uhmwpe-wear-panels","12":"first","13":"instock","14":"shipping-taxable","15":"product-type-simple"},"_links":{"self":[{"href":"https:\/\/uhmwpemanufacture.com\/pt\/wp-json\/wp\/v2\/product\/910","targetHints":{"allow":["GET"]}}],"collection":[{"href":"https:\/\/uhmwpemanufacture.com\/pt\/wp-json\/wp\/v2\/product"}],"about":[{"href":"https:\/\/uhmwpemanufacture.com\/pt\/wp-json\/wp\/v2\/types\/product"}],"wp:featuredmedia":[{"embeddable":true,"href":"https:\/\/uhmwpemanufacture.com\/pt\/wp-json\/wp\/v2\/media\/915"}],"wp:attachment":[{"href":"https:\/\/uhmwpemanufacture.com\/pt\/wp-json\/wp\/v2\/media?parent=910"}],"wp:term":[{"taxonomy":"product_brand","embeddable":true,"href":"https:\/\/uhmwpemanufacture.com\/pt\/wp-json\/wp\/v2\/product_brand?post=910"},{"taxonomy":"product_cat","embeddable":true,"href":"https:\/\/uhmwpemanufacture.com\/pt\/wp-json\/wp\/v2\/product_cat?post=910"},{"taxonomy":"product_tag","embeddable":true,"href":"https:\/\/uhmwpemanufacture.com\/pt\/wp-json\/wp\/v2\/product_tag?post=910"}],"curies":[{"name":"wp","href":"https:\/\/api.w.org\/{rel}","templated":true}]}}