{"id":935,"date":"2025-09-27T09:00:28","date_gmt":"2025-09-27T09:00:28","guid":{"rendered":"https:\/\/uhmwpemanufacture.com\/?post_type=product&#038;p=935"},"modified":"2025-09-27T09:00:28","modified_gmt":"2025-09-27T09:00:28","slug":"base-mat-heavy-duty-ground-protection-road-mat-supplier","status":"publish","type":"product","link":"https:\/\/uhmwpemanufacture.com\/pt\/base-mat-heavy-duty-ground-protection-road-mat-supplier\/","title":{"rendered":"Fornecedor de tapete de base para prote\u00e7\u00e3o do solo para servi\u00e7o pesado"},"content":{"rendered":"<h2>Vis\u00e3o geral do tapete de base robusto<\/h2>\n<p>Os revestimentos de piso resilientes em PEAD com piso de rubi produzem estradas de curta dura\u00e7\u00e3o e plataformas de trabalho em relva, areia ou bet\u00e3o. Os pain\u00e9is est\u00e3o ligados a portas de a\u00e7o para criar superf\u00edcies est\u00e1veis para empilhadores, cami\u00f5es e gruas, protegendo o relvado e aumentando a ader\u00eancia. Reutiliz\u00e1veis, n\u00e3o absorventes e f\u00e1ceis de limpar. Dispon\u00edvel em preto ou amarelo de alta visibilidade. Adequado para estaleiros de constru\u00e7\u00e3o, eventos de arena, acessibilidade de servi\u00e7os p\u00fablicos, paisagismo e trabalhos em campos petrol\u00edferos.<\/p>","protected":false},"excerpt":{"rendered":"<p>Os tapetes de base em PEAD para trabalhos pesados com piso em diamante formam estradas tempor\u00e1rias e plataformas de trabalho. Os conectores de a\u00e7o bloqueiam os pain\u00e9is para transportar empilhadores, cami\u00f5es e gruas, protegendo a relva, o asfalto ou o bet\u00e3o. Antiderrapantes, n\u00e3o absorventes, f\u00e1ceis de limpar e reutiliz\u00e1veis. Dispon\u00edvel em preto ou amarelo de alta visibilidade.<\/p>","protected":false},"featured_media":936,"template":"","meta":{"_gspb_post_css":""},"product_brand":[],"product_cat":[24,26],"product_tag":[75,72,76],"class_list":{"0":"post-935","1":"product","2":"type-product","3":"status-publish","4":"has-post-thumbnail","6":"product_cat-ground-protection-road-mats","7":"product_cat-base-mats","8":"product_tag-base-mat","9":"product_tag-ground-protection-mats","10":"product_tag-temporary-road-mats","12":"first","13":"instock","14":"shipping-taxable","15":"product-type-simple"},"_links":{"self":[{"href":"https:\/\/uhmwpemanufacture.com\/pt\/wp-json\/wp\/v2\/product\/935","targetHints":{"allow":["GET"]}}],"collection":[{"href":"https:\/\/uhmwpemanufacture.com\/pt\/wp-json\/wp\/v2\/product"}],"about":[{"href":"https:\/\/uhmwpemanufacture.com\/pt\/wp-json\/wp\/v2\/types\/product"}],"wp:featuredmedia":[{"embeddable":true,"href":"https:\/\/uhmwpemanufacture.com\/pt\/wp-json\/wp\/v2\/media\/936"}],"wp:attachment":[{"href":"https:\/\/uhmwpemanufacture.com\/pt\/wp-json\/wp\/v2\/media?parent=935"}],"wp:term":[{"taxonomy":"product_brand","embeddable":true,"href":"https:\/\/uhmwpemanufacture.com\/pt\/wp-json\/wp\/v2\/product_brand?post=935"},{"taxonomy":"product_cat","embeddable":true,"href":"https:\/\/uhmwpemanufacture.com\/pt\/wp-json\/wp\/v2\/product_cat?post=935"},{"taxonomy":"product_tag","embeddable":true,"href":"https:\/\/uhmwpemanufacture.com\/pt\/wp-json\/wp\/v2\/product_tag?post=935"}],"curies":[{"name":"wp","href":"https:\/\/api.w.org\/{rel}","templated":true}]}}