{"id":949,"date":"2025-09-27T09:18:38","date_gmt":"2025-09-27T09:18:38","guid":{"rendered":"https:\/\/uhmwpemanufacture.com\/?post_type=product&#038;p=949"},"modified":"2025-09-27T09:18:38","modified_gmt":"2025-09-27T09:18:38","slug":"amphi-mat-heavy-duty-ground-protection-road-mat-supplier","status":"publish","type":"product","link":"https:\/\/uhmwpemanufacture.com\/pt\/amphi-mat-heavy-duty-ground-protection-road-mat-supplier\/","title":{"rendered":"Fornecedor de tapetes de prote\u00e7\u00e3o do solo para servi\u00e7o pesado Amphi Mat"},"content":{"rendered":"<h2>Tapete anf\u00edbio Seguran\u00e7a do solo<\/h2>\n<p>Os robustos revestimentos para pavimentos de prote\u00e7\u00e3o do solo Amphi Mat s\u00e3o fabricados em PEAD de alta resist\u00eancia com piso de rubi para maior ader\u00eancia e seguran\u00e7a. Proporcionam estradas e sistemas de acesso de curta dura\u00e7\u00e3o seguros e de utiliza\u00e7\u00e3o m\u00faltipla para m\u00e1quinas, protegendo o solo, o relvado ou o bet\u00e3o. Leves mas resistentes, estes revestimentos para pavimentos s\u00e3o f\u00e1ceis de montar, t\u00eam liga\u00e7\u00f5es firmes e suportam toneladas pesadas. Perfeitos para constru\u00e7\u00e3o, eventos exteriores, paisagismo e tarefas industriais.<\/p>","protected":false},"excerpt":{"rendered":"<p>Os tapetes de prote\u00e7\u00e3o do solo para trabalhos pesados Amphi Mat foram concebidos para criar estradas e plataformas de trabalho tempor\u00e1rias est\u00e1veis. Fabricados em HDPE dur\u00e1vel com banda de rodagem em diamante, suportam maquinaria pesada, protegem o solo, a relva e o bet\u00e3o e s\u00e3o reutiliz\u00e1veis, f\u00e1ceis de instalar e resistentes \u00e0s intemp\u00e9ries para v\u00e1rios projectos.<\/p>","protected":false},"featured_media":950,"template":"","meta":{"_gspb_post_css":""},"product_brand":[],"product_cat":[24,28],"product_tag":[78,72,79],"class_list":{"0":"post-949","1":"product","2":"type-product","3":"status-publish","4":"has-post-thumbnail","6":"product_cat-ground-protection-road-mats","7":"product_cat-amphi-mats","8":"product_tag-amphi-mat","9":"product_tag-ground-protection-mats","10":"product_tag-heavy-duty-road-mats","12":"first","13":"instock","14":"shipping-taxable","15":"product-type-simple"},"_links":{"self":[{"href":"https:\/\/uhmwpemanufacture.com\/pt\/wp-json\/wp\/v2\/product\/949","targetHints":{"allow":["GET"]}}],"collection":[{"href":"https:\/\/uhmwpemanufacture.com\/pt\/wp-json\/wp\/v2\/product"}],"about":[{"href":"https:\/\/uhmwpemanufacture.com\/pt\/wp-json\/wp\/v2\/types\/product"}],"wp:featuredmedia":[{"embeddable":true,"href":"https:\/\/uhmwpemanufacture.com\/pt\/wp-json\/wp\/v2\/media\/950"}],"wp:attachment":[{"href":"https:\/\/uhmwpemanufacture.com\/pt\/wp-json\/wp\/v2\/media?parent=949"}],"wp:term":[{"taxonomy":"product_brand","embeddable":true,"href":"https:\/\/uhmwpemanufacture.com\/pt\/wp-json\/wp\/v2\/product_brand?post=949"},{"taxonomy":"product_cat","embeddable":true,"href":"https:\/\/uhmwpemanufacture.com\/pt\/wp-json\/wp\/v2\/product_cat?post=949"},{"taxonomy":"product_tag","embeddable":true,"href":"https:\/\/uhmwpemanufacture.com\/pt\/wp-json\/wp\/v2\/product_tag?post=949"}],"curies":[{"name":"wp","href":"https:\/\/api.w.org\/{rel}","templated":true}]}}