{"id":956,"date":"2025-09-27T09:23:38","date_gmt":"2025-09-27T09:23:38","guid":{"rendered":"https:\/\/uhmwpemanufacture.com\/?post_type=product&#038;p=956"},"modified":"2025-09-27T09:23:38","modified_gmt":"2025-09-27T09:23:38","slug":"trak-mat-heavy-duty-ground-protection-road-mat-supplier","status":"publish","type":"product","link":"https:\/\/uhmwpemanufacture.com\/pt\/trak-mat-heavy-duty-ground-protection-road-mat-supplier\/","title":{"rendered":"Fornecedor de tapetes de prote\u00e7\u00e3o do solo para servi\u00e7o pesado Trak Mat"},"content":{"rendered":"<h2>Trak Mat Defesa no solo<\/h2>\n<p>Os robustos tapetes de prote\u00e7\u00e3o do solo Trak Mat s\u00e3o fabricados em HDPE resistente com uma superf\u00edcie de piso em diamante para uma ader\u00eancia s\u00f3lida. Proporcionam vias de acesso moment\u00e2neas sem riscos e de utiliza\u00e7\u00e3o m\u00faltipla e sistemas de trabalho est\u00e1veis para carros e equipamentos pesados. F\u00e1ceis de gerir, resistentes \u00e0s intemp\u00e9ries e duradouros, estes tapetes protegem a terra, a relva e as superf\u00edcies pavimentadas. Perfeitos para projectos de constru\u00e7\u00e3o, energia, eventos e paisagismo.<\/p>","protected":false},"excerpt":{"rendered":"<p class=\"sr-only\"><span style=\"font-size: 16px;\">Os tapetes de prote\u00e7\u00e3o do solo para trabalhos pesados Trak Mat s\u00e3o fabricados em PEAD dur\u00e1vel com piso de diamante para tra\u00e7\u00e3o. Criam estradas e plataformas de trabalho tempor\u00e1rias seguras, suportando maquinaria pesada e protegendo a relva, o solo ou o bet\u00e3o. Reutiliz\u00e1veis, f\u00e1ceis de instalar e ideais para constru\u00e7\u00e3o e eventos.<\/span><\/p>","protected":false},"featured_media":957,"template":"","meta":{"_gspb_post_css":""},"product_brand":[],"product_cat":[24,26],"product_tag":[72,79,80],"class_list":{"0":"post-956","1":"product","2":"type-product","3":"status-publish","4":"has-post-thumbnail","6":"product_cat-ground-protection-road-mats","7":"product_cat-base-mats","8":"product_tag-ground-protection-mats","9":"product_tag-heavy-duty-road-mats","10":"product_tag-trak-mat","12":"first","13":"instock","14":"shipping-taxable","15":"product-type-simple"},"_links":{"self":[{"href":"https:\/\/uhmwpemanufacture.com\/pt\/wp-json\/wp\/v2\/product\/956","targetHints":{"allow":["GET"]}}],"collection":[{"href":"https:\/\/uhmwpemanufacture.com\/pt\/wp-json\/wp\/v2\/product"}],"about":[{"href":"https:\/\/uhmwpemanufacture.com\/pt\/wp-json\/wp\/v2\/types\/product"}],"wp:featuredmedia":[{"embeddable":true,"href":"https:\/\/uhmwpemanufacture.com\/pt\/wp-json\/wp\/v2\/media\/957"}],"wp:attachment":[{"href":"https:\/\/uhmwpemanufacture.com\/pt\/wp-json\/wp\/v2\/media?parent=956"}],"wp:term":[{"taxonomy":"product_brand","embeddable":true,"href":"https:\/\/uhmwpemanufacture.com\/pt\/wp-json\/wp\/v2\/product_brand?post=956"},{"taxonomy":"product_cat","embeddable":true,"href":"https:\/\/uhmwpemanufacture.com\/pt\/wp-json\/wp\/v2\/product_cat?post=956"},{"taxonomy":"product_tag","embeddable":true,"href":"https:\/\/uhmwpemanufacture.com\/pt\/wp-json\/wp\/v2\/product_tag?post=956"}],"curies":[{"name":"wp","href":"https:\/\/api.w.org\/{rel}","templated":true}]}}