{"id":970,"date":"2025-09-27T09:52:42","date_gmt":"2025-09-27T09:52:42","guid":{"rendered":"https:\/\/uhmwpemanufacture.com\/?post_type=product&#038;p=970"},"modified":"2025-09-27T09:52:42","modified_gmt":"2025-09-27T09:52:42","slug":"ice-synthetic-panel-high-quality-skating-surface-supplier","status":"publish","type":"product","link":"https:\/\/uhmwpemanufacture.com\/pt\/ice-synthetic-panel-high-quality-skating-surface-supplier\/","title":{"rendered":"Painel sint\u00e9tico para gelo Fornecedor de superf\u00edcie de patinagem de alta qualidade"},"content":{"rendered":"<h2>Fornecedor de pain\u00e9is sint\u00e9ticos de gelo de alta qualidade para superf\u00edcies de patinagem<\/h2>\n<p>Os nossos pain\u00e9is sint\u00e9ticos de gelo s\u00e3o fabricados em polietileno de custos, proporcionando uma superf\u00edcie de patinagem suave e duradoura para treinos e eventos durante todo o ano. Criados para se assemelharem ao gelo real, estes pain\u00e9is garantem um deslizamento extraordin\u00e1rio para o h\u00f3quei, a patinagem art\u00edstica e o entretenimento. F\u00e1ceis de montar e manter, s\u00e3o ideais para arenas interiores, pistas exteriores e configura\u00e7\u00f5es port\u00e1teis. A sua elevada resist\u00eancia ao desgaste e ao impacto proporciona uma efici\u00eancia duradoura, reduzindo os custos de manuten\u00e7\u00e3o. Perfeitos para centros de treino, centros desportivos e amantes da patinagem, estes pain\u00e9is desenvolvem uma experi\u00eancia de confian\u00e7a semelhante \u00e0 do gelo sem refrigera\u00e7\u00e3o, proporcionando solu\u00e7\u00f5es ecol\u00f3gicas e econ\u00f3micas.<\/p>","protected":false},"excerpt":{"rendered":"<article class=\"text-token-text-primary w-full focus:outline-none scroll-mt-[calc(var(--header-height)+min(200px,max(70px,20svh)))]\" dir=\"auto\" tabindex=\"-1\" data-turn-id=\"request-WEB:994ccca5-ea79-445f-851c-ad03f161d53e-26\" data-testid=\"conversation-turn-54\" data-scroll-anchor=\"true\" data-turn=\"assistant\">\n<div class=\"text-base my-auto mx-auto pb-10 [--thread-content-margin:--spacing(4)] thread-sm:[--thread-content-margin:--spacing(6)] thread-lg:[--thread-content-margin:--spacing(16)] px-(--thread-content-margin)\">\n<div class=\"[--thread-content-max-width:40rem] thread-lg:[--thread-content-max-width:48rem] mx-auto max-w-(--thread-content-max-width) flex-1 group\/turn-messages focus-visible:outline-hidden relative flex w-full min-w-0 flex-col agent-turn\" tabindex=\"-1\">\n<div class=\"flex max-w-full flex-col grow\">\n<div class=\"min-h-8 text-message relative flex w-full flex-col items-end gap-2 text-start break-words whitespace-normal [.text-message+&amp;]:mt-5\" dir=\"auto\" data-message-author-role=\"assistant\" data-message-id=\"fdd7369b-5595-4b7b-86b5-3e946394eb24\" data-message-model-slug=\"gpt-5-instant\">\n<div class=\"flex w-full flex-col gap-1 empty:hidden first:pt-[3px]\">\n<div class=\"markdown prose dark:prose-invert w-full break-words light markdown-new-styling\">\n<p data-start=\"0\" data-end=\"295\" data-is-last-node=\"\" data-is-only-node=\"\">Ice synthetic panels made from durable polyethylene provide a smooth, long-lasting skating surface for training and recreational use. Ideal for indoor or outdoor rinks, these panels deliver consistent glide, easy installation, and low maintenance, ensuring a reliable ice alternative year-round.<\/p>\n<\/div>\n<\/div>\n<\/div>\n<\/div>\n<div class=\"z-0 flex min-h-[46px] justify-start\"><\/div>\n<div class=\"mt-3 w-full empty:hidden\">\n<div class=\"text-center\"><\/div>\n<\/div>\n<\/div>\n<\/div>\n<\/article>\n<div class=\"pointer-events-none h-px w-px\" aria-hidden=\"true\" data-edge=\"true\"><\/div>\n","protected":false},"featured_media":972,"template":"","meta":{"_gspb_post_css":""},"product_brand":[],"product_cat":[29,32],"product_tag":[87,89,88],"class_list":{"0":"post-970","1":"product","2":"type-product","3":"status-publish","4":"has-post-thumbnail","6":"product_cat-ice-rink-products","7":"product_cat-ice-synthetic-panels","8":"product_tag-ice-synthetic-panels","9":"product_tag-polyethylene-panels","10":"product_tag-skating-surface-supplier","12":"first","13":"instock","14":"shipping-taxable","15":"product-type-simple"},"_links":{"self":[{"href":"https:\/\/uhmwpemanufacture.com\/pt\/wp-json\/wp\/v2\/product\/970","targetHints":{"allow":["GET"]}}],"collection":[{"href":"https:\/\/uhmwpemanufacture.com\/pt\/wp-json\/wp\/v2\/product"}],"about":[{"href":"https:\/\/uhmwpemanufacture.com\/pt\/wp-json\/wp\/v2\/types\/product"}],"wp:featuredmedia":[{"embeddable":true,"href":"https:\/\/uhmwpemanufacture.com\/pt\/wp-json\/wp\/v2\/media\/972"}],"wp:attachment":[{"href":"https:\/\/uhmwpemanufacture.com\/pt\/wp-json\/wp\/v2\/media?parent=970"}],"wp:term":[{"taxonomy":"product_brand","embeddable":true,"href":"https:\/\/uhmwpemanufacture.com\/pt\/wp-json\/wp\/v2\/product_brand?post=970"},{"taxonomy":"product_cat","embeddable":true,"href":"https:\/\/uhmwpemanufacture.com\/pt\/wp-json\/wp\/v2\/product_cat?post=970"},{"taxonomy":"product_tag","embeddable":true,"href":"https:\/\/uhmwpemanufacture.com\/pt\/wp-json\/wp\/v2\/product_tag?post=970"}],"curies":[{"name":"wp","href":"https:\/\/api.w.org\/{rel}","templated":true}]}}