{"id":975,"date":"2025-09-27T09:57:08","date_gmt":"2025-09-27T09:57:08","guid":{"rendered":"https:\/\/uhmwpemanufacture.com\/?post_type=product&#038;p=975"},"modified":"2025-09-27T09:57:08","modified_gmt":"2025-09-27T09:57:08","slug":"floor-ball-dasher-boards-high-quality-polyethylene-supplier","status":"publish","type":"product","link":"https:\/\/uhmwpemanufacture.com\/pt\/floor-ball-dasher-boards-high-quality-polyethylene-supplier\/","title":{"rendered":"Placas de ch\u00e3o de bola Dasher Fornecedor de polietileno de alta qualidade"},"content":{"rendered":"<h2>Pranchas de ch\u00e3o em polietileno de alta qualidade Vendedor<\/h2>\n<p>As nossas placas de pavimenta\u00e7\u00e3o de bolas s\u00e3o fabricadas em polietileno de primeira qualidade, garantindo durabilidade, superf\u00edcies lisas e uma excelente resist\u00eancia aos efeitos. Desenvolvidas para instala\u00e7\u00f5es de actividades desportivas especializadas e de lazer, estas placas proporcionam um sistema de rebordo seguro e respeit\u00e1vel para o pavimento de campos redondos. A estrutura de polietileno torna-as leves mas exigentes, proporcionando uma efici\u00eancia resistente com uma manuten\u00e7\u00e3o m\u00ednima. F\u00e1ceis de instalar e resistentes \u00e0s intemp\u00e9ries, s\u00e3o adequadas tanto para utiliza\u00e7\u00e3o no interior como no exterior. Com um fabrico consistente de alta qualidade e elevada precis\u00e3o, estes pain\u00e9is proporcionam uma experi\u00eancia de jogo superior aos atletas, preservando simultaneamente as normas de seguran\u00e7a e resist\u00eancia.<\/p>","protected":false},"excerpt":{"rendered":"<p>As placas de pavimento para bolas fabricadas em polietileno de alta qualidade oferecem uma forte resist\u00eancia ao impacto, superf\u00edcies lisas e um desempenho duradouro. Ideais para recintos desportivos, s\u00e3o f\u00e1ceis de instalar, de baixa manuten\u00e7\u00e3o e adequados para campos interiores e exteriores, garantindo seguran\u00e7a e durabilidade.<\/p>","protected":false},"featured_media":976,"template":"","meta":{"_gspb_post_css":""},"product_brand":[],"product_cat":[29,33],"product_tag":[90,91,92],"class_list":{"0":"post-975","1":"product","2":"type-product","3":"status-publish","4":"has-post-thumbnail","6":"product_cat-ice-rink-products","7":"product_cat-floor-ball-dasher-boards","8":"product_tag-floor-ball-boards","9":"product_tag-polyethylene-dasher-boards","10":"product_tag-sports-arena-supplier","12":"first","13":"instock","14":"shipping-taxable","15":"product-type-simple"},"_links":{"self":[{"href":"https:\/\/uhmwpemanufacture.com\/pt\/wp-json\/wp\/v2\/product\/975","targetHints":{"allow":["GET"]}}],"collection":[{"href":"https:\/\/uhmwpemanufacture.com\/pt\/wp-json\/wp\/v2\/product"}],"about":[{"href":"https:\/\/uhmwpemanufacture.com\/pt\/wp-json\/wp\/v2\/types\/product"}],"wp:featuredmedia":[{"embeddable":true,"href":"https:\/\/uhmwpemanufacture.com\/pt\/wp-json\/wp\/v2\/media\/976"}],"wp:attachment":[{"href":"https:\/\/uhmwpemanufacture.com\/pt\/wp-json\/wp\/v2\/media?parent=975"}],"wp:term":[{"taxonomy":"product_brand","embeddable":true,"href":"https:\/\/uhmwpemanufacture.com\/pt\/wp-json\/wp\/v2\/product_brand?post=975"},{"taxonomy":"product_cat","embeddable":true,"href":"https:\/\/uhmwpemanufacture.com\/pt\/wp-json\/wp\/v2\/product_cat?post=975"},{"taxonomy":"product_tag","embeddable":true,"href":"https:\/\/uhmwpemanufacture.com\/pt\/wp-json\/wp\/v2\/product_tag?post=975"}],"curies":[{"name":"wp","href":"https:\/\/api.w.org\/{rel}","templated":true}]}}